{"id":20178,"date":"2025-09-11T16:16:13","date_gmt":"2025-09-11T14:16:13","guid":{"rendered":"https:\/\/store.astieks.com\/product\/vista-alegre-bicos-cinza-pitcher-grey\/"},"modified":"2026-03-23T18:06:11","modified_gmt":"2026-03-23T16:06:11","slug":"vista-alegre-bicos-cinza-pitcher-grey","status":"publish","type":"product","link":"https:\/\/store.astieks.com\/ru\/product\/vista-alegre-bicos-cinza-pitcher-grey\/","title":{"rendered":"VISTA ALEGRE \u041a\u0443\u0432\u0448\u0438\u043d Bicos, \u0421\u0435\u0440\u044b\u0439"},"content":{"rendered":"","protected":false},"excerpt":{"rendered":"<p><b>\u041f\u0435\u0440\u0435\u043d\u0435\u0441\u0435\u043d\u043e \u0432 \u043d\u0430\u0448\u0438 \u0434\u043d\u0438.<\/b><\/p>\n<p>\u041f\u0435\u0440\u0432\u043e\u0435 \u0438\u0437\u0432\u0435\u0441\u0442\u043d\u043e\u0435 \u0443\u043f\u043e\u043c\u0438\u043d\u0430\u043d\u0438\u0435 \u043e\u0431 \u044d\u0442\u0438\u0445 \u0431\u043e\u043a\u0430\u043b\u0430\u0445, \u0438\u0437\u0432\u0435\u0441\u0442\u043d\u044b\u0445 \u043a\u0430\u043a \u00ab\u0431\u0438\u043a\u0438\u043d\u044c\u043e\u0441\u00bb (\u0448\u0438\u043f\u044b), \u0441\u043e\u0434\u0435\u0440\u0436\u0438\u0442\u0441\u044f \u0432 \u043a\u0430\u0442\u0430\u043b\u043e\u0433\u0435 \u043a\u043e\u043c\u043f\u0430\u043d\u0438\u0438 Nova F\u00e1brica de Vidros Marinha Grande 1901 \u0433\u043e\u0434\u0430.<br \/>\u042d\u0442\u043e\u0442 \u0442\u0438\u043f \u0441\u0442\u0435\u043a\u043b\u0430, \u043e\u0442\u043d\u043e\u0441\u044f\u0449\u0438\u0439\u0441\u044f \u043a \u0442\u0440\u0430\u0434\u0438\u0446\u0438\u0438 \u0430\u043b\u043c\u0430\u0437\u043d\u043e\u0439 \u043e\u0433\u0440\u0430\u043d\u043a\u0438, \u043f\u0440\u043e\u0438\u0437\u0432\u043e\u0434\u0438\u043b\u0441\u044f \u0432 XIX \u0432\u0435\u043a\u0435 \u0441 \u0438\u0441\u043f\u043e\u043b\u044c\u0437\u043e\u0432\u0430\u043d\u0438\u0435\u043c \u0442\u0435\u0445\u043d\u0438\u043a\u0438 \u0440\u0443\u0447\u043d\u043e\u0439 \u043e\u0433\u0440\u0430\u043d\u043a\u0438. <\/p>\n<p>Hiljem hakati seda komplekti tootma pressmeetodil, mida kasutatakse t\u00e4nap\u00e4evani. On huvitav, et 20. sajandi esimesel veerandil peeti seda vanamoodsaks, kuid t\u00e4nap\u00e4eval on see taas v\u00e4ga moes. <\/p>\n","protected":false},"featured_media":16584,"template":"","meta":{"_acf_changed":false},"product_brand":[685],"product_cat":[244,267,272],"product_tag":[],"class_list":{"0":"post-20178","1":"product","2":"type-product","3":"status-publish","4":"has-post-thumbnail","6":"product_brand-vista-alegre","7":"product_cat-244","8":"product_cat-267","9":"product_cat-272","10":"nt-post-class","11":"","17":"first","18":"instock","19":"taxable","20":"shipping-taxable","21":"purchasable","22":"product-type-simple"},"acf":[],"_links":{"self":[{"href":"https:\/\/store.astieks.com\/ru\/wp-json\/wp\/v2\/product\/20178","targetHints":{"allow":["GET"]}}],"collection":[{"href":"https:\/\/store.astieks.com\/ru\/wp-json\/wp\/v2\/product"}],"about":[{"href":"https:\/\/store.astieks.com\/ru\/wp-json\/wp\/v2\/types\/product"}],"version-history":[{"count":1,"href":"https:\/\/store.astieks.com\/ru\/wp-json\/wp\/v2\/product\/20178\/revisions"}],"predecessor-version":[{"id":20219,"href":"https:\/\/store.astieks.com\/ru\/wp-json\/wp\/v2\/product\/20178\/revisions\/20219"}],"wp:featuredmedia":[{"embeddable":true,"href":"https:\/\/store.astieks.com\/ru\/wp-json\/wp\/v2\/media\/16584"}],"wp:attachment":[{"href":"https:\/\/store.astieks.com\/ru\/wp-json\/wp\/v2\/media?parent=20178"}],"wp:term":[{"taxonomy":"product_brand","embeddable":true,"href":"https:\/\/store.astieks.com\/ru\/wp-json\/wp\/v2\/product_brand?post=20178"},{"taxonomy":"product_cat","embeddable":true,"href":"https:\/\/store.astieks.com\/ru\/wp-json\/wp\/v2\/product_cat?post=20178"},{"taxonomy":"product_tag","embeddable":true,"href":"https:\/\/store.astieks.com\/ru\/wp-json\/wp\/v2\/product_tag?post=20178"}],"curies":[{"name":"wp","href":"https:\/\/api.w.org\/{rel}","templated":true}]}}