{"id":14100,"date":"2025-08-11T15:32:07","date_gmt":"2025-08-11T13:32:07","guid":{"rendered":"https:\/\/test.astieks.com\/product\/danhera-nimfa-refill-500-ml\/"},"modified":"2025-08-11T15:32:07","modified_gmt":"2025-08-11T13:32:07","slug":"danhera-nimfa-refill-500-ml","status":"publish","type":"product","link":"https:\/\/store.astieks.com\/ru\/product\/danhera-nimfa-refill-500-ml\/","title":{"rendered":"DANHERA NIMFA \u0420\u0435\u0444\u0438\u043b 500 \u043c\u043b"},"content":{"rendered":"<p>\u0412\u0435\u0447\u043d\u043e\u0435 \u043e\u0431\u0430\u044f\u043d\u0438\u0435 \u044e\u043d\u044b\u0445 \u043d\u0438\u043c\u0444 \u2014 \u043f\u0440\u0435\u043a\u0440\u0430\u0441\u043d\u044b\u0445 \u0434\u0435\u0442\u0441\u043a\u0438\u0445 \u0431\u043e\u0433\u0438\u043d\u044c, \u0438\u0437\u044f\u0449\u043d\u043e \u0442\u0430\u043d\u0446\u0443\u044e\u0449\u0438\u0445 \u0432\u043c\u0435\u0441\u0442\u0435 \u0441 \u0413\u0435\u0440\u043e\u0439 \u0432 \u0421\u0430\u0434\u0443 \u0413\u0435\u0441\u043f\u0435\u0440\u0438\u0434, \u043c\u0435\u0441\u0442\u0435, \u0433\u0434\u0435 \u043d\u0435\u0432\u0438\u043d\u043d\u043e\u0441\u0442\u044c \u0438 \u0447\u0443\u0432\u0441\u0442\u0432\u0435\u043d\u043d\u043e\u0441\u0442\u044c \u043d\u0435\u0440\u0430\u0437\u0440\u044b\u0432\u043d\u043e \u0441\u043e\u0441\u0443\u0449\u0435\u0441\u0442\u0432\u0443\u044e\u0442, \u0432 \u043c\u0438\u0441\u0442\u0438\u0447\u0435\u0441\u043a\u043e\u043c \u0441\u043e\u0447\u0435\u0442\u0430\u043d\u0438\u0438 \u0433\u0435\u043b\u0438\u043e\u0442\u0440\u043e\u043f\u0430 \u0438 \u0441\u0430\u043d\u0434\u0430\u043b\u0430. Nimfa \u2014 \u044d\u0442\u043e \u0430\u0440\u043e\u043c\u0430\u0442, \u043a\u043e\u0442\u043e\u0440\u044b\u0439 \u0432\u043e\u043e\u0434\u0443\u0448\u0435\u0432\u043b\u044f\u0435\u0442, \u043f\u0440\u0438\u043d\u043e\u0441\u0438\u0442 \u0440\u0430\u0434\u043e\u0441\u0442\u044c \u0438 \u0443\u0432\u0435\u043a\u043e\u0432\u0435\u0447\u0438\u0432\u0430\u0435\u0442 \u043e\u0447\u0430\u0440\u043e\u0432\u0430\u043d\u0438\u0435. <\/p>\n<p><strong>\u0412 \u043a\u043e\u043c\u043f\u043b\u0435\u043a\u0442 \u0432\u0445\u043e\u0434\u044f\u0442:<\/strong><\/p>\n<ul>\n<li style=\"list-style-type: none;\">\n<ul>\n<li>\u0411\u0443\u0442\u044b\u043b\u043a\u0430 \u0438\u0437 \u043f\u0435\u0440\u0435\u0440\u0430\u0431\u0430\u0442\u044b\u0432\u0430\u0435\u043c\u043e\u0433\u043e \u043f\u043b\u0430\u0441\u0442\u0438\u043a\u0430<\/li>\n<\/ul>\n<\/li>\n<\/ul>\n","protected":false},"excerpt":{"rendered":"<p>L\u00f5hn NIMFA maxi-t\u00e4itepakendis, loodud teie dekantri ja pihusti t\u00e4iendamiseks.<\/p>\n","protected":false},"featured_media":13696,"template":"","meta":{"_acf_changed":false},"product_brand":[482],"product_cat":[246,254,258],"product_tag":[],"class_list":{"0":"post-14100","1":"product","2":"type-product","3":"status-publish","4":"has-post-thumbnail","6":"product_brand-danhera-ru","7":"product_cat-246","8":"product_cat-254","9":"product_cat-258","10":"nt-post-class","11":"","17":"first","18":"instock","19":"taxable","20":"shipping-taxable","21":"purchasable","22":"product-type-simple"},"acf":[],"_links":{"self":[{"href":"https:\/\/store.astieks.com\/ru\/wp-json\/wp\/v2\/product\/14100","targetHints":{"allow":["GET"]}}],"collection":[{"href":"https:\/\/store.astieks.com\/ru\/wp-json\/wp\/v2\/product"}],"about":[{"href":"https:\/\/store.astieks.com\/ru\/wp-json\/wp\/v2\/types\/product"}],"version-history":[{"count":0,"href":"https:\/\/store.astieks.com\/ru\/wp-json\/wp\/v2\/product\/14100\/revisions"}],"wp:featuredmedia":[{"embeddable":true,"href":"https:\/\/store.astieks.com\/ru\/wp-json\/wp\/v2\/media\/13696"}],"wp:attachment":[{"href":"https:\/\/store.astieks.com\/ru\/wp-json\/wp\/v2\/media?parent=14100"}],"wp:term":[{"taxonomy":"product_brand","embeddable":true,"href":"https:\/\/store.astieks.com\/ru\/wp-json\/wp\/v2\/product_brand?post=14100"},{"taxonomy":"product_cat","embeddable":true,"href":"https:\/\/store.astieks.com\/ru\/wp-json\/wp\/v2\/product_cat?post=14100"},{"taxonomy":"product_tag","embeddable":true,"href":"https:\/\/store.astieks.com\/ru\/wp-json\/wp\/v2\/product_tag?post=14100"}],"curies":[{"name":"wp","href":"https:\/\/api.w.org\/{rel}","templated":true}]}}