{"id":21561,"date":"2026-05-08T15:01:12","date_gmt":"2026-05-08T13:01:12","guid":{"rendered":"https:\/\/store.astieks.com\/product\/astieks-gift-card-50-e\/"},"modified":"2026-05-08T15:27:02","modified_gmt":"2026-05-08T13:27:02","slug":"astieks-gift-card-50-e","status":"publish","type":"product","link":"https:\/\/store.astieks.com\/et\/product\/astieks-gift-card-50-e\/","title":{"rendered":"ASTIEKS Kinkekaart 50 \u20ac"},"content":{"rendered":"<p>ASTIEKS kinkekaart \u2013 ideaalne kingitus igaks t\u00e4htp\u00e4evaks.<br \/>\nKinkekaardid on saadaval v\u00e4\u00e4rtuses:<br \/>\n\u2022 50 \u20ac<br \/>\n\u2022 100 \u20ac<br \/>\n\u2022 150 \u20ac<br \/>\nKui soovite kinkekaarti m\u00f5nes muus summas, v\u00f5tke meiega \u00fchendust \u2013 valmistame Teile personaalse lahenduse.<br \/>\nKinkekaardi saate:<br \/>\n\u2022 f\u00fc\u00fcsilisel kujul meie salongist<br \/>\n\u2022 digitaalsel kujul e-maili teel<br \/>\nKui soovite digitaalset kinkekaarti, palume sellest tellimuse j\u00e4rel meile e-maili teel teada anda.<\/p>\n","protected":false},"excerpt":{"rendered":"<p>ASTIEKS kinkekaart \u2013 ideaalne kingitus igaks t\u00e4htp\u00e4evaks. Kinkekaardid on saadaval v\u00e4\u00e4rtuses: \u2022 50 \u20ac \u2022 100 \u20ac \u2022 150 \u20ac Kui soovite kinkekaarti m\u00f5nes muus summas, v\u00f5tke meiega \u00fchendust \u2013 valmistame Teile personaalse lahenduse. Kinkekaardi saate: \u2022 f\u00fc\u00fcsilisel kujul meie salongist \u2022 digitaalsel kujul e-maili teel Kui soovite digitaalset kinkekaarti, palume sellest tellimuse j\u00e4rel meile&#8230;<\/p>\n","protected":false},"featured_media":21551,"template":"","meta":{"_acf_changed":false},"product_brand":[],"product_cat":[243,720],"product_tag":[],"class_list":{"0":"post-21561","1":"product","2":"type-product","3":"status-publish","4":"has-post-thumbnail","6":"product_cat-kingitused","7":"product_cat-kinkekaart","8":"nt-post-class","9":"","12":"excerpt-none","15":"first","16":"instock","17":"taxable","18":"shipping-taxable","19":"purchasable","20":"product-type-simple"},"acf":[],"_links":{"self":[{"href":"https:\/\/store.astieks.com\/et\/wp-json\/wp\/v2\/product\/21561","targetHints":{"allow":["GET"]}}],"collection":[{"href":"https:\/\/store.astieks.com\/et\/wp-json\/wp\/v2\/product"}],"about":[{"href":"https:\/\/store.astieks.com\/et\/wp-json\/wp\/v2\/types\/product"}],"version-history":[{"count":1,"href":"https:\/\/store.astieks.com\/et\/wp-json\/wp\/v2\/product\/21561\/revisions"}],"predecessor-version":[{"id":21578,"href":"https:\/\/store.astieks.com\/et\/wp-json\/wp\/v2\/product\/21561\/revisions\/21578"}],"wp:featuredmedia":[{"embeddable":true,"href":"https:\/\/store.astieks.com\/et\/wp-json\/wp\/v2\/media\/21551"}],"wp:attachment":[{"href":"https:\/\/store.astieks.com\/et\/wp-json\/wp\/v2\/media?parent=21561"}],"wp:term":[{"taxonomy":"product_brand","embeddable":true,"href":"https:\/\/store.astieks.com\/et\/wp-json\/wp\/v2\/product_brand?post=21561"},{"taxonomy":"product_cat","embeddable":true,"href":"https:\/\/store.astieks.com\/et\/wp-json\/wp\/v2\/product_cat?post=21561"},{"taxonomy":"product_tag","embeddable":true,"href":"https:\/\/store.astieks.com\/et\/wp-json\/wp\/v2\/product_tag?post=21561"}],"curies":[{"name":"wp","href":"https:\/\/api.w.org\/{rel}","templated":true}]}}