{"id":21255,"date":"2026-04-23T13:58:19","date_gmt":"2026-04-23T11:58:19","guid":{"rendered":"https:\/\/store.astieks.com\/product\/vista-alegre-naipes-case-with-vodka-decanter-and-4-shot-glasses\/"},"modified":"2026-04-23T13:58:19","modified_gmt":"2026-04-23T11:58:19","slug":"vista-alegre-naipes-case-with-vodka-decanter-and-4-shot-glasses","status":"publish","type":"product","link":"https:\/\/store.astieks.com\/et\/product\/vista-alegre-naipes-case-with-vodka-decanter-and-4-shot-glasses\/","title":{"rendered":"VISTA ALEGRE Naipes komplekt viinakarahvin ja 4 viinapitsi"},"content":{"rendered":"<div><span style=\"white-space: normal; word-spacing: 0px; text-transform: none; float: none; text-align: left; orphans: 2; widows: 2; display: inline !important; letter-spacing: normal; text-indent: 0px; font-variant-ligatures: normal; font-variant-caps: normal; -webkit-text-stroke-width: 0px; text-decoration-thickness: initial; text-decoration-style: initial; text-decoration-color: initial;\"><span style=\"color: #222222;\">\u00d5iges koguses muudavad m\u00f5ned pahed elu ahvatlevamaks. <\/span><\/span>Miks mitte kutsuda s\u00f5brad kaardim\u00e4ngule ning pakkuda k\u00f5rvale hoolikalt valitud jooke? Lisa sellele Vista Alegre kristalli elegants \u2013 ja sul ongi l\u00f5putu valik erilisi hetki.<br \/>See stiilne komplekt sisaldab Naipes kollektsiooni viinakaraafi ja nelja pitsiklaasi. Iga ese on valmistatud suure hoole ja t\u00e4psusega: kaunistatud kulladetailidega, t\u00e4ielikult k\u00e4sitsi maalitud ning k\u00e4sitsi valmistatud k\u00f5rgeimate kvaliteedistandardite j\u00e4rgi.   <\/div>\n","protected":false},"excerpt":{"rendered":"<p>Stiil: kaasaegne<\/p>\n<p>Tootet\u00fc\u00fcp: kristall (30%)<\/p>\n<p>Kaal (ilma pakendita): 2150 g<\/p>\n<p>Kasutuspiirangud:<br \/>Ei sobi kasutamiseks mikrolaineahjus.<br \/>Ei sobi pesemiseks n\u00f5udepesumasinas. <\/p>\n<p>&nbsp;<\/p>\n","protected":false},"featured_media":16918,"template":"","meta":{"_acf_changed":false},"product_brand":[494],"product_cat":[243,273,268,706],"product_tag":[],"class_list":{"0":"post-21255","1":"product","2":"type-product","3":"status-publish","4":"has-post-thumbnail","6":"product_brand-vista-alegre-et","7":"product_cat-kingitused","8":"product_cat-klaasnoud","9":"product_cat-lauanoud","10":"product_cat-viin","11":"nt-post-class","12":"","18":"first","19":"instock","20":"taxable","21":"shipping-taxable","22":"purchasable","23":"product-type-simple"},"acf":[],"_links":{"self":[{"href":"https:\/\/store.astieks.com\/et\/wp-json\/wp\/v2\/product\/21255","targetHints":{"allow":["GET"]}}],"collection":[{"href":"https:\/\/store.astieks.com\/et\/wp-json\/wp\/v2\/product"}],"about":[{"href":"https:\/\/store.astieks.com\/et\/wp-json\/wp\/v2\/types\/product"}],"version-history":[{"count":0,"href":"https:\/\/store.astieks.com\/et\/wp-json\/wp\/v2\/product\/21255\/revisions"}],"wp:featuredmedia":[{"embeddable":true,"href":"https:\/\/store.astieks.com\/et\/wp-json\/wp\/v2\/media\/16918"}],"wp:attachment":[{"href":"https:\/\/store.astieks.com\/et\/wp-json\/wp\/v2\/media?parent=21255"}],"wp:term":[{"taxonomy":"product_brand","embeddable":true,"href":"https:\/\/store.astieks.com\/et\/wp-json\/wp\/v2\/product_brand?post=21255"},{"taxonomy":"product_cat","embeddable":true,"href":"https:\/\/store.astieks.com\/et\/wp-json\/wp\/v2\/product_cat?post=21255"},{"taxonomy":"product_tag","embeddable":true,"href":"https:\/\/store.astieks.com\/et\/wp-json\/wp\/v2\/product_tag?post=21255"}],"curies":[{"name":"wp","href":"https:\/\/api.w.org\/{rel}","templated":true}]}}