{"id":21244,"date":"2026-04-22T17:08:41","date_gmt":"2026-04-22T15:08:41","guid":{"rendered":"https:\/\/store.astieks.com\/product\/lalique-horse-sculpture-small-size\/"},"modified":"2026-04-22T17:08:41","modified_gmt":"2026-04-22T15:08:41","slug":"lalique-horse-sculpture-small-size","status":"publish","type":"product","link":"https:\/\/store.astieks.com\/et\/product\/lalique-horse-sculpture-small-size\/","title":{"rendered":"LALIQUE T\u00f5usev Hobuse Skulptuur, V\u00e4ike Suurus"},"content":{"rendered":"<p data-start=\"42\" data-end=\"411\">Tuline ja majesteetlik, t\u00f5usev hobune seisab uhkelt, kehastades nii elegantsi kui ka j\u00f5udu. Vabaduse \u00fclima s\u00fcmbolina v\u00f5lub see legendaarselt \u00f5ilsa olendi graatsia ja iluga. Oma satiinist poleeritud kristallkarvas, mis on tardunud harmoonilisse liikumisse, kehastab t\u00f5usev hobune inimkonna suurima vallutuse olemust: vaba vaimu, julgust ja heldust.  <\/p>\n<p data-start=\"608\" data-end=\"737\" data-is-last-node=\"\" data-is-only-node=\"\">L\u00e4bipaistev kristall<br data-start=\"635\" data-end=\"638\">Suurused: H 16.1 x L 10.1 x W 5.8 cm<br data-start=\"680\" data-end=\"683\" data-is-only-node=\"\">Kaal: 0.5 kg<br data-start=\"701\" data-end=\"704\">K\u00e4sitsi valmistatud Prantsusmaal<\/p>\n","protected":false},"excerpt":{"rendered":"<p>Lalique t\u00e4histab 2026. aastat, Hiina astroloogias hobuse aastat, kahe uue skulptuuriga. Seikleja, karismaatilise ja lojaalsuse m\u00e4rk, tema loomus on sihikindel ja kirglik. <\/p>\n","protected":false},"featured_media":19454,"template":"","meta":{"_acf_changed":false},"product_brand":[647],"product_cat":[476,243],"product_tag":[],"class_list":{"0":"post-21244","1":"product","2":"type-product","3":"status-publish","4":"has-post-thumbnail","6":"product_brand-lalique","7":"product_cat-skulptuurid","8":"product_cat-kingitused","9":"nt-post-class","10":"","16":"first","17":"outofstock","18":"taxable","19":"shipping-taxable","20":"purchasable","21":"product-type-simple"},"acf":[],"_links":{"self":[{"href":"https:\/\/store.astieks.com\/et\/wp-json\/wp\/v2\/product\/21244","targetHints":{"allow":["GET"]}}],"collection":[{"href":"https:\/\/store.astieks.com\/et\/wp-json\/wp\/v2\/product"}],"about":[{"href":"https:\/\/store.astieks.com\/et\/wp-json\/wp\/v2\/types\/product"}],"version-history":[{"count":0,"href":"https:\/\/store.astieks.com\/et\/wp-json\/wp\/v2\/product\/21244\/revisions"}],"wp:featuredmedia":[{"embeddable":true,"href":"https:\/\/store.astieks.com\/et\/wp-json\/wp\/v2\/media\/19454"}],"wp:attachment":[{"href":"https:\/\/store.astieks.com\/et\/wp-json\/wp\/v2\/media?parent=21244"}],"wp:term":[{"taxonomy":"product_brand","embeddable":true,"href":"https:\/\/store.astieks.com\/et\/wp-json\/wp\/v2\/product_brand?post=21244"},{"taxonomy":"product_cat","embeddable":true,"href":"https:\/\/store.astieks.com\/et\/wp-json\/wp\/v2\/product_cat?post=21244"},{"taxonomy":"product_tag","embeddable":true,"href":"https:\/\/store.astieks.com\/et\/wp-json\/wp\/v2\/product_tag?post=21244"}],"curies":[{"name":"wp","href":"https:\/\/api.w.org\/{rel}","templated":true}]}}