{"id":21232,"date":"2026-04-21T17:35:56","date_gmt":"2026-04-21T15:35:56","guid":{"rendered":"https:\/\/store.astieks.com\/product\/edzard-set-of-4-permanent-candles-cornelius-height-8-cm-o-6-cm\/"},"modified":"2026-04-22T17:27:29","modified_gmt":"2026-04-22T15:27:29","slug":"edzard-set-of-4-permanent-candles-cornelius-height-8-cm-o-6-cm","status":"publish","type":"product","link":"https:\/\/store.astieks.com\/et\/product\/edzard-set-of-4-permanent-candles-cornelius-height-8-cm-o-6-cm\/","title":{"rendered":"EDZARD 4-osaline Cornelius\u2019i kauakestvate k\u00fc\u00fcnalde komplekt (k\u00f5rgus 8 cm, \u00f8 6 cm)"},"content":{"rendered":"<p style=\"font-weight: 400;\">Avastage meie innovatiivsed \u201cCornelius\u201d teek\u00fc\u00fcnlad, mis nutikalt \u00fchendavad klassikalise k\u00fc\u00fcnla eelised ja v\u00e4limuse teek\u00fc\u00fcnla mugavusega! Need k\u00fc\u00fcnlad on UV- ja kuumuskindlad, seega ei deformeeru p\u00e4ikesevalguse ega radiaatorite l\u00e4heduses tekkiva soojuse t\u00f5ttu. Cornelius teek\u00fc\u00fcnal on korduvkasutatav, kuna p\u00f5leb vaid sisestatud teek\u00fc\u00fcnal. T\u00e4nu tugevale plastikule on k\u00fc\u00fcnlal pikk kasutusiga ning teek\u00fc\u00fcnla t\u00f5ttu on see eriti ohutu.   <\/p>\n<p style=\"font-weight: 400;\">KAHEPOOLNE KASUTUS: K\u00fc\u00fcnalt saab asetada m\u00f5lemalt poolt \u2014 teek\u00fc\u00fcnla hoidja soon erineb m\u00f5lemal k\u00fcljel, sobitudes nii standardsete teek\u00fc\u00fcnalde kui ka k\u00f5rgemate dekoratiivsete akr\u00fc\u00fclist teek\u00fc\u00fcnaldega (l\u00e4bipaistev kest).<\/p>\n<p style=\"font-weight: 400;\">ROMANTILINE &amp; OHUTU: EDZARD Cornelius teek\u00fc\u00fcnal \u00fchendab klassikalise k\u00fc\u00fcnla ilu teek\u00fc\u00fcnla ohutusega, luues rahuliku \u00f5hkkonna.<\/p>\n<p style=\"font-weight: 400;\">KAUAKESTEV: Innovatiivne EDZARD teek\u00fc\u00fcnla hoidja on korduvkasutatav t\u00e4nu vahetatavale teek\u00fc\u00fcnlale \u2014 lihtsalt vaheta p\u00f5lenud teek\u00fc\u00fcnal uue vastu.<\/p>\n<p style=\"font-weight: 400;\">SAADAVAD SUURUSED: See Cornelius teek\u00fc\u00fcnla hoidja versioon on EDZARDis saadaval ka teistes suurustes. Selle k\u00fc\u00fcnla l\u00e4bim\u00f5\u00f5t on 6 cm ja see on m\u00f5eldud standardteek\u00fc\u00fcnaldele. <\/p>\n<p style=\"font-weight: 400;\">Teie eelised: n\u00f5udepesumasinas pestav kuni 90\u00b0 | k\u00fc\u00fcnlavaha v\u00e4limus | sobib \u0441\u0442\u0430\u043d\u0434\u0430\u0440\u0442setele teek\u00fc\u00fcnaldele ja dekoratiivsetele akr\u00fc\u00fclteek\u00fc\u00fcnaldele | UV-kindel | komplekt 4 tk Cornelius | k\u00f5rgus 8 cm | \u00d8 6 cm<\/p>\n<p style=\"font-weight: 400;\">\u2026 mitte ainult paljud kliendid ei ole veendunud, vaid ka Saksa Innovatsiooniauhinna \u017e\u00fcrii tunnustas meie Cornelius k\u00fc\u00fcnalt eripreemiaga. Veendu ise!<\/p>\n","protected":false},"excerpt":{"rendered":"<p data-start=\"0\" data-end=\"74\">K\u00fc\u00fcnla kujuga k\u00fc\u00fcnal, mis n\u00e4eb v\u00e4lja nagu p\u00e4ris k\u00fc\u00fcnal, kuid on sama ohutu kui teek\u00fc\u00fcnal<br \/>Dekoratiivne plastikust k\u00fc\u00fcnal, sobib nii sise- kui v\u00e4litingimustesse<br \/>K\u00fc\u00fcnla imitatsioon on korduvkasutatav t\u00e4nu vahetatavale teek\u00fc\u00fcnlale<br \/>N\u00f5udepesumasinakindel ja UV-kindel ohutusk\u00fc\u00fcnal   <\/p>\n<p data-start=\"0\" data-end=\"74\">V\u00e4rvus: valge<br data-start=\"12\" data-end=\"15\">K\u00f5rgus: 8 cm<br data-start=\"27\" data-end=\"30\">K\u00fc\u00fcnla t\u00fc\u00fcp: Klassikaline<br data-start=\"50\" data-end=\"53\">Omadused: Kuumuskindel kuni 90 \u00b0C, UV-kindel<br data-start=\"102\" data-end=\"105\">Teek\u00fc\u00fcnla suurus: Standardteek\u00fc\u00fcnal<\/p>\n","protected":false},"featured_media":21221,"template":"","meta":{"_acf_changed":false},"product_brand":[488],"product_cat":[457,480],"product_tag":[],"class_list":{"0":"post-21232","1":"product","2":"type-product","3":"status-publish","4":"has-post-thumbnail","6":"product_brand-edzard-et","7":"product_cat-christmass-time-et","8":"product_cat-kuunlajalg","9":"nt-post-class","10":"","16":"first","17":"instock","18":"sale","19":"taxable","20":"shipping-taxable","21":"purchasable","22":"product-type-simple"},"acf":[],"_links":{"self":[{"href":"https:\/\/store.astieks.com\/et\/wp-json\/wp\/v2\/product\/21232","targetHints":{"allow":["GET"]}}],"collection":[{"href":"https:\/\/store.astieks.com\/et\/wp-json\/wp\/v2\/product"}],"about":[{"href":"https:\/\/store.astieks.com\/et\/wp-json\/wp\/v2\/types\/product"}],"version-history":[{"count":2,"href":"https:\/\/store.astieks.com\/et\/wp-json\/wp\/v2\/product\/21232\/revisions"}],"predecessor-version":[{"id":21235,"href":"https:\/\/store.astieks.com\/et\/wp-json\/wp\/v2\/product\/21232\/revisions\/21235"}],"wp:featuredmedia":[{"embeddable":true,"href":"https:\/\/store.astieks.com\/et\/wp-json\/wp\/v2\/media\/21221"}],"wp:attachment":[{"href":"https:\/\/store.astieks.com\/et\/wp-json\/wp\/v2\/media?parent=21232"}],"wp:term":[{"taxonomy":"product_brand","embeddable":true,"href":"https:\/\/store.astieks.com\/et\/wp-json\/wp\/v2\/product_brand?post=21232"},{"taxonomy":"product_cat","embeddable":true,"href":"https:\/\/store.astieks.com\/et\/wp-json\/wp\/v2\/product_cat?post=21232"},{"taxonomy":"product_tag","embeddable":true,"href":"https:\/\/store.astieks.com\/et\/wp-json\/wp\/v2\/product_tag?post=21232"}],"curies":[{"name":"wp","href":"https:\/\/api.w.org\/{rel}","templated":true}]}}