{"id":21195,"date":"2026-04-21T14:02:18","date_gmt":"2026-04-21T12:02:18","guid":{"rendered":"https:\/\/store.astieks.com\/product\/heliosa-993-grey-infrared-heater\/"},"modified":"2026-04-21T14:02:18","modified_gmt":"2026-04-21T12:02:18","slug":"heliosa-993-grey-infrared-heater","status":"publish","type":"product","link":"https:\/\/store.astieks.com\/et\/product\/heliosa-993-grey-infrared-heater\/","title":{"rendered":"HELIOSA 993 hall infrapunakiirgur"},"content":{"rendered":"<div style=\"font-size: small; text-decoration: none; font-family: 'Calibri'; font-weight: normal; color: #000000; font-style: normal; display: inline;\">\n<div dir=\"ltr\">\n<div style=\"font-size: 10pt; font-family: 'Arial'; color: #000000;\">\n<div>Disainitud infrapunakiirgurite sari, mis on loodud arhitektidele, disaineritele, HoReCa-sektorile ja eraklientidele.<\/div>\n<div>Heliosa professionaalsed infrapunakiirgurid sobivad suurep\u00e4raselt verandade, terrasside ja v\u00e4lialade soojendamiseks kohtades, kus on oluline nii elegants kui ka tagasihoidlik v\u00e4limus.<\/div>\n<div>Heliosa \u00fchendab maksimaalse soojusv\u00f5imsuse ja stiilse disaini, mis sobitub harmooniliselt igasse keskkonda.<\/div>\n<\/div>\n<\/div>\n<\/div>\n","protected":false},"excerpt":{"rendered":"<div style=\"font-size: small; text-decoration: none; font-family: 'Calibri'; font-weight: normal; color: #000000; font-style: normal; display: inline;\">\n<div dir=\"ltr\">\n<div style=\"font-size: 10pt; font-family: 'Arial'; color: #000000;\">\n<div>Seadet saab h\u00f5lpsasti reguleerida nii suuna kui k\u00f5rguse osas \u2013 painduvad k\u00fctteelemendi hoovad v\u00f5imaldavad suunata infrapunasoojuse t\u00e4pselt soovitud alale.<\/div>\n<div>Sobib v\u00e4litingimustesse<\/div>\n<div>V\u00f5imsus: 3000 W (2 \u00d7 1500 W)<\/div>\n<div>Kaitseklass: IPX5 \u2013 vihma- ja pritsmekindel (patenteeritud lahendus)<\/div>\n<div>Komplektis:<br \/>4 m elektrikaabel<br \/>Schuko pistik<br \/>roostevabast terasest kaitsev\u00f5re<br \/>eraldi sisse-\/v\u00e4ljal\u00fclitusnupud statiivi k\u00fcljes<\/div>\n<div>Turvalisuse tagamiseks on seadmel automaatne v\u00e4ljal\u00fclitus kukkumise korral.<\/div>\n<div>K\u00fcttekeha ja raam on valmistatud v\u00e4rvitud malmterasest.<\/div>\n<div>K\u00f6etav pindala: umbes 22\u201324 m\u00b2<\/div>\n<\/div>\n<\/div>\n<\/div>\n","protected":false},"featured_media":14281,"template":"","meta":{"_acf_changed":false},"product_brand":[679],"product_cat":[385],"product_tag":[],"class_list":{"0":"post-21195","1":"product","2":"type-product","3":"status-publish","4":"has-post-thumbnail","6":"product_brand-star-progetti","7":"product_cat-valiseadmed","8":"nt-post-class","9":"","15":"first","16":"instock","17":"sale","18":"taxable","19":"shipping-taxable","20":"purchasable","21":"product-type-simple"},"acf":[],"_links":{"self":[{"href":"https:\/\/store.astieks.com\/et\/wp-json\/wp\/v2\/product\/21195","targetHints":{"allow":["GET"]}}],"collection":[{"href":"https:\/\/store.astieks.com\/et\/wp-json\/wp\/v2\/product"}],"about":[{"href":"https:\/\/store.astieks.com\/et\/wp-json\/wp\/v2\/types\/product"}],"version-history":[{"count":0,"href":"https:\/\/store.astieks.com\/et\/wp-json\/wp\/v2\/product\/21195\/revisions"}],"wp:featuredmedia":[{"embeddable":true,"href":"https:\/\/store.astieks.com\/et\/wp-json\/wp\/v2\/media\/14281"}],"wp:attachment":[{"href":"https:\/\/store.astieks.com\/et\/wp-json\/wp\/v2\/media?parent=21195"}],"wp:term":[{"taxonomy":"product_brand","embeddable":true,"href":"https:\/\/store.astieks.com\/et\/wp-json\/wp\/v2\/product_brand?post=21195"},{"taxonomy":"product_cat","embeddable":true,"href":"https:\/\/store.astieks.com\/et\/wp-json\/wp\/v2\/product_cat?post=21195"},{"taxonomy":"product_tag","embeddable":true,"href":"https:\/\/store.astieks.com\/et\/wp-json\/wp\/v2\/product_tag?post=21195"}],"curies":[{"name":"wp","href":"https:\/\/api.w.org\/{rel}","templated":true}]}}