{"id":21191,"date":"2026-04-20T17:47:03","date_gmt":"2026-04-20T15:47:03","guid":{"rendered":"https:\/\/store.astieks.com\/product\/heliosa-tower-white-infrared-heater\/"},"modified":"2026-04-20T17:47:03","modified_gmt":"2026-04-20T15:47:03","slug":"heliosa-tower-white-infrared-heater","status":"publish","type":"product","link":"https:\/\/store.astieks.com\/et\/product\/heliosa-tower-white-infrared-heater\/","title":{"rendered":"HELIOSA TOWER White Infrapuna kiirgur"},"content":{"rendered":"<p>Disainimaailma, arhitektide ja Ho.Re.Ca. sektori ning eraklientide jaoks loodud kiirgusk\u00fcttekehade sari.<br \/>\nHeliosa professionaalsed infrapuna soojendid on loodud verandade, terrasside ja patio\u2019de k\u00fctmiseks keskkondades, kus on oluline maksimaalne elegants ja tagasihoidlikkus.<br \/>\nHeliosa pakub maksimaalset soojusv\u00f5imsust koos stiilse disainiga, mis sobitub igasse keskkonda.<\/p>\n","protected":false},"excerpt":{"rendered":"<p>\u00f5randal seisva mudeli komplektis on alus ja kaks Heliosa 66 k\u00fctteseadet, mida saab vertikaalselt ja horisontaalselt reguleerida.<br \/>\nSobib nii sise- kui ka v\u00e4listingimustes kasutamiseks.<br \/>\nV\u00f5imsus 3000 W (2 x 1500 W)<br \/>\nIPX5 kaitseklass: vihma- ja pritsmekindel (patenteeritud)<br \/>\nLisatarvikud: 5-meetrine toitejuhe &#8211; Schuko pistik &#8211; 32A t\u00f6\u00f6stuspistik &#8211; 2 toitenuppu samaaegseks ja eraldi aktiveerimiseks &#8211; TILT-l\u00fcliti automaatseks v\u00e4ljal\u00fclitamiseks l\u00f6\u00f6gi v\u00f5i kukkumise korral &#8211; 2 kaitsev\u00f5ret k\u00fctteseadmetele.<br \/>\nV\u00e4rv: valge<br \/>\nK\u00f6etav pindala: umbes 35\u201340 m2<\/p>\n","protected":false},"featured_media":14362,"template":"","meta":{"_acf_changed":false},"product_brand":[679],"product_cat":[385],"product_tag":[],"class_list":{"0":"post-21191","1":"product","2":"type-product","3":"status-publish","4":"has-post-thumbnail","6":"product_brand-star-progetti","7":"product_cat-valiseadmed","8":"nt-post-class","9":"","15":"first","16":"instock","17":"sale","18":"taxable","19":"shipping-taxable","20":"purchasable","21":"product-type-simple"},"acf":[],"_links":{"self":[{"href":"https:\/\/store.astieks.com\/et\/wp-json\/wp\/v2\/product\/21191","targetHints":{"allow":["GET"]}}],"collection":[{"href":"https:\/\/store.astieks.com\/et\/wp-json\/wp\/v2\/product"}],"about":[{"href":"https:\/\/store.astieks.com\/et\/wp-json\/wp\/v2\/types\/product"}],"version-history":[{"count":0,"href":"https:\/\/store.astieks.com\/et\/wp-json\/wp\/v2\/product\/21191\/revisions"}],"wp:featuredmedia":[{"embeddable":true,"href":"https:\/\/store.astieks.com\/et\/wp-json\/wp\/v2\/media\/14362"}],"wp:attachment":[{"href":"https:\/\/store.astieks.com\/et\/wp-json\/wp\/v2\/media?parent=21191"}],"wp:term":[{"taxonomy":"product_brand","embeddable":true,"href":"https:\/\/store.astieks.com\/et\/wp-json\/wp\/v2\/product_brand?post=21191"},{"taxonomy":"product_cat","embeddable":true,"href":"https:\/\/store.astieks.com\/et\/wp-json\/wp\/v2\/product_cat?post=21191"},{"taxonomy":"product_tag","embeddable":true,"href":"https:\/\/store.astieks.com\/et\/wp-json\/wp\/v2\/product_tag?post=21191"}],"curies":[{"name":"wp","href":"https:\/\/api.w.org\/{rel}","templated":true}]}}