{"id":21097,"date":"2026-04-15T17:02:45","date_gmt":"2026-04-15T15:02:45","guid":{"rendered":"https:\/\/store.astieks.com\/product\/lalique-hirondelles-small-vase-grey-crystal\/"},"modified":"2026-04-15T17:02:45","modified_gmt":"2026-04-15T15:02:45","slug":"lalique-hirondelles-small-vase-grey-crystal","status":"publish","type":"product","link":"https:\/\/store.astieks.com\/et\/product\/lalique-hirondelles-small-vase-grey-crystal\/","title":{"rendered":"LALIQUE Hirondelles V\u00e4ike vaas, hall kristall"},"content":{"rendered":"<p>Materjal: hall kristall<br \/>M\u00f5\u00f5dud: K 15 cm \u00d7 D 8 cm<br \/>Kaal: 0,75 kg<\/p>\n","protected":false},"excerpt":{"rendered":"<p>Maison\u2019i 130. aastap\u00e4eva t\u00e4histamiseks viib uus kollektsioon meid selle asutaja loodud m\u00f5\u00f5tmatu p\u00e4randi s\u00fcdamesse. Loomariigi motiivide seas inspireeris p\u00e4\u00e4suke eriti Ren\u00e9 Lalique\u2019i, kes tegi sellest hiljem paljude oma ehete ja dekoratiivesemete keskse kujundi. <\/p>\n<p>Imetluse ja austusega selle suure kunstniku vastu t\u00f5lgendab Lalique uuesti p\u00e4\u00e4sukese kuju, mis kordub Meistri loomingus ning on kevade kuulutaja, \u00f5nne ja vabaduse s\u00fcmbol.<\/p>\n<p>Lalique\u2019ile omasest satiinviimistlusega ja taas poleeritud kristallist vormitud p\u00e4\u00e4sukesed on k\u00f5rvutatud graafilisse kordusm\u00e4ngu.<\/p>\n","protected":false},"featured_media":21005,"template":"","meta":{"_acf_changed":false},"product_brand":[647],"product_cat":[285,283],"product_tag":[],"class_list":{"0":"post-21097","1":"product","2":"type-product","3":"status-publish","4":"has-post-thumbnail","6":"product_brand-lalique","7":"product_cat-kristall","8":"product_cat-vaasid","9":"nt-post-class","10":"","16":"first","17":"instock","18":"taxable","19":"shipping-taxable","20":"purchasable","21":"product-type-simple"},"acf":[],"_links":{"self":[{"href":"https:\/\/store.astieks.com\/et\/wp-json\/wp\/v2\/product\/21097","targetHints":{"allow":["GET"]}}],"collection":[{"href":"https:\/\/store.astieks.com\/et\/wp-json\/wp\/v2\/product"}],"about":[{"href":"https:\/\/store.astieks.com\/et\/wp-json\/wp\/v2\/types\/product"}],"version-history":[{"count":0,"href":"https:\/\/store.astieks.com\/et\/wp-json\/wp\/v2\/product\/21097\/revisions"}],"wp:featuredmedia":[{"embeddable":true,"href":"https:\/\/store.astieks.com\/et\/wp-json\/wp\/v2\/media\/21005"}],"wp:attachment":[{"href":"https:\/\/store.astieks.com\/et\/wp-json\/wp\/v2\/media?parent=21097"}],"wp:term":[{"taxonomy":"product_brand","embeddable":true,"href":"https:\/\/store.astieks.com\/et\/wp-json\/wp\/v2\/product_brand?post=21097"},{"taxonomy":"product_cat","embeddable":true,"href":"https:\/\/store.astieks.com\/et\/wp-json\/wp\/v2\/product_cat?post=21097"},{"taxonomy":"product_tag","embeddable":true,"href":"https:\/\/store.astieks.com\/et\/wp-json\/wp\/v2\/product_tag?post=21097"}],"curies":[{"name":"wp","href":"https:\/\/api.w.org\/{rel}","templated":true}]}}