{"id":21091,"date":"2026-04-15T17:20:29","date_gmt":"2026-04-15T15:20:29","guid":{"rendered":"https:\/\/store.astieks.com\/product\/lalique-dahlia-clear-crystal-perfume-bottle-no-4\/"},"modified":"2026-04-15T17:20:29","modified_gmt":"2026-04-15T15:20:29","slug":"lalique-dahlia-clear-crystal-perfume-bottle-no-4","status":"publish","type":"product","link":"https:\/\/store.astieks.com\/et\/product\/lalique-dahlia-clear-crystal-perfume-bottle-no-4\/","title":{"rendered":"LALIQUE Dahlia l\u00e4bipaistev kristallist parf\u00fc\u00fcmipudel nr 4"},"content":{"rendered":"<p>K\u00f5rgus: 9 cm<br \/>Laius: 5\u20136 cm<br \/>Maht: 25\u201330 ml<\/p>\n","protected":false},"excerpt":{"rendered":"<p>Peen Dahlia dekoratiivne parf\u00fc\u00fcmipudel. Emailitud daalia kaunistab m\u00f5lemat k\u00fclge. See kollektsioneeritav ese on t\u00e4iuslik kombinatsioon matt- ja siledast klaasist, mida t\u00e4iustavad \u00f5rnalt vormitud voolavad jooned. Ese on hoolikalt k\u00e4sitsi valmistatud Prantsusmaal. L\u00e4bipaistva kristalli elegantne olemus toob esile Lalique\u2019i meisterliku k\u00e4sit\u00f6\u00f6 ja detailirohked disainid. Allkirjastatud. Valmistatud Prantsusmaal.       <\/p>\n","protected":false},"featured_media":21018,"template":"","meta":{"_acf_changed":false},"product_brand":[647],"product_cat":[243,285],"product_tag":[],"class_list":{"0":"post-21091","1":"product","2":"type-product","3":"status-publish","4":"has-post-thumbnail","6":"product_brand-lalique","7":"product_cat-kingitused","8":"product_cat-kristall","9":"nt-post-class","10":"","16":"first","17":"instock","18":"taxable","19":"shipping-taxable","20":"purchasable","21":"product-type-simple"},"acf":[],"_links":{"self":[{"href":"https:\/\/store.astieks.com\/et\/wp-json\/wp\/v2\/product\/21091","targetHints":{"allow":["GET"]}}],"collection":[{"href":"https:\/\/store.astieks.com\/et\/wp-json\/wp\/v2\/product"}],"about":[{"href":"https:\/\/store.astieks.com\/et\/wp-json\/wp\/v2\/types\/product"}],"version-history":[{"count":0,"href":"https:\/\/store.astieks.com\/et\/wp-json\/wp\/v2\/product\/21091\/revisions"}],"wp:featuredmedia":[{"embeddable":true,"href":"https:\/\/store.astieks.com\/et\/wp-json\/wp\/v2\/media\/21018"}],"wp:attachment":[{"href":"https:\/\/store.astieks.com\/et\/wp-json\/wp\/v2\/media?parent=21091"}],"wp:term":[{"taxonomy":"product_brand","embeddable":true,"href":"https:\/\/store.astieks.com\/et\/wp-json\/wp\/v2\/product_brand?post=21091"},{"taxonomy":"product_cat","embeddable":true,"href":"https:\/\/store.astieks.com\/et\/wp-json\/wp\/v2\/product_cat?post=21091"},{"taxonomy":"product_tag","embeddable":true,"href":"https:\/\/store.astieks.com\/et\/wp-json\/wp\/v2\/product_tag?post=21091"}],"curies":[{"name":"wp","href":"https:\/\/api.w.org\/{rel}","templated":true}]}}