{"id":21068,"date":"2026-04-07T15:27:17","date_gmt":"2026-04-07T13:27:17","guid":{"rendered":"https:\/\/store.astieks.com\/product\/trudon-midnight-omen-perfume-100ml\/"},"modified":"2026-04-07T15:27:17","modified_gmt":"2026-04-07T13:27:17","slug":"trudon-midnight-omen-perfume-100ml","status":"publish","type":"product","link":"https:\/\/store.astieks.com\/et\/product\/trudon-midnight-omen-perfume-100ml\/","title":{"rendered":"Trudon Midnight Omen parf\u00fc\u00fcm 100ml"},"content":{"rendered":"<p style=\"font-weight: 400;\"><em>Salap\u00e4rane puidune-amberi l\u00f5hn.<\/em><\/p>\n<p style=\"font-weight: 400;\">\u00c9milie Bouge\u2019i loodud Midnight Omen on rikkalikult kihiline puidune ambra l\u00f5hn, mis kutsub esile tundmatu t\u00f5mbe. Salap\u00e4rane ja julge, see vihjab endele \u2013 headele v\u00f5i halbadele \u2013 ning j\u00e4tab kandja pidevalt oletama. V\u00f5rgutamine, oht ja intriig: iga noot sosistab oma saladust.  <\/p>\n<p style=\"font-weight: 400;\">Kompositsioon avaneb s\u00e4ravate mandariini nootidega, sujuvalt liigub s\u00fcdamesse koos iirise ja s\u00f5najala aktsentidega ning l\u00f5peb v\u00e4\u00e4rika baasiga, mis koosneb seemisnahast ja haruldasest Nepaali sandlipuust.<\/p>\n<p style=\"font-weight: 400;\">Ood luksusele ja k\u00fcllusele. \u00d6\u00f6 \u00e4rkab ellu \u2014 julge, salap\u00e4rane, kaetud erkpunase kuma all. See lummab oma saladusega ja t\u00f5mbab ligi v\u00e4ljendusrikkaid siluette, otsides luksust, peenetundelisust ja eredaid elamusi. <\/p>\n<p style=\"font-weight: 400;\">P\u00f5hinedes k\u00f5rgtasemel parf\u00fcmeeria kogemusel, esitleb Trudon Nuit Rouge\u2019i \u2014 nende kaubam\u00e4rgile omaseid tugeva kontsentratsiooniga parf\u00fc\u00fcme. Kollektsioonis on kolm rafineeritud l\u00f5hna: 45\u00b0, Midnight Omen ja Mystique. Nuit Rouge toob esile rikkalikud ja intensiivsed parf\u00fcmeeriakreatsioonid.  <\/p>\n<dl>\n \tTipunoodid: iiris, mandariin, pojeng, safran<br \/>S\u00fcdamenoodid: nahk, sandlipuu, kannike, cashmeran<br \/>P\u00f5hjanoodid: sammal, muskus, pat\u0161uli\n<\/dl>\n","protected":false},"excerpt":{"rendered":"<p>Salap\u00e4rane puidune-amberi l\u00f5hn. \u00c9milie Bouge\u2019i loodud Midnight Omen on rikkalikult kihiline puidune ambra l\u00f5hn, mis kutsub esile tundmatu t\u00f5mbe. Salap\u00e4rane ja julge, see vihjab endele \u2013 headele v\u00f5i halbadele \u2013 ning j\u00e4tab kandja pidevalt oletama. V\u00f5rgutamine, oht ja intriig: iga noot sosistab oma saladust. Kompositsioon avaneb s\u00e4ravate mandariini nootidega, sujuvalt liigub s\u00fcdamesse koos iirise ja&#8230;<\/p>\n","protected":false},"featured_media":20690,"template":"","meta":{"_acf_changed":false},"product_brand":[492],"product_cat":[469,243],"product_tag":[],"class_list":{"0":"post-21068","1":"product","2":"type-product","3":"status-publish","4":"has-post-thumbnail","6":"product_brand-trudon-et","7":"product_cat-parfuumid","8":"product_cat-kingitused","9":"nt-post-class","10":"","13":"excerpt-none","16":"first","17":"instock","18":"taxable","19":"shipping-taxable","20":"purchasable","21":"product-type-simple"},"acf":[],"_links":{"self":[{"href":"https:\/\/store.astieks.com\/et\/wp-json\/wp\/v2\/product\/21068","targetHints":{"allow":["GET"]}}],"collection":[{"href":"https:\/\/store.astieks.com\/et\/wp-json\/wp\/v2\/product"}],"about":[{"href":"https:\/\/store.astieks.com\/et\/wp-json\/wp\/v2\/types\/product"}],"version-history":[{"count":0,"href":"https:\/\/store.astieks.com\/et\/wp-json\/wp\/v2\/product\/21068\/revisions"}],"wp:featuredmedia":[{"embeddable":true,"href":"https:\/\/store.astieks.com\/et\/wp-json\/wp\/v2\/media\/20690"}],"wp:attachment":[{"href":"https:\/\/store.astieks.com\/et\/wp-json\/wp\/v2\/media?parent=21068"}],"wp:term":[{"taxonomy":"product_brand","embeddable":true,"href":"https:\/\/store.astieks.com\/et\/wp-json\/wp\/v2\/product_brand?post=21068"},{"taxonomy":"product_cat","embeddable":true,"href":"https:\/\/store.astieks.com\/et\/wp-json\/wp\/v2\/product_cat?post=21068"},{"taxonomy":"product_tag","embeddable":true,"href":"https:\/\/store.astieks.com\/et\/wp-json\/wp\/v2\/product_tag?post=21068"}],"curies":[{"name":"wp","href":"https:\/\/api.w.org\/{rel}","templated":true}]}}