{"id":21066,"date":"2026-04-07T15:35:04","date_gmt":"2026-04-07T13:35:04","guid":{"rendered":"https:\/\/store.astieks.com\/product\/trudon-mystique-perfume-15ml\/"},"modified":"2026-04-07T15:35:04","modified_gmt":"2026-04-07T13:35:04","slug":"trudon-mystique-perfume-15ml","status":"publish","type":"product","link":"https:\/\/store.astieks.com\/et\/product\/trudon-mystique-perfume-15ml\/","title":{"rendered":"Trudon Mystique parf\u00fc\u00fcm 15 ml"},"content":{"rendered":"<p><em>Salap\u00e4rane nahkne puidune l\u00f5hn.<\/em><\/p>\n<p>\u00c9milie Bouge\u2019i teine looming Nuit Rouge\u2019i jaoks, Mystique, kannab endas vaimset intensiivsust ja m\u00fcstilist veetlust. See l\u00f5hn viib meid salajasse rituaalide ja maagia maailma, kus suits ja nahk paljastavad peaaegu loitsuliku olemuse. <\/p>\n<p>Mystique on samaaegselt salap\u00e4rane ja rafineeritud, j\u00e4ttes endast tugeva ja intensiivse j\u00e4lje. Haruldane, s\u00fcgav ja karakteriga nahanoot on t\u00e4iuslikus koosk\u00f5las oud\u2019i puiduste ja suitsuste n\u00fcanssidega ning elegantse, pehme ambraga.<\/p>\n<dl>\n \tTipunoodid: seedripuu, nahk, safran<br \/>S\u00fcdamenoodid: agarpuu (oud), pap\u00fc\u00fcrus, sandlipuu<br \/>P\u00f5hjanoodid: ambra, pat\u0161uli, eebenipuu\n<\/dl>\n","protected":false},"excerpt":{"rendered":"<p>Salap\u00e4rane nahkne puidune l\u00f5hn. \u00c9milie Bouge\u2019i teine looming Nuit Rouge\u2019i jaoks, Mystique, kannab endas vaimset intensiivsust ja m\u00fcstilist veetlust. See l\u00f5hn viib meid salajasse rituaalide ja maagia maailma, kus suits ja nahk paljastavad peaaegu loitsuliku olemuse. Mystique on samaaegselt salap\u00e4rane ja rafineeritud, j\u00e4ttes endast tugeva ja intensiivse j\u00e4lje. Haruldane, s\u00fcgav ja karakteriga nahanoot on t\u00e4iuslikus&#8230;<\/p>\n","protected":false},"featured_media":20699,"template":"","meta":{"_acf_changed":false},"product_brand":[492],"product_cat":[469,243],"product_tag":[],"class_list":{"0":"post-21066","1":"product","2":"type-product","3":"status-publish","4":"has-post-thumbnail","6":"product_brand-trudon-et","7":"product_cat-parfuumid","8":"product_cat-kingitused","9":"nt-post-class","10":"","13":"excerpt-none","16":"first","17":"instock","18":"taxable","19":"shipping-taxable","20":"purchasable","21":"product-type-simple"},"acf":[],"_links":{"self":[{"href":"https:\/\/store.astieks.com\/et\/wp-json\/wp\/v2\/product\/21066","targetHints":{"allow":["GET"]}}],"collection":[{"href":"https:\/\/store.astieks.com\/et\/wp-json\/wp\/v2\/product"}],"about":[{"href":"https:\/\/store.astieks.com\/et\/wp-json\/wp\/v2\/types\/product"}],"version-history":[{"count":0,"href":"https:\/\/store.astieks.com\/et\/wp-json\/wp\/v2\/product\/21066\/revisions"}],"wp:featuredmedia":[{"embeddable":true,"href":"https:\/\/store.astieks.com\/et\/wp-json\/wp\/v2\/media\/20699"}],"wp:attachment":[{"href":"https:\/\/store.astieks.com\/et\/wp-json\/wp\/v2\/media?parent=21066"}],"wp:term":[{"taxonomy":"product_brand","embeddable":true,"href":"https:\/\/store.astieks.com\/et\/wp-json\/wp\/v2\/product_brand?post=21066"},{"taxonomy":"product_cat","embeddable":true,"href":"https:\/\/store.astieks.com\/et\/wp-json\/wp\/v2\/product_cat?post=21066"},{"taxonomy":"product_tag","embeddable":true,"href":"https:\/\/store.astieks.com\/et\/wp-json\/wp\/v2\/product_tag?post=21066"}],"curies":[{"name":"wp","href":"https:\/\/api.w.org\/{rel}","templated":true}]}}