{"id":21064,"date":"2026-04-07T15:38:25","date_gmt":"2026-04-07T13:38:25","guid":{"rendered":"https:\/\/store.astieks.com\/product\/trudon-45-perfume-15ml\/"},"modified":"2026-04-07T15:38:25","modified_gmt":"2026-04-07T13:38:25","slug":"trudon-45-perfume-15ml","status":"publish","type":"product","link":"https:\/\/store.astieks.com\/et\/product\/trudon-45-perfume-15ml\/","title":{"rendered":"Trudon 45\u00b0 parf\u00fc\u00fcm 15 ml"},"content":{"rendered":"<p style=\"font-weight: 400;\"><em>\u00dclimalt s\u00f5ltuvust tekitav ambra-vanill.<\/em><\/p>\n<p style=\"font-weight: 400;\">Yann Vasnier\u2019 45\u00b0 m\u00e4ngib t\u00f5usva temperatuuriga: see originaalne l\u00f5hn vihjab kirele ja ihale. Kolme vanillinoodi \u00fcmber \u00fcles ehitatuna saavutab see sensuaalsuse, vabastab kired ja toob esile selle kehalisemad tahud. S\u00f5ltuvust tekitav l\u00f5hn pakub julget t\u00f5lgendust vanillist, avanedes peenelt ja m\u00e4nguliselt ning lisades ootamatu p\u00f6\u00f6rde juba niigi kergele ja nauditavale vanilli pehmusele.  <\/p>\n<p style=\"font-weight: 400;\">Ood luksusele ja k\u00fcllusele. \u00d6\u00f6 \u00e4rkab ellu \u2014 julge, salap\u00e4rane, kaetud erkpunase kuma all. See lummab oma saladusega ja t\u00f5mbab ligi v\u00e4ljendusrikkaid siluette, otsides luksust, peenetundelisust ja eredaid elamusi. <\/p>\n<p style=\"font-weight: 400;\">P\u00f5hinedes k\u00f5rgtasemel parf\u00fcmeeria kogemusel, esitleb Trudon Nuit Rouge\u2019i \u2014 nende kaubam\u00e4rgile omaseid tugeva kontsentratsiooniga parf\u00fc\u00fcme. Kollektsioonis on kolm rafineeritud l\u00f5hna: 45\u00b0, Midnight Omen ja Mystique. Nuit Rouge toob esile rikkalikud ja intensiivsed parf\u00fcmeeriakreatsioonid.  <\/p>\n<dl>\n \tTipunoodid: bergamot, meeakord<br \/>S\u00fcdamenoodid: vanilli absoluut, Georgywood, Madagaskari CO\u2082 vanill<br \/>P\u00f5hjanoodid: bensoiinvaik, looduslik vanilliin\n<\/dl>\n","protected":false},"excerpt":{"rendered":"<p>\u00dclimalt s\u00f5ltuvust tekitav ambra-vanill. Yann Vasnier\u2019 45\u00b0 m\u00e4ngib t\u00f5usva temperatuuriga: see originaalne l\u00f5hn vihjab kirele ja ihale. Kolme vanillinoodi \u00fcmber \u00fcles ehitatuna saavutab see sensuaalsuse, vabastab kired ja toob esile selle kehalisemad tahud. S\u00f5ltuvust tekitav l\u00f5hn pakub julget t\u00f5lgendust vanillist, avanedes peenelt ja m\u00e4nguliselt ning lisades ootamatu p\u00f6\u00f6rde juba niigi kergele ja nauditavale vanilli pehmusele&#8230;.<\/p>\n","protected":false},"featured_media":20699,"template":"","meta":{"_acf_changed":false},"product_brand":[492],"product_cat":[469,243],"product_tag":[],"class_list":{"0":"post-21064","1":"product","2":"type-product","3":"status-publish","4":"has-post-thumbnail","6":"product_brand-trudon-et","7":"product_cat-parfuumid","8":"product_cat-kingitused","9":"nt-post-class","10":"","13":"excerpt-none","16":"first","17":"instock","18":"taxable","19":"shipping-taxable","20":"purchasable","21":"product-type-simple"},"acf":[],"_links":{"self":[{"href":"https:\/\/store.astieks.com\/et\/wp-json\/wp\/v2\/product\/21064","targetHints":{"allow":["GET"]}}],"collection":[{"href":"https:\/\/store.astieks.com\/et\/wp-json\/wp\/v2\/product"}],"about":[{"href":"https:\/\/store.astieks.com\/et\/wp-json\/wp\/v2\/types\/product"}],"version-history":[{"count":0,"href":"https:\/\/store.astieks.com\/et\/wp-json\/wp\/v2\/product\/21064\/revisions"}],"wp:featuredmedia":[{"embeddable":true,"href":"https:\/\/store.astieks.com\/et\/wp-json\/wp\/v2\/media\/20699"}],"wp:attachment":[{"href":"https:\/\/store.astieks.com\/et\/wp-json\/wp\/v2\/media?parent=21064"}],"wp:term":[{"taxonomy":"product_brand","embeddable":true,"href":"https:\/\/store.astieks.com\/et\/wp-json\/wp\/v2\/product_brand?post=21064"},{"taxonomy":"product_cat","embeddable":true,"href":"https:\/\/store.astieks.com\/et\/wp-json\/wp\/v2\/product_cat?post=21064"},{"taxonomy":"product_tag","embeddable":true,"href":"https:\/\/store.astieks.com\/et\/wp-json\/wp\/v2\/product_tag?post=21064"}],"curies":[{"name":"wp","href":"https:\/\/api.w.org\/{rel}","templated":true}]}}