{"id":21062,"date":"2026-04-07T17:22:27","date_gmt":"2026-04-07T15:22:27","guid":{"rendered":"https:\/\/store.astieks.com\/product\/danhera-feeling-natural-spray-200-ml\/"},"modified":"2026-04-07T17:22:27","modified_gmt":"2026-04-07T15:22:27","slug":"danhera-feeling-natural-spray-200-ml","status":"publish","type":"product","link":"https:\/\/store.astieks.com\/et\/product\/danhera-feeling-natural-spray-200-ml\/","title":{"rendered":"Danhera EMOZIONI Looduslik Sprei 200 ml"},"content":{"rendered":"<p>EMOZIONI puudutab iga kangakiudu nagu m\u00e4lestust, mis on hoitud naha ja igatsuse vahel. Vaikne magususe ja kire akord katab pesu ja kodutekstiilid \u00f5rna sensuaalsusega, kus sametised puuviljanoodid ja gurmaanlikud n\u00fcansid p\u00f5imuvad \u00fcmbritsevasse embusse, j\u00e4ttes linad, r\u00e4tikud ja pleedid intiimse, helendava ja vastupandamatult kauakestva l\u00f5hnaj\u00e4lje. <\/p>\n<p>EMOZIONI on paitus, mis j\u00e4\u00e4b p\u00fcsima. Kui pesu avaneb \u00f5hu soojuses, vabastab kookose ja mandariini h\u00f5ng tasakaalustatud eufooria; mahlakas musts\u00f5star helgib, samal ajal kui India jasmiin ja puuvilla sosin katavad kanga puhta l\u00e4bikumavusega, nagu kardinatest filtreeritud p\u00e4ikesevalgus. Kiud justkui riietuvad ihasse.  <\/p>\n<p>Tipunoodid: kookos, mandariin, musts\u00f5star, jasmiin, puuvill<\/p>\n<p>S\u00fcdamenoodid: mesi, aprikoos, murakas, ploom<\/p>\n<p>P\u00f5hjanoodid: pat\u0161uli, \u0161okolaad, karamell, vanill<\/p>\n","protected":false},"excerpt":{"rendered":"<p>EMOZIONI puudutab iga kangakiudu nagu m\u00e4lestust, mis on hoitud naha ja igatsuse vahel. Vaikne magususe ja kire akord katab pesu ja kodutekstiilid \u00f5rna sensuaalsusega, kus sametised puuviljanoodid ja gurmaanlikud n\u00fcansid p\u00f5imuvad \u00fcmbritsevasse embusse, j\u00e4ttes linad, r\u00e4tikud ja pleedid intiimse, helendava ja vastupandamatult kauakestva l\u00f5hnaj\u00e4lje. EMOZIONI on paitus, mis j\u00e4\u00e4b p\u00fcsima. Kui pesu avaneb \u00f5hu soojuses,&#8230;<\/p>\n","protected":false},"featured_media":20715,"template":"","meta":{"_acf_changed":false},"product_brand":[483],"product_cat":[261,257],"product_tag":[],"class_list":{"0":"post-21062","1":"product","2":"type-product","3":"status-publish","4":"has-post-thumbnail","6":"product_brand-danhera-et","7":"product_cat-koduhooldus","8":"product_cat-pihustid","9":"nt-post-class","10":"","13":"excerpt-none","16":"first","17":"instock","18":"taxable","19":"shipping-taxable","20":"purchasable","21":"product-type-simple"},"acf":[],"_links":{"self":[{"href":"https:\/\/store.astieks.com\/et\/wp-json\/wp\/v2\/product\/21062","targetHints":{"allow":["GET"]}}],"collection":[{"href":"https:\/\/store.astieks.com\/et\/wp-json\/wp\/v2\/product"}],"about":[{"href":"https:\/\/store.astieks.com\/et\/wp-json\/wp\/v2\/types\/product"}],"version-history":[{"count":0,"href":"https:\/\/store.astieks.com\/et\/wp-json\/wp\/v2\/product\/21062\/revisions"}],"wp:featuredmedia":[{"embeddable":true,"href":"https:\/\/store.astieks.com\/et\/wp-json\/wp\/v2\/media\/20715"}],"wp:attachment":[{"href":"https:\/\/store.astieks.com\/et\/wp-json\/wp\/v2\/media?parent=21062"}],"wp:term":[{"taxonomy":"product_brand","embeddable":true,"href":"https:\/\/store.astieks.com\/et\/wp-json\/wp\/v2\/product_brand?post=21062"},{"taxonomy":"product_cat","embeddable":true,"href":"https:\/\/store.astieks.com\/et\/wp-json\/wp\/v2\/product_cat?post=21062"},{"taxonomy":"product_tag","embeddable":true,"href":"https:\/\/store.astieks.com\/et\/wp-json\/wp\/v2\/product_tag?post=21062"}],"curies":[{"name":"wp","href":"https:\/\/api.w.org\/{rel}","templated":true}]}}