{"id":21060,"date":"2026-04-07T17:33:41","date_gmt":"2026-04-07T15:33:41","guid":{"rendered":"https:\/\/store.astieks.com\/product\/danhera-seduction-natural-spray\/"},"modified":"2026-04-07T17:33:41","modified_gmt":"2026-04-07T15:33:41","slug":"danhera-seduction-natural-spray","status":"publish","type":"product","link":"https:\/\/store.astieks.com\/et\/product\/danhera-seduction-natural-spray\/","title":{"rendered":"Danhera SEDUZIONE Looduslik Sprei 200 ml"},"content":{"rendered":"<p>SEDUZIONE on s\u00fcdame kiirenenud r\u00fctm hetkel, kui pilk kohtub ootusega \u2014 l\u00f5hn, mis j\u00e4\u00e4b \u00f5hku p\u00fcsima p\u00e4rast kohtumist.<br \/>Elav musts\u00f5stra noot \u00e4ratab meeled, samal ajal kui freesia ja mairoos annavad kangastele helendava, naiseliku puudutuse.<br \/>S\u00fcgavamal tasandil \u00fcmbritsevad vanill, pat\u0161uli ja soojad puidused akordid linad, r\u00e4tikud ja tekid pehme, \u00fcmbritseva j\u00e4ljega \u2014 diskreetse, p\u00fcsiva ja unustamatu.  <\/p>\n<p>SEDUZIONE s\u00fcnnib seal, kus emotsioon hoiab hinge kinni.<br \/>Esimesel kokkupuutel asetub elav musts\u00f5stra noot kangastele nagu v\u00e4rin, mis liigub m\u00f6\u00f6da riiet: pesu \u00e4rkab ellu, garderoobide uksed avanevad ning ruumi t\u00e4idab kohtumise lubadus. <\/p>\n<p>Tipunoodid: musts\u00f5star<\/p>\n<p>S\u00fcdamenoodid: freesia, mairoos<\/p>\n<p>P\u00f5hjanoodid: vanill, pat\u0161uli, puidused noodid<\/p>\n","protected":false},"excerpt":{"rendered":"<p>SEDUZIONE on s\u00fcdame kiirenenud r\u00fctm hetkel, kui pilk kohtub ootusega \u2014 l\u00f5hn, mis j\u00e4\u00e4b \u00f5hku p\u00fcsima p\u00e4rast kohtumist.Elav musts\u00f5stra noot \u00e4ratab meeled, samal ajal kui freesia ja mairoos annavad kangastele helendava, naiseliku puudutuse.S\u00fcgavamal tasandil \u00fcmbritsevad vanill, pat\u0161uli ja soojad puidused akordid linad, r\u00e4tikud ja tekid pehme, \u00fcmbritseva j\u00e4ljega \u2014 diskreetse, p\u00fcsiva ja unustamatu. SEDUZIONE s\u00fcnnib&#8230;<\/p>\n","protected":false},"featured_media":20720,"template":"","meta":{"_acf_changed":false},"product_brand":[483],"product_cat":[261,257],"product_tag":[],"class_list":{"0":"post-21060","1":"product","2":"type-product","3":"status-publish","4":"has-post-thumbnail","6":"product_brand-danhera-et","7":"product_cat-koduhooldus","8":"product_cat-pihustid","9":"nt-post-class","10":"","13":"excerpt-none","16":"first","17":"instock","18":"taxable","19":"shipping-taxable","20":"purchasable","21":"product-type-simple"},"acf":[],"_links":{"self":[{"href":"https:\/\/store.astieks.com\/et\/wp-json\/wp\/v2\/product\/21060","targetHints":{"allow":["GET"]}}],"collection":[{"href":"https:\/\/store.astieks.com\/et\/wp-json\/wp\/v2\/product"}],"about":[{"href":"https:\/\/store.astieks.com\/et\/wp-json\/wp\/v2\/types\/product"}],"version-history":[{"count":0,"href":"https:\/\/store.astieks.com\/et\/wp-json\/wp\/v2\/product\/21060\/revisions"}],"wp:featuredmedia":[{"embeddable":true,"href":"https:\/\/store.astieks.com\/et\/wp-json\/wp\/v2\/media\/20720"}],"wp:attachment":[{"href":"https:\/\/store.astieks.com\/et\/wp-json\/wp\/v2\/media?parent=21060"}],"wp:term":[{"taxonomy":"product_brand","embeddable":true,"href":"https:\/\/store.astieks.com\/et\/wp-json\/wp\/v2\/product_brand?post=21060"},{"taxonomy":"product_cat","embeddable":true,"href":"https:\/\/store.astieks.com\/et\/wp-json\/wp\/v2\/product_cat?post=21060"},{"taxonomy":"product_tag","embeddable":true,"href":"https:\/\/store.astieks.com\/et\/wp-json\/wp\/v2\/product_tag?post=21060"}],"curies":[{"name":"wp","href":"https:\/\/api.w.org\/{rel}","templated":true}]}}