{"id":21058,"date":"2026-04-07T17:35:57","date_gmt":"2026-04-07T15:35:57","guid":{"rendered":"https:\/\/store.astieks.com\/product\/danhera-marea-natural-spray-200-ml\/"},"modified":"2026-04-07T17:35:57","modified_gmt":"2026-04-07T15:35:57","slug":"danhera-marea-natural-spray-200-ml","status":"publish","type":"product","link":"https:\/\/store.astieks.com\/et\/product\/danhera-marea-natural-spray-200-ml\/","title":{"rendered":"Danhera MAREA Looduslik Sprei 200 ml"},"content":{"rendered":"<p>MAREA on vee h\u00e4\u00e4l, mis laulab iidseid saladusi \u2013 mereline sosin, mis libiseb kangastesse ja m\u00e4hib need valgusesse. Kristallselge pojeng, freesia ja lit\u0161i avavad l\u00f5hnaakordi; s\u00fcdames \u00f5itsevad roos, maikelluke ja magnoolia v\u00e4rskelt pestud kiududel. Ambra ja Virginia seedri baasnoot soojendab linad, r\u00e4tikud ja kardinad j\u00e4ljega, mis tundub puhas, helendav ja s\u00fcgavalt \u00fcmbritsev.  <\/p>\n<p>Tipunoodid: pojeng, freesia, lit\u0161i<\/p>\n<p>S\u00fcdamenoodid: roos, maikelluke, magnoolia<\/p>\n<p>P\u00f5hjanoodid: ambra, Virginia seedripuu<\/p>\n","protected":false},"excerpt":{"rendered":"<p>MAREA on vee h\u00e4\u00e4l, mis laulab iidseid saladusi \u2013 mereline sosin, mis libiseb kangastesse ja m\u00e4hib need valgusesse. Kristallselge pojeng, freesia ja lit\u0161i avavad l\u00f5hnaakordi; s\u00fcdames \u00f5itsevad roos, maikelluke ja magnoolia v\u00e4rskelt pestud kiududel. Ambra ja Virginia seedri baasnoot soojendab linad, r\u00e4tikud ja kardinad j\u00e4ljega, mis tundub puhas, helendav ja s\u00fcgavalt \u00fcmbritsev. Tipunoodid: pojeng, freesia,&#8230;<\/p>\n","protected":false},"featured_media":20725,"template":"","meta":{"_acf_changed":false},"product_brand":[483],"product_cat":[261,257],"product_tag":[],"class_list":{"0":"post-21058","1":"product","2":"type-product","3":"status-publish","4":"has-post-thumbnail","6":"product_brand-danhera-et","7":"product_cat-koduhooldus","8":"product_cat-pihustid","9":"nt-post-class","10":"","13":"excerpt-none","16":"first","17":"instock","18":"taxable","19":"shipping-taxable","20":"purchasable","21":"product-type-simple"},"acf":[],"_links":{"self":[{"href":"https:\/\/store.astieks.com\/et\/wp-json\/wp\/v2\/product\/21058","targetHints":{"allow":["GET"]}}],"collection":[{"href":"https:\/\/store.astieks.com\/et\/wp-json\/wp\/v2\/product"}],"about":[{"href":"https:\/\/store.astieks.com\/et\/wp-json\/wp\/v2\/types\/product"}],"version-history":[{"count":0,"href":"https:\/\/store.astieks.com\/et\/wp-json\/wp\/v2\/product\/21058\/revisions"}],"wp:featuredmedia":[{"embeddable":true,"href":"https:\/\/store.astieks.com\/et\/wp-json\/wp\/v2\/media\/20725"}],"wp:attachment":[{"href":"https:\/\/store.astieks.com\/et\/wp-json\/wp\/v2\/media?parent=21058"}],"wp:term":[{"taxonomy":"product_brand","embeddable":true,"href":"https:\/\/store.astieks.com\/et\/wp-json\/wp\/v2\/product_brand?post=21058"},{"taxonomy":"product_cat","embeddable":true,"href":"https:\/\/store.astieks.com\/et\/wp-json\/wp\/v2\/product_cat?post=21058"},{"taxonomy":"product_tag","embeddable":true,"href":"https:\/\/store.astieks.com\/et\/wp-json\/wp\/v2\/product_tag?post=21058"}],"curies":[{"name":"wp","href":"https:\/\/api.w.org\/{rel}","templated":true}]}}