{"id":21049,"date":"2026-04-09T17:33:30","date_gmt":"2026-04-09T15:33:30","guid":{"rendered":"https:\/\/store.astieks.com\/product\/danhera-kera-laundry-fragrance-500-ml\/"},"modified":"2026-04-09T17:33:30","modified_gmt":"2026-04-09T15:33:30","slug":"danhera-kera-laundry-fragrance-500-ml","status":"publish","type":"product","link":"https:\/\/store.astieks.com\/et\/product\/danhera-kera-laundry-fragrance-500-ml\/","title":{"rendered":"DANHERA KERA Pesuloputusl\u00f5hnastaja 500 ml"},"content":{"rendered":"<p>Tipunoodid: Tuberose, kirss, sambak-jasmiin, must pipar<br \/>S\u00fcdamenoodid: ambroksoon, oud-puit, must tee<br \/>P\u00f5hjanoodid: sandlipuu, muskus, ambra, pat\u0161uli<\/p>\n","protected":false},"excerpt":{"rendered":"<p>Afrodite \u00fclev vili \u2013 kirss \u2013 avaneb KERA l\u00f5hnas oma k\u00f5ige ahvatlevamal kujul. Tuberose ja sambak-jasmiin puudutavad kangaid \u00f5rnalt, samal ajal kui musta pipra s\u00e4de \u00e4ratab meeled. S\u00fcdames annavad ambroksoon, oud ja must tee pesule rafineeritud ja meeldej\u00e4\u00e4va iseloomu; p\u00f5hjas \u00fcmbritsevad sandlipuu, muskus, ambra ja pat\u0161uli linad, r\u00e4tikud ja pleedid intiimse luksusega, mis p\u00fcsib pesust pesuni.  <\/p>\n<p>KERA on luksuse nauding, mis talletub m\u00e4llu ja p\u00fcsib kangakiududes. Alguses kohtub kirsi peen magusus tuberoosi h\u00fcpnotiseeriva kreemisusega ja sambak-jasmiini helgiga \u2013 lillelis-puuviljane hingus laskub v\u00e4rskelt kuivanud kangastele, samal ajal kui musta pipra peen n\u00fcanss lisab elevust ja selgust. Pesu omandab v\u00f5rgutava veetluse \u2013 puhas, kuid rikkaliku tekstuuriga.  <\/p>\n","protected":false},"featured_media":20742,"template":"","meta":{"_acf_changed":false},"product_brand":[483],"product_cat":[263],"product_tag":[],"class_list":{"0":"post-21049","1":"product","2":"type-product","3":"status-publish","4":"has-post-thumbnail","6":"product_brand-danhera-et","7":"product_cat-pesuhooldus","8":"nt-post-class","9":"","15":"first","16":"instock","17":"taxable","18":"shipping-taxable","19":"purchasable","20":"product-type-simple"},"acf":[],"_links":{"self":[{"href":"https:\/\/store.astieks.com\/et\/wp-json\/wp\/v2\/product\/21049","targetHints":{"allow":["GET"]}}],"collection":[{"href":"https:\/\/store.astieks.com\/et\/wp-json\/wp\/v2\/product"}],"about":[{"href":"https:\/\/store.astieks.com\/et\/wp-json\/wp\/v2\/types\/product"}],"version-history":[{"count":0,"href":"https:\/\/store.astieks.com\/et\/wp-json\/wp\/v2\/product\/21049\/revisions"}],"wp:featuredmedia":[{"embeddable":true,"href":"https:\/\/store.astieks.com\/et\/wp-json\/wp\/v2\/media\/20742"}],"wp:attachment":[{"href":"https:\/\/store.astieks.com\/et\/wp-json\/wp\/v2\/media?parent=21049"}],"wp:term":[{"taxonomy":"product_brand","embeddable":true,"href":"https:\/\/store.astieks.com\/et\/wp-json\/wp\/v2\/product_brand?post=21049"},{"taxonomy":"product_cat","embeddable":true,"href":"https:\/\/store.astieks.com\/et\/wp-json\/wp\/v2\/product_cat?post=21049"},{"taxonomy":"product_tag","embeddable":true,"href":"https:\/\/store.astieks.com\/et\/wp-json\/wp\/v2\/product_tag?post=21049"}],"curies":[{"name":"wp","href":"https:\/\/api.w.org\/{rel}","templated":true}]}}