{"id":21039,"date":"2026-04-09T17:36:37","date_gmt":"2026-04-09T15:36:37","guid":{"rendered":"https:\/\/store.astieks.com\/product\/danhera-seduction-laundry-fragrance-500-ml\/"},"modified":"2026-04-16T11:32:51","modified_gmt":"2026-04-16T09:32:51","slug":"danhera-seduction-laundry-fragrance-500-ml","status":"publish","type":"product","link":"https:\/\/store.astieks.com\/et\/product\/danhera-seduction-laundry-fragrance-500-ml\/","title":{"rendered":"Danhera SEDUZIONE Pesuloputusl\u00f5hnastaja 500 ml"},"content":{"rendered":"<p>\u00dclemised noodid: musts\u00f5star<br \/>S\u00fcdamenoodid: freesia, mairoos<br \/>P\u00f5hjanoodid: vanill, pat\u0161uli, puidused noodid<\/p>\n","protected":false},"excerpt":{"rendered":"<p>SEDUZIONE on s\u00fcdame kiirenenud r\u00fctm hetkel, kui pilk kohtub ootusega \u2014 l\u00f5hn, mis j\u00e4\u00e4b \u00f5hku p\u00fcsima p\u00e4rast kohtumist.<br \/>Elav musts\u00f5stra noot \u00e4ratab meeled, samal ajal kui freesia ja mairoos annavad kangastele helendava, naiseliku puudutuse.<br \/>S\u00fcgavamal tasandil \u00fcmbritsevad vanill, pat\u0161uli ja soojad puidused akordid linad, r\u00e4tikud ja tekid pehme, \u00fcmbritseva j\u00e4ljega \u2014 diskreetse, p\u00fcsiva ja unustamatu.  <\/p>\n<p>SEDUZIONE s\u00fcnnib seal, kus emotsioon hoiab hinge kinni.<br \/>Esimesel kokkupuutel asetub elav musts\u00f5stra noot kangastele nagu v\u00e4rin, mis liigub m\u00f6\u00f6da riiet: pesu \u00e4rkab ellu, garderoobide uksed avanevad ning ruumi t\u00e4idab kohtumise lubadus. <\/p>\n","protected":false},"featured_media":20747,"template":"","meta":{"_acf_changed":false},"product_brand":[483],"product_cat":[263],"product_tag":[],"class_list":{"0":"post-21039","1":"product","2":"type-product","3":"status-publish","4":"has-post-thumbnail","6":"product_brand-danhera-et","7":"product_cat-pesuhooldus","8":"nt-post-class","9":"","15":"first","16":"instock","17":"taxable","18":"shipping-taxable","19":"purchasable","20":"product-type-simple"},"acf":[],"_links":{"self":[{"href":"https:\/\/store.astieks.com\/et\/wp-json\/wp\/v2\/product\/21039","targetHints":{"allow":["GET"]}}],"collection":[{"href":"https:\/\/store.astieks.com\/et\/wp-json\/wp\/v2\/product"}],"about":[{"href":"https:\/\/store.astieks.com\/et\/wp-json\/wp\/v2\/types\/product"}],"version-history":[{"count":1,"href":"https:\/\/store.astieks.com\/et\/wp-json\/wp\/v2\/product\/21039\/revisions"}],"predecessor-version":[{"id":21047,"href":"https:\/\/store.astieks.com\/et\/wp-json\/wp\/v2\/product\/21039\/revisions\/21047"}],"wp:featuredmedia":[{"embeddable":true,"href":"https:\/\/store.astieks.com\/et\/wp-json\/wp\/v2\/media\/20747"}],"wp:attachment":[{"href":"https:\/\/store.astieks.com\/et\/wp-json\/wp\/v2\/media?parent=21039"}],"wp:term":[{"taxonomy":"product_brand","embeddable":true,"href":"https:\/\/store.astieks.com\/et\/wp-json\/wp\/v2\/product_brand?post=21039"},{"taxonomy":"product_cat","embeddable":true,"href":"https:\/\/store.astieks.com\/et\/wp-json\/wp\/v2\/product_cat?post=21039"},{"taxonomy":"product_tag","embeddable":true,"href":"https:\/\/store.astieks.com\/et\/wp-json\/wp\/v2\/product_tag?post=21039"}],"curies":[{"name":"wp","href":"https:\/\/api.w.org\/{rel}","templated":true}]}}