{"id":21032,"date":"2026-04-14T12:22:08","date_gmt":"2026-04-14T10:22:08","guid":{"rendered":"https:\/\/store.astieks.com\/product\/lalique-100-points-universal-glass-2\/"},"modified":"2026-04-14T12:22:08","modified_gmt":"2026-04-14T10:22:08","slug":"lalique-100-points-universal-glass-2","status":"publish","type":"product","link":"https:\/\/store.astieks.com\/et\/product\/lalique-100-points-universal-glass-2\/","title":{"rendered":"LALIQUE 100 POINTS universaalne klaas"},"content":{"rendered":"<p>100 POINTS kollektsioon on rahvusvaheliselt tuntud veinikriitiku James Sucklingu ja Lalique\u2019i \u00fchine loom\u00ading.<br \/>T\u00e4nu oma ainulaadsele kujule ja universaalsele l\u00e4henemisele veini nautimisele on 100 POINTS kollektsiooni klaasid loodud esile tooma ja nautima k\u00f5iki veinisorte, \u0161ampanjat ja kangemaid alkohoolseid jooke.<\/p>\n","protected":false},"excerpt":{"rendered":"<ul>\n<li>L\u00e4bipaistev kristall<\/li>\n<li>Dimensions: H 22.2 x D 8.2 cm. Volume: 38 cl <\/li>\n<li>Weight: 0.18 kg<\/li>\n<li>Koost\u00f6\u00f6: James Suckling &amp; Lalique<\/li>\n<li>K\u00e4sitsi valmistatud Prantsusmaal<\/li>\n<\/ul>\n","protected":false},"featured_media":20890,"template":"","meta":{"_acf_changed":false},"product_brand":[647],"product_cat":[273,268],"product_tag":[],"class_list":{"0":"post-21032","1":"product","2":"type-product","3":"status-publish","4":"has-post-thumbnail","6":"product_brand-lalique","7":"product_cat-klaasnoud","8":"product_cat-lauanoud","9":"nt-post-class","10":"","16":"first","17":"instock","18":"taxable","19":"shipping-taxable","20":"purchasable","21":"product-type-simple"},"acf":[],"_links":{"self":[{"href":"https:\/\/store.astieks.com\/et\/wp-json\/wp\/v2\/product\/21032","targetHints":{"allow":["GET"]}}],"collection":[{"href":"https:\/\/store.astieks.com\/et\/wp-json\/wp\/v2\/product"}],"about":[{"href":"https:\/\/store.astieks.com\/et\/wp-json\/wp\/v2\/types\/product"}],"version-history":[{"count":0,"href":"https:\/\/store.astieks.com\/et\/wp-json\/wp\/v2\/product\/21032\/revisions"}],"wp:featuredmedia":[{"embeddable":true,"href":"https:\/\/store.astieks.com\/et\/wp-json\/wp\/v2\/media\/20890"}],"wp:attachment":[{"href":"https:\/\/store.astieks.com\/et\/wp-json\/wp\/v2\/media?parent=21032"}],"wp:term":[{"taxonomy":"product_brand","embeddable":true,"href":"https:\/\/store.astieks.com\/et\/wp-json\/wp\/v2\/product_brand?post=21032"},{"taxonomy":"product_cat","embeddable":true,"href":"https:\/\/store.astieks.com\/et\/wp-json\/wp\/v2\/product_cat?post=21032"},{"taxonomy":"product_tag","embeddable":true,"href":"https:\/\/store.astieks.com\/et\/wp-json\/wp\/v2\/product_tag?post=21032"}],"curies":[{"name":"wp","href":"https:\/\/api.w.org\/{rel}","templated":true}]}}