{"id":21027,"date":"2026-04-14T14:18:28","date_gmt":"2026-04-14T12:18:28","guid":{"rendered":"https:\/\/store.astieks.com\/product\/daum-black-tulip-vase-33-cm-black-crystal\/"},"modified":"2026-04-14T14:18:28","modified_gmt":"2026-04-14T12:18:28","slug":"daum-black-tulip-vase-33-cm-black-crystal","status":"publish","type":"product","link":"https:\/\/store.astieks.com\/et\/product\/daum-black-tulip-vase-33-cm-black-crystal\/","title":{"rendered":"Daum Tulip vaas, 17 cm, appaloosa kristall"},"content":{"rendered":"","protected":false},"excerpt":{"rendered":"<p>Daum piiratud seeria \u201cTulipe\u201d vaas on peen looming, kus loodus on t\u00f5lgendatud kaasaegses kunstilises v\u00f5tmes.<br \/>Ateljee pakub modernset n\u00e4gemust tulbist, r\u00f5hutades selle loomulikku ilu ning tuues esile selle \u00f5ie erakordse hapruse ja elegantsi. <\/p>\n<p>Daum ainulaadne oskusteave, mis on p\u00f5lvest p\u00f5lve edasi antud, v\u00f5imaldab meistritel luua t\u00f5eliselt erakordseid, peenelt viimistletud detaile sisaldavaid teoseid.<br \/>T\u00e4nu \u201ep\u00e2te de verre\u201c tehnika t\u00e4iuslikule valdamisele saavutatakse s\u00fcgavad ja rikkalikud v\u00e4rvitoonid, mis annavad kompositsioonile veelgi enam s\u00fcgavust, s\u00e4ra ja rafineeritust. <\/p>\n","protected":false},"featured_media":20904,"template":"","meta":{"_acf_changed":false},"product_brand":[486],"product_cat":[285,283],"product_tag":[],"class_list":{"0":"post-21027","1":"product","2":"type-product","3":"status-publish","4":"has-post-thumbnail","6":"product_brand-daum-et","7":"product_cat-kristall","8":"product_cat-vaasid","9":"nt-post-class","10":"","16":"first","17":"instock","18":"taxable","19":"shipping-taxable","20":"purchasable","21":"product-type-simple"},"acf":[],"_links":{"self":[{"href":"https:\/\/store.astieks.com\/et\/wp-json\/wp\/v2\/product\/21027","targetHints":{"allow":["GET"]}}],"collection":[{"href":"https:\/\/store.astieks.com\/et\/wp-json\/wp\/v2\/product"}],"about":[{"href":"https:\/\/store.astieks.com\/et\/wp-json\/wp\/v2\/types\/product"}],"version-history":[{"count":0,"href":"https:\/\/store.astieks.com\/et\/wp-json\/wp\/v2\/product\/21027\/revisions"}],"wp:featuredmedia":[{"embeddable":true,"href":"https:\/\/store.astieks.com\/et\/wp-json\/wp\/v2\/media\/20904"}],"wp:attachment":[{"href":"https:\/\/store.astieks.com\/et\/wp-json\/wp\/v2\/media?parent=21027"}],"wp:term":[{"taxonomy":"product_brand","embeddable":true,"href":"https:\/\/store.astieks.com\/et\/wp-json\/wp\/v2\/product_brand?post=21027"},{"taxonomy":"product_cat","embeddable":true,"href":"https:\/\/store.astieks.com\/et\/wp-json\/wp\/v2\/product_cat?post=21027"},{"taxonomy":"product_tag","embeddable":true,"href":"https:\/\/store.astieks.com\/et\/wp-json\/wp\/v2\/product_tag?post=21027"}],"curies":[{"name":"wp","href":"https:\/\/api.w.org\/{rel}","templated":true}]}}