{"id":21020,"date":"2026-04-15T15:35:15","date_gmt":"2026-04-15T13:35:15","guid":{"rendered":"https:\/\/store.astieks.com\/product\/lalique-toulouse-rabit-sculpture-clear-crystal\/"},"modified":"2026-04-15T15:35:15","modified_gmt":"2026-04-15T13:35:15","slug":"lalique-toulouse-rabit-sculpture-clear-crystal","status":"publish","type":"product","link":"https:\/\/store.astieks.com\/et\/product\/lalique-toulouse-rabit-sculpture-clear-crystal\/","title":{"rendered":"Lalique Toulouse j\u00e4nese skulptuur, l\u00e4bipaistev kristall"},"content":{"rendered":"<p>M\u00f5\u00f5dud: K 12,6 \u00d7 P 7 \u00d7 L 6 cm<br \/>\nKaal: 0,50 kg<br \/>\nK\u00e4sitsi valmistatud Prantsusmaal<\/p>\n","protected":false},"excerpt":{"rendered":"<div>\n<p>Lalique t\u00e4histab 2023. aastat \u2013 Hiina astroloogia j\u00e4rgi J\u00e4nese aastat \u2013 uue j\u00e4neseskulptuuriga, mida pakutakse erinevates v\u00e4rvitoonides ja viimistlustes. Selleks puhuks on taasv\u00e4lja antud ka \u201cResting Rabbit\u201d skulptuur.<br \/>\u00d5rn ja rahulik j\u00e4nes s\u00fcmboliseerib \u00f5nne ja head k\u00e4ek\u00e4iku. J\u00e4nese m\u00e4rgi all s\u00fcndinud inimest peetakse elegantseks, leebeks ja kannatlikuks.   <\/p>\n<p>&nbsp;<\/p>\n<\/div>\n<p>&nbsp;<\/p>\n","protected":false},"featured_media":21001,"template":"","meta":{"_acf_changed":false},"product_brand":[647],"product_cat":[476,243,238],"product_tag":[],"class_list":{"0":"post-21020","1":"product","2":"type-product","3":"status-publish","4":"has-post-thumbnail","6":"product_brand-lalique","7":"product_cat-skulptuurid","8":"product_cat-kingitused","9":"product_cat-kodu-kaunistused","10":"nt-post-class","11":"","17":"first","18":"instock","19":"taxable","20":"shipping-taxable","21":"purchasable","22":"product-type-simple"},"acf":[],"_links":{"self":[{"href":"https:\/\/store.astieks.com\/et\/wp-json\/wp\/v2\/product\/21020","targetHints":{"allow":["GET"]}}],"collection":[{"href":"https:\/\/store.astieks.com\/et\/wp-json\/wp\/v2\/product"}],"about":[{"href":"https:\/\/store.astieks.com\/et\/wp-json\/wp\/v2\/types\/product"}],"version-history":[{"count":0,"href":"https:\/\/store.astieks.com\/et\/wp-json\/wp\/v2\/product\/21020\/revisions"}],"wp:featuredmedia":[{"embeddable":true,"href":"https:\/\/store.astieks.com\/et\/wp-json\/wp\/v2\/media\/21001"}],"wp:attachment":[{"href":"https:\/\/store.astieks.com\/et\/wp-json\/wp\/v2\/media?parent=21020"}],"wp:term":[{"taxonomy":"product_brand","embeddable":true,"href":"https:\/\/store.astieks.com\/et\/wp-json\/wp\/v2\/product_brand?post=21020"},{"taxonomy":"product_cat","embeddable":true,"href":"https:\/\/store.astieks.com\/et\/wp-json\/wp\/v2\/product_cat?post=21020"},{"taxonomy":"product_tag","embeddable":true,"href":"https:\/\/store.astieks.com\/et\/wp-json\/wp\/v2\/product_tag?post=21020"}],"curies":[{"name":"wp","href":"https:\/\/api.w.org\/{rel}","templated":true}]}}