{"id":20985,"date":"2026-04-14T17:03:13","date_gmt":"2026-04-14T15:03:13","guid":{"rendered":"https:\/\/store.astieks.com\/product\/daum-les-fiances-pink-and-blue-sculptures\/"},"modified":"2026-04-15T16:36:20","modified_gmt":"2026-04-15T14:36:20","slug":"daum-les-fiances-pink-and-blue-sculptures","status":"publish","type":"product","link":"https:\/\/store.astieks.com\/et\/product\/daum-les-fiances-pink-and-blue-sculptures\/","title":{"rendered":"Daum \u201cLes Fianc\u00e9s\u201d roosa ja rohekassinine skulptuurid"},"content":{"rendered":"<div class=\"accordion__content--row\">\n<p>Materjal: kristall<br \/>M\u00f5\u00f5dud (cm): P 5 \u00d7 L 3,5 \u00d7 K 3,5<\/p>\n<\/div>\n<div class=\"accordion__content--row\">\n<p>Netokaal: 0,09 kg<\/p>\n<\/div>\n<div class=\"accordion__content--row\">\n<p>&nbsp;<\/p>\n<\/div>\n","protected":false},"excerpt":{"rendered":"<p>Igavikulisest armastusest inspireeritud skulptuur \u201cThe Fianc\u00e9s\u201d, mille autor on Pierre-Yves Rochon, on \u00f5rnuse ja helluse \u00fclistus.<br \/>Teos on hoolikalt valmistatud klaasipastast roosades ja rohekassinistes toonides, j\u00e4\u00e4dvustades armastajate \u00f5rna liikumise igaveses embuses.<br \/>Daum sajanditepikkune meisterlikkus toob selle t\u00f6\u00f6 ellu, kus v\u00e4rvilised l\u00e4bipaistvused m\u00e4ngivad loomuliku valgusega.<br \/>See imposantne skulptuur lisab ruumile elegantsi ja rafineeritust, kutsudes j\u00e4\u00e4dvustama seda ajas peatunud intiimsuse hetke.   <\/p>\n","protected":false},"featured_media":20933,"template":"","meta":{"_acf_changed":false},"product_brand":[486],"product_cat":[476,243,238],"product_tag":[],"class_list":{"0":"post-20985","1":"product","2":"type-product","3":"status-publish","4":"has-post-thumbnail","6":"product_brand-daum-et","7":"product_cat-skulptuurid","8":"product_cat-kingitused","9":"product_cat-kodu-kaunistused","10":"nt-post-class","11":"","17":"first","18":"instock","19":"taxable","20":"shipping-taxable","21":"purchasable","22":"product-type-simple"},"acf":[],"_links":{"self":[{"href":"https:\/\/store.astieks.com\/et\/wp-json\/wp\/v2\/product\/20985","targetHints":{"allow":["GET"]}}],"collection":[{"href":"https:\/\/store.astieks.com\/et\/wp-json\/wp\/v2\/product"}],"about":[{"href":"https:\/\/store.astieks.com\/et\/wp-json\/wp\/v2\/types\/product"}],"version-history":[{"count":1,"href":"https:\/\/store.astieks.com\/et\/wp-json\/wp\/v2\/product\/20985\/revisions"}],"predecessor-version":[{"id":21014,"href":"https:\/\/store.astieks.com\/et\/wp-json\/wp\/v2\/product\/20985\/revisions\/21014"}],"wp:featuredmedia":[{"embeddable":true,"href":"https:\/\/store.astieks.com\/et\/wp-json\/wp\/v2\/media\/20933"}],"wp:attachment":[{"href":"https:\/\/store.astieks.com\/et\/wp-json\/wp\/v2\/media?parent=20985"}],"wp:term":[{"taxonomy":"product_brand","embeddable":true,"href":"https:\/\/store.astieks.com\/et\/wp-json\/wp\/v2\/product_brand?post=20985"},{"taxonomy":"product_cat","embeddable":true,"href":"https:\/\/store.astieks.com\/et\/wp-json\/wp\/v2\/product_cat?post=20985"},{"taxonomy":"product_tag","embeddable":true,"href":"https:\/\/store.astieks.com\/et\/wp-json\/wp\/v2\/product_tag?post=20985"}],"curies":[{"name":"wp","href":"https:\/\/api.w.org\/{rel}","templated":true}]}}