{"id":20976,"date":"2026-04-14T17:11:06","date_gmt":"2026-04-14T15:11:06","guid":{"rendered":"https:\/\/store.astieks.com\/product\/daum-crystal-chinese-horoscope-rabbits-amber-grey\/"},"modified":"2026-04-15T12:55:12","modified_gmt":"2026-04-15T10:55:12","slug":"daum-crystal-chinese-horoscope-rabbits-amber-grey","status":"publish","type":"product","link":"https:\/\/store.astieks.com\/et\/product\/daum-crystal-chinese-horoscope-rabbits-amber-grey\/","title":{"rendered":"Daum kristallist Hiina horoskoobi J\u00e4nes, merevaik-hall toon"},"content":{"rendered":"<p>Materjal: kristall<br \/>M\u00f5\u00f5dud: 7 \u00d7 9,2 \u00d7 6,2 cm<\/p>\n","protected":false},"excerpt":{"rendered":"<p>Elegantne \u201cRabbits\u201d figuur Daum Hiina horoskoobi kollektsioonist, mis s\u00fcmboliseerib harmooniat, \u00f5nne ja pikaealisust.<br \/>Ese on valmistatud rafineeritud merevaigu- ja hallides toonides, sujuvate kristalliliste \u00fcleminekutega, mis loovad s\u00fcgavuse ja valguse m\u00e4ngu.<br \/>Valmistatud iseloomulikus p\u00e2te de verre tehnikas, mis annab teosele rikkaliku v\u00e4rvigamma, pehme tekstuuri ja \u00f5rna detaili.<br \/>Ideaalne kingitus ning stiilne sisekujunduselement igasse interj\u00f6\u00f6ri.   <\/p>\n","protected":false},"featured_media":20941,"template":"","meta":{"_acf_changed":false},"product_brand":[486],"product_cat":[476,243,238],"product_tag":[],"class_list":{"0":"post-20976","1":"product","2":"type-product","3":"status-publish","4":"has-post-thumbnail","6":"product_brand-daum-et","7":"product_cat-skulptuurid","8":"product_cat-kingitused","9":"product_cat-kodu-kaunistused","10":"nt-post-class","11":"","17":"first","18":"instock","19":"taxable","20":"shipping-taxable","21":"purchasable","22":"product-type-simple"},"acf":[],"_links":{"self":[{"href":"https:\/\/store.astieks.com\/et\/wp-json\/wp\/v2\/product\/20976","targetHints":{"allow":["GET"]}}],"collection":[{"href":"https:\/\/store.astieks.com\/et\/wp-json\/wp\/v2\/product"}],"about":[{"href":"https:\/\/store.astieks.com\/et\/wp-json\/wp\/v2\/types\/product"}],"version-history":[{"count":1,"href":"https:\/\/store.astieks.com\/et\/wp-json\/wp\/v2\/product\/20976\/revisions"}],"predecessor-version":[{"id":20983,"href":"https:\/\/store.astieks.com\/et\/wp-json\/wp\/v2\/product\/20976\/revisions\/20983"}],"wp:featuredmedia":[{"embeddable":true,"href":"https:\/\/store.astieks.com\/et\/wp-json\/wp\/v2\/media\/20941"}],"wp:attachment":[{"href":"https:\/\/store.astieks.com\/et\/wp-json\/wp\/v2\/media?parent=20976"}],"wp:term":[{"taxonomy":"product_brand","embeddable":true,"href":"https:\/\/store.astieks.com\/et\/wp-json\/wp\/v2\/product_brand?post=20976"},{"taxonomy":"product_cat","embeddable":true,"href":"https:\/\/store.astieks.com\/et\/wp-json\/wp\/v2\/product_cat?post=20976"},{"taxonomy":"product_tag","embeddable":true,"href":"https:\/\/store.astieks.com\/et\/wp-json\/wp\/v2\/product_tag?post=20976"}],"curies":[{"name":"wp","href":"https:\/\/api.w.org\/{rel}","templated":true}]}}