{"id":20969,"date":"2026-04-14T17:16:11","date_gmt":"2026-04-14T15:16:11","guid":{"rendered":"https:\/\/store.astieks.com\/product\/daum-doudours-amber-serge-mansau-375-ex-bear\/"},"modified":"2026-04-15T12:53:37","modified_gmt":"2026-04-15T10:53:37","slug":"daum-doudours-amber-serge-mansau-375-ex-bear","status":"publish","type":"product","link":"https:\/\/store.astieks.com\/et\/product\/daum-doudours-amber-serge-mansau-375-ex-bear\/","title":{"rendered":"Daum Doudours merevaiguv\u00e4rvi karu, Serge Mansau, 375 tk"},"content":{"rendered":"<p>Materjal: kristall<br \/>Piiratud seeria: 145\/375<br \/>M\u00f5\u00f5dud: 9 \u00d7 11,5 \u00d7 15 cm<br \/>V\u00e4rv: merevaik<br \/>Kaal: 1,08 kg<br \/>Kollektsioon: Doudours by Serge Mansau<br \/>Valmistatud: Prantsusmaa<\/p>\n","protected":false},"excerpt":{"rendered":"<p>Elegantne \u201cTeddy Bear\u201d kujuke Daum\u2019ilt, valmistatud merevaiguv\u00e4rvi kristallist ning kuulub piiratud tiraa\u017ei \u2013 vaid 375 eksemplari. See on loodud kollektsiooni Doudours, mille autor on Serge Mansau. Kujukest iseloomustavad pehmed, \u00fcmarad vormid ning erakordne meisterlikkus, mis on omane tuntud Prantsuse kristallimajale Daum. <\/p>\n","protected":false},"featured_media":20946,"template":"","meta":{"_acf_changed":false},"product_brand":[486],"product_cat":[476,243,238],"product_tag":[],"class_list":{"0":"post-20969","1":"product","2":"type-product","3":"status-publish","4":"has-post-thumbnail","6":"product_brand-daum-et","7":"product_cat-skulptuurid","8":"product_cat-kingitused","9":"product_cat-kodu-kaunistused","10":"nt-post-class","11":"","17":"first","18":"instock","19":"taxable","20":"shipping-taxable","21":"purchasable","22":"product-type-simple"},"acf":[],"_links":{"self":[{"href":"https:\/\/store.astieks.com\/et\/wp-json\/wp\/v2\/product\/20969","targetHints":{"allow":["GET"]}}],"collection":[{"href":"https:\/\/store.astieks.com\/et\/wp-json\/wp\/v2\/product"}],"about":[{"href":"https:\/\/store.astieks.com\/et\/wp-json\/wp\/v2\/types\/product"}],"version-history":[{"count":1,"href":"https:\/\/store.astieks.com\/et\/wp-json\/wp\/v2\/product\/20969\/revisions"}],"predecessor-version":[{"id":20981,"href":"https:\/\/store.astieks.com\/et\/wp-json\/wp\/v2\/product\/20969\/revisions\/20981"}],"wp:featuredmedia":[{"embeddable":true,"href":"https:\/\/store.astieks.com\/et\/wp-json\/wp\/v2\/media\/20946"}],"wp:attachment":[{"href":"https:\/\/store.astieks.com\/et\/wp-json\/wp\/v2\/media?parent=20969"}],"wp:term":[{"taxonomy":"product_brand","embeddable":true,"href":"https:\/\/store.astieks.com\/et\/wp-json\/wp\/v2\/product_brand?post=20969"},{"taxonomy":"product_cat","embeddable":true,"href":"https:\/\/store.astieks.com\/et\/wp-json\/wp\/v2\/product_cat?post=20969"},{"taxonomy":"product_tag","embeddable":true,"href":"https:\/\/store.astieks.com\/et\/wp-json\/wp\/v2\/product_tag?post=20969"}],"curies":[{"name":"wp","href":"https:\/\/api.w.org\/{rel}","templated":true}]}}