{"id":20963,"date":"2026-04-11T12:26:35","date_gmt":"2026-04-11T10:26:35","guid":{"rendered":"https:\/\/store.astieks.com\/product\/lalique-souffle-damour-pendant-red-crystal-18k-yellow-gold-plated\/"},"modified":"2026-04-11T12:26:35","modified_gmt":"2026-04-11T10:26:35","slug":"lalique-souffle-damour-pendant-red-crystal-18k-yellow-gold-plated","status":"publish","type":"product","link":"https:\/\/store.astieks.com\/et\/product\/lalique-souffle-damour-pendant-red-crystal-18k-yellow-gold-plated\/","title":{"rendered":"Lalique \u201cSouffle d\u2019amour\u201d ripats, punane kristall, kaetud 18K kollase kullaga."},"content":{"rendered":"<p>Souffle d\u2019Amour ripats toob Amoureuse\u2019i s\u00fcdame sentimentaalse versiooni uuesti esile \u00f5rna iroonilise puudutusega, mis on meie maja s\u00fcmboliks.<\/p>\n<p>Kristall, mis n\u00e4ib olevat vormitud unustamatu hinget\u00f5mbe j\u00f5ul \u2013 Lalique\u2019i disainimeisterlikkus on tajutav igas detailis. Iga kumerus ja kristalli vorm peegeldab kunstilist ning loomingulist l\u00e4henemist. Ripatsiga on kaasas tooniga sobiv pael.<\/p>\n<ul>\n<li>Punane kristall, 18K kollase kullaga kaetud.<\/li>\n<li>Ripatsiga on kaasas punane pael.<\/li>\n<li>M\u00f5\u00f5tmed: motiiv: P 2,6 cm x L 3,32 cm. Paksus 3,8 cm. Lalique\u2019i pael: P 85 cm (reguleeritav)  <\/li>\n<\/ul>\n","protected":false},"excerpt":{"rendered":"<p>Souffle d\u2019Amour ripats toob Amoureuse\u2019i s\u00fcdame sentimentaalse versiooni uuesti esile \u00f5rna iroonilise puudutusega, mis on meie maja s\u00fcmboliks. Kristall, mis n\u00e4ib olevat vormitud unustamatu hinget\u00f5mbe j\u00f5ul \u2013 Lalique\u2019i disainimeisterlikkus on tajutav igas detailis. Iga kumerus ja kristalli vorm peegeldab kunstilist ning loomingulist l\u00e4henemist. Ripatsiga on kaasas tooniga sobiv pael. Punane kristall, 18K kollase kullaga kaetud&#8230;.<\/p>\n","protected":false},"featured_media":20777,"template":"","meta":{"_acf_changed":false},"product_brand":[647],"product_cat":[243],"product_tag":[],"class_list":{"0":"post-20963","1":"product","2":"type-product","3":"status-publish","4":"has-post-thumbnail","6":"product_brand-lalique","7":"product_cat-kingitused","8":"nt-post-class","9":"","12":"excerpt-none","15":"first","16":"outofstock","17":"taxable","18":"shipping-taxable","19":"purchasable","20":"product-type-simple"},"acf":[],"_links":{"self":[{"href":"https:\/\/store.astieks.com\/et\/wp-json\/wp\/v2\/product\/20963","targetHints":{"allow":["GET"]}}],"collection":[{"href":"https:\/\/store.astieks.com\/et\/wp-json\/wp\/v2\/product"}],"about":[{"href":"https:\/\/store.astieks.com\/et\/wp-json\/wp\/v2\/types\/product"}],"version-history":[{"count":0,"href":"https:\/\/store.astieks.com\/et\/wp-json\/wp\/v2\/product\/20963\/revisions"}],"wp:featuredmedia":[{"embeddable":true,"href":"https:\/\/store.astieks.com\/et\/wp-json\/wp\/v2\/media\/20777"}],"wp:attachment":[{"href":"https:\/\/store.astieks.com\/et\/wp-json\/wp\/v2\/media?parent=20963"}],"wp:term":[{"taxonomy":"product_brand","embeddable":true,"href":"https:\/\/store.astieks.com\/et\/wp-json\/wp\/v2\/product_brand?post=20963"},{"taxonomy":"product_cat","embeddable":true,"href":"https:\/\/store.astieks.com\/et\/wp-json\/wp\/v2\/product_cat?post=20963"},{"taxonomy":"product_tag","embeddable":true,"href":"https:\/\/store.astieks.com\/et\/wp-json\/wp\/v2\/product_tag?post=20963"}],"curies":[{"name":"wp","href":"https:\/\/api.w.org\/{rel}","templated":true}]}}