{"id":20960,"date":"2026-04-14T14:55:49","date_gmt":"2026-04-14T12:55:49","guid":{"rendered":"https:\/\/store.astieks.com\/product\/daum-doudours-blanc-serge-mansau-375-ex-bear\/"},"modified":"2026-04-14T17:47:29","modified_gmt":"2026-04-14T15:47:29","slug":"daum-doudours-blanc-serge-mansau-375-ex-bear","status":"publish","type":"product","link":"https:\/\/store.astieks.com\/et\/product\/daum-doudours-blanc-serge-mansau-375-ex-bear\/","title":{"rendered":"Daum Doudours valge Serge Mansau 375 ex karu"},"content":{"rendered":"<p>Materjal: kristall<br \/>Piiratud tiraa\u017e: 172\/375<br \/>M\u00f5\u00f5dud: 9 \u00d7 11,5 \u00d7 15 cm<br \/>V\u00e4rv: valge<br \/>Kaal: 1,08 kg<br \/>Kollektsioon: Doudours (autor Serge Mansau)<br \/>Tootjariik: Prantsusmaa<\/p>\n","protected":false},"excerpt":{"rendered":"<p>Elegantne \u201cTeddy Bear\u201d kujuke Daum\u2019ilt, valmistatud valgest kristallist ning kuulub piiratud tiraa\u017ei \u2013 vaid 375 eksemplari. See on loodud kollektsiooni Doudours, mille autor on Serge Mansau. Kujukest iseloomustavad pehmed, \u00fcmarad vormid ning erakordne meisterlikkus, mis on omane tuntud Prantsuse kristallimajale Daum. <\/p>\n","protected":false},"featured_media":20922,"template":"","meta":{"_acf_changed":false},"product_brand":[486],"product_cat":[476],"product_tag":[],"class_list":{"0":"post-20960","1":"product","2":"type-product","3":"status-publish","4":"has-post-thumbnail","6":"product_brand-daum-et","7":"product_cat-skulptuurid","8":"nt-post-class","9":"","15":"first","16":"instock","17":"taxable","18":"shipping-taxable","19":"purchasable","20":"product-type-simple"},"acf":[],"_links":{"self":[{"href":"https:\/\/store.astieks.com\/et\/wp-json\/wp\/v2\/product\/20960","targetHints":{"allow":["GET"]}}],"collection":[{"href":"https:\/\/store.astieks.com\/et\/wp-json\/wp\/v2\/product"}],"about":[{"href":"https:\/\/store.astieks.com\/et\/wp-json\/wp\/v2\/types\/product"}],"version-history":[{"count":1,"href":"https:\/\/store.astieks.com\/et\/wp-json\/wp\/v2\/product\/20960\/revisions"}],"predecessor-version":[{"id":20962,"href":"https:\/\/store.astieks.com\/et\/wp-json\/wp\/v2\/product\/20960\/revisions\/20962"}],"wp:featuredmedia":[{"embeddable":true,"href":"https:\/\/store.astieks.com\/et\/wp-json\/wp\/v2\/media\/20922"}],"wp:attachment":[{"href":"https:\/\/store.astieks.com\/et\/wp-json\/wp\/v2\/media?parent=20960"}],"wp:term":[{"taxonomy":"product_brand","embeddable":true,"href":"https:\/\/store.astieks.com\/et\/wp-json\/wp\/v2\/product_brand?post=20960"},{"taxonomy":"product_cat","embeddable":true,"href":"https:\/\/store.astieks.com\/et\/wp-json\/wp\/v2\/product_cat?post=20960"},{"taxonomy":"product_tag","embeddable":true,"href":"https:\/\/store.astieks.com\/et\/wp-json\/wp\/v2\/product_tag?post=20960"}],"curies":[{"name":"wp","href":"https:\/\/api.w.org\/{rel}","templated":true}]}}