{"id":20859,"date":"2026-04-11T11:56:01","date_gmt":"2026-04-11T09:56:01","guid":{"rendered":"https:\/\/store.astieks.com\/product\/lalique-ombelles-vase-clear-crystal\/"},"modified":"2026-04-11T11:56:01","modified_gmt":"2026-04-11T09:56:01","slug":"lalique-ombelles-vase-clear-crystal","status":"publish","type":"product","link":"https:\/\/store.astieks.com\/et\/product\/lalique-ombelles-vase-clear-crystal\/","title":{"rendered":"LALIQUE Ombelles vaas, L\u00e4bipaistev kristall"},"content":{"rendered":"<p>Umbellide vaas kujutab \u00f5rnade lillede disaini, mis painduvad tuule k\u00e4es. Satiinviimistlusega kristall ja vaasi kaasaegne vorm annavad suurep\u00e4raselt edasi \u00f5rna liikumise tunnet. <\/p>\n<p>Tooteinfo<\/p>\n<ul>\n<li>L\u00e4bipaistev kristall<\/li>\n<li>Suurused: H 29 x L 14 x W 19.2 cm<\/li>\n<li>Kaal: 3.1 kg<\/li>\n<li>K\u00e4sitsi valmistatud Prantsusmaal<\/li>\n<\/ul>\n","protected":false},"excerpt":{"rendered":"<p>Umbellide vaas kujutab \u00f5rnade lillede disaini, mis painduvad tuule k\u00e4es. Satiinviimistlusega kristall ja vaasi kaasaegne vorm annavad suurep\u00e4raselt edasi \u00f5rna liikumise tunnet. Tooteinfo L\u00e4bipaistev kristall Suurused: H 29 x L 14 x W 19.2 cm Kaal: 3.1 kg K\u00e4sitsi valmistatud Prantsusmaal<\/p>\n","protected":false},"featured_media":20756,"template":"","meta":{"_acf_changed":false},"product_brand":[647],"product_cat":[243,285,283],"product_tag":[],"class_list":{"0":"post-20859","1":"product","2":"type-product","3":"status-publish","4":"has-post-thumbnail","6":"product_brand-lalique","7":"product_cat-kingitused","8":"product_cat-kristall","9":"product_cat-vaasid","10":"nt-post-class","11":"","14":"excerpt-none","17":"first","18":"instock","19":"taxable","20":"shipping-taxable","21":"purchasable","22":"product-type-simple"},"acf":[],"_links":{"self":[{"href":"https:\/\/store.astieks.com\/et\/wp-json\/wp\/v2\/product\/20859","targetHints":{"allow":["GET"]}}],"collection":[{"href":"https:\/\/store.astieks.com\/et\/wp-json\/wp\/v2\/product"}],"about":[{"href":"https:\/\/store.astieks.com\/et\/wp-json\/wp\/v2\/types\/product"}],"version-history":[{"count":0,"href":"https:\/\/store.astieks.com\/et\/wp-json\/wp\/v2\/product\/20859\/revisions"}],"wp:featuredmedia":[{"embeddable":true,"href":"https:\/\/store.astieks.com\/et\/wp-json\/wp\/v2\/media\/20756"}],"wp:attachment":[{"href":"https:\/\/store.astieks.com\/et\/wp-json\/wp\/v2\/media?parent=20859"}],"wp:term":[{"taxonomy":"product_brand","embeddable":true,"href":"https:\/\/store.astieks.com\/et\/wp-json\/wp\/v2\/product_brand?post=20859"},{"taxonomy":"product_cat","embeddable":true,"href":"https:\/\/store.astieks.com\/et\/wp-json\/wp\/v2\/product_cat?post=20859"},{"taxonomy":"product_tag","embeddable":true,"href":"https:\/\/store.astieks.com\/et\/wp-json\/wp\/v2\/product_tag?post=20859"}],"curies":[{"name":"wp","href":"https:\/\/api.w.org\/{rel}","templated":true}]}}