{"id":20858,"date":"2026-04-11T12:02:15","date_gmt":"2026-04-11T10:02:15","guid":{"rendered":"https:\/\/store.astieks.com\/product\/lalique-ombelles-vase-gold-luster-crystal\/"},"modified":"2026-04-13T15:14:57","modified_gmt":"2026-04-13T13:14:57","slug":"lalique-ombelles-vase-gold-luster-crystal","status":"publish","type":"product","link":"https:\/\/store.astieks.com\/et\/product\/lalique-ombelles-vase-gold-luster-crystal\/","title":{"rendered":"LALIQUE Ombelles vaas, kuldne l\u00e4ikega kristall"},"content":{"rendered":"<p>Umbellide vaas kujutab \u00f5rnade lillede disaini, mis painduvad tuule k\u00e4es. Satiinviimistlusega kristall ja vaasi kaasaegne vorm annavad suurep\u00e4raselt edasi \u00f5rna liikumise tunnet. <\/p>\n<p>Tooteinfo<\/p>\n<div id=\"ProductAccordion-product_information\" class=\"accordion__content rte\">\n<ul>\n<li>l\u00e4bipaistev kristall, kuldse l\u00e4ikega<\/li>\n<li>Suurused: H 29 x L 14 x W 19.2 cm<\/li>\n<li>Kaal: 3.1 kg<\/li>\n<li>K\u00e4sitsi valmistatud Prantsusmaal<\/li>\n<\/ul>\n<\/div>\n","protected":false},"excerpt":{"rendered":"<p>Umbellide vaas kujutab \u00f5rnade lillede disaini, mis painduvad tuule k\u00e4es. Satiinviimistlusega kristall ja vaasi kaasaegne vorm annavad suurep\u00e4raselt edasi \u00f5rna liikumise tunnet. Tooteinfo l\u00e4bipaistev kristall, kuldse l\u00e4ikega Suurused: H 29 x L 14 x W 19.2 cm Kaal: 3.1 kg K\u00e4sitsi valmistatud Prantsusmaal<\/p>\n","protected":false},"featured_media":20761,"template":"","meta":{"_acf_changed":false},"product_brand":[647],"product_cat":[243,285,283],"product_tag":[],"class_list":{"0":"post-20858","1":"product","2":"type-product","3":"status-publish","4":"has-post-thumbnail","6":"product_brand-lalique","7":"product_cat-kingitused","8":"product_cat-kristall","9":"product_cat-vaasid","10":"nt-post-class","11":"","14":"excerpt-none","17":"first","18":"instock","19":"taxable","20":"shipping-taxable","21":"purchasable","22":"product-type-simple"},"acf":[],"_links":{"self":[{"href":"https:\/\/store.astieks.com\/et\/wp-json\/wp\/v2\/product\/20858","targetHints":{"allow":["GET"]}}],"collection":[{"href":"https:\/\/store.astieks.com\/et\/wp-json\/wp\/v2\/product"}],"about":[{"href":"https:\/\/store.astieks.com\/et\/wp-json\/wp\/v2\/types\/product"}],"version-history":[{"count":1,"href":"https:\/\/store.astieks.com\/et\/wp-json\/wp\/v2\/product\/20858\/revisions"}],"predecessor-version":[{"id":20860,"href":"https:\/\/store.astieks.com\/et\/wp-json\/wp\/v2\/product\/20858\/revisions\/20860"}],"wp:featuredmedia":[{"embeddable":true,"href":"https:\/\/store.astieks.com\/et\/wp-json\/wp\/v2\/media\/20761"}],"wp:attachment":[{"href":"https:\/\/store.astieks.com\/et\/wp-json\/wp\/v2\/media?parent=20858"}],"wp:term":[{"taxonomy":"product_brand","embeddable":true,"href":"https:\/\/store.astieks.com\/et\/wp-json\/wp\/v2\/product_brand?post=20858"},{"taxonomy":"product_cat","embeddable":true,"href":"https:\/\/store.astieks.com\/et\/wp-json\/wp\/v2\/product_cat?post=20858"},{"taxonomy":"product_tag","embeddable":true,"href":"https:\/\/store.astieks.com\/et\/wp-json\/wp\/v2\/product_tag?post=20858"}],"curies":[{"name":"wp","href":"https:\/\/api.w.org\/{rel}","templated":true}]}}