{"id":20855,"date":"2026-04-11T12:18:16","date_gmt":"2026-04-11T10:18:16","guid":{"rendered":"https:\/\/store.astieks.com\/product\/lalique-souffle-damour-pendant-clear-crystal-silver\/"},"modified":"2026-04-14T17:48:47","modified_gmt":"2026-04-14T15:48:47","slug":"lalique-souffle-damour-pendant-clear-crystal-silver","status":"publish","type":"product","link":"https:\/\/store.astieks.com\/et\/product\/lalique-souffle-damour-pendant-clear-crystal-silver\/","title":{"rendered":"LALIQUE Souffle d\u2019amour ripats, l\u00e4bipaistev kristall, h\u00f5be"},"content":{"rendered":"<p>Souffle d\u2019Amour ripats toob Amoureuse\u2019i s\u00fcdame sentimentaalse versiooni uuesti esile \u00f5rna iroonilise puudutusega, mis on meie maja s\u00fcmboliks.<\/p>\n<p>Kristall on vormitud justkui unustamatu hinget\u00f5mbe poolt, kus Lalique\u2019i disainimeisterlikkus on alati kohal: iga k\u00f5ver ja iga maht kristallis peegeldab kunstilist ja loomingulist \u017eesti.<\/p>\n<ul>\n<li>L\u00e4bipaistev kristall, h\u00f5be<\/li>\n<li>Ripatsiga on kaasas sobivat v\u00e4rvi pael.<\/li>\n<li>M\u00f5\u00f5tmed: motiiv: P 2,6 cm x L 3,32 cm. Paksus 3,8 cm. Lalique\u2019i pael: P 85 cm (reguleeritav)  <\/li>\n<\/ul>\n","protected":false},"excerpt":{"rendered":"<p>Souffle d\u2019Amour ripats toob Amoureuse\u2019i s\u00fcdame sentimentaalse versiooni uuesti esile \u00f5rna iroonilise puudutusega, mis on meie maja s\u00fcmboliks. Kristall on vormitud justkui unustamatu hinget\u00f5mbe poolt, kus Lalique\u2019i disainimeisterlikkus on alati kohal: iga k\u00f5ver ja iga maht kristallis peegeldab kunstilist ja loomingulist \u017eesti. L\u00e4bipaistev kristall, h\u00f5be Ripatsiga on kaasas sobivat v\u00e4rvi pael. M\u00f5\u00f5tmed: motiiv: P 2,6&#8230;<\/p>\n","protected":false},"featured_media":20766,"template":"","meta":{"_acf_changed":false},"product_brand":[647],"product_cat":[243],"product_tag":[],"class_list":{"0":"post-20855","1":"product","2":"type-product","3":"status-publish","4":"has-post-thumbnail","6":"product_brand-lalique","7":"product_cat-kingitused","8":"nt-post-class","9":"","12":"excerpt-none","15":"first","16":"instock","17":"taxable","18":"shipping-taxable","19":"purchasable","20":"product-type-simple"},"acf":[],"_links":{"self":[{"href":"https:\/\/store.astieks.com\/et\/wp-json\/wp\/v2\/product\/20855","targetHints":{"allow":["GET"]}}],"collection":[{"href":"https:\/\/store.astieks.com\/et\/wp-json\/wp\/v2\/product"}],"about":[{"href":"https:\/\/store.astieks.com\/et\/wp-json\/wp\/v2\/types\/product"}],"version-history":[{"count":1,"href":"https:\/\/store.astieks.com\/et\/wp-json\/wp\/v2\/product\/20855\/revisions"}],"predecessor-version":[{"id":20857,"href":"https:\/\/store.astieks.com\/et\/wp-json\/wp\/v2\/product\/20855\/revisions\/20857"}],"wp:featuredmedia":[{"embeddable":true,"href":"https:\/\/store.astieks.com\/et\/wp-json\/wp\/v2\/media\/20766"}],"wp:attachment":[{"href":"https:\/\/store.astieks.com\/et\/wp-json\/wp\/v2\/media?parent=20855"}],"wp:term":[{"taxonomy":"product_brand","embeddable":true,"href":"https:\/\/store.astieks.com\/et\/wp-json\/wp\/v2\/product_brand?post=20855"},{"taxonomy":"product_cat","embeddable":true,"href":"https:\/\/store.astieks.com\/et\/wp-json\/wp\/v2\/product_cat?post=20855"},{"taxonomy":"product_tag","embeddable":true,"href":"https:\/\/store.astieks.com\/et\/wp-json\/wp\/v2\/product_tag?post=20855"}],"curies":[{"name":"wp","href":"https:\/\/api.w.org\/{rel}","templated":true}]}}