{"id":20852,"date":"2026-04-11T13:11:23","date_gmt":"2026-04-11T11:11:23","guid":{"rendered":"https:\/\/store.astieks.com\/product\/lalique-mustang-vase\/"},"modified":"2026-04-11T13:11:23","modified_gmt":"2026-04-11T11:11:23","slug":"lalique-mustang-vase","status":"publish","type":"product","link":"https:\/\/store.astieks.com\/et\/product\/lalique-mustang-vase\/","title":{"rendered":"LALIQUE Mustang vaas"},"content":{"rendered":"<p>Metsikute hobuste kari galopib \u00fcle selle vaasi, nende lehvivad lakad paljastavad nende t\u00f5elise vabaduse ulatuse.<\/p>\n<ul>\n<li>L\u00e4bipaistev kristall<\/li>\n<li>M\u00f5\u00f5tmed: K 17,8 x D 11,9 cm<\/li>\n<li>Kaal: 1,34 kg<\/li>\n<li>K\u00e4sitsi valmistatud Prantsusmaal<\/li>\n<\/ul>\n","protected":false},"excerpt":{"rendered":"<p>Metsikute hobuste kari galopib \u00fcle selle vaasi, nende lehvivad lakad paljastavad nende t\u00f5elise vabaduse ulatuse. L\u00e4bipaistev kristall M\u00f5\u00f5tmed: K 17,8 x D 11,9 cm Kaal: 1,34 kg K\u00e4sitsi valmistatud Prantsusmaal<\/p>\n","protected":false},"featured_media":20801,"template":"","meta":{"_acf_changed":false},"product_brand":[],"product_cat":[246],"product_tag":[],"class_list":{"0":"post-20852","1":"product","2":"type-product","3":"status-publish","4":"has-post-thumbnail","6":"product_cat-246","7":"nt-post-class","8":"","11":"excerpt-none","14":"first","15":"instock","16":"taxable","17":"shipping-taxable","18":"purchasable","19":"product-type-simple"},"acf":[],"_links":{"self":[{"href":"https:\/\/store.astieks.com\/et\/wp-json\/wp\/v2\/product\/20852","targetHints":{"allow":["GET"]}}],"collection":[{"href":"https:\/\/store.astieks.com\/et\/wp-json\/wp\/v2\/product"}],"about":[{"href":"https:\/\/store.astieks.com\/et\/wp-json\/wp\/v2\/types\/product"}],"version-history":[{"count":0,"href":"https:\/\/store.astieks.com\/et\/wp-json\/wp\/v2\/product\/20852\/revisions"}],"wp:featuredmedia":[{"embeddable":true,"href":"https:\/\/store.astieks.com\/et\/wp-json\/wp\/v2\/media\/20801"}],"wp:attachment":[{"href":"https:\/\/store.astieks.com\/et\/wp-json\/wp\/v2\/media?parent=20852"}],"wp:term":[{"taxonomy":"product_brand","embeddable":true,"href":"https:\/\/store.astieks.com\/et\/wp-json\/wp\/v2\/product_brand?post=20852"},{"taxonomy":"product_cat","embeddable":true,"href":"https:\/\/store.astieks.com\/et\/wp-json\/wp\/v2\/product_cat?post=20852"},{"taxonomy":"product_tag","embeddable":true,"href":"https:\/\/store.astieks.com\/et\/wp-json\/wp\/v2\/product_tag?post=20852"}],"curies":[{"name":"wp","href":"https:\/\/api.w.org\/{rel}","templated":true}]}}