{"id":20848,"date":"2026-04-11T13:51:34","date_gmt":"2026-04-11T11:51:34","guid":{"rendered":"https:\/\/store.astieks.com\/product\/lalique-anemone-small-sculpture-violet-crystal\/"},"modified":"2026-04-11T13:51:34","modified_gmt":"2026-04-11T11:51:34","slug":"lalique-anemone-small-sculpture-violet-crystal","status":"publish","type":"product","link":"https:\/\/store.astieks.com\/et\/product\/lalique-anemone-small-sculpture-violet-crystal\/","title":{"rendered":"LALIQUE Anemone v\u00e4ike skulptuur, violetne kristall"},"content":{"rendered":"<p>\u00d5rn lill ja puhtuse ning s\u00fc\u00fctuse s\u00fcmbol \u2014 anemoon inspireeris Ren\u00e9 Lalique\u2019i selle disaini loomisel 1931. aastal, algselt klaasis.<\/p>\n<p>Kristalli visioon, mis on \u00fchtaegu romantiline ja kaasaegne, n\u00e4idates, et loodus ja modernsus v\u00f5ivad kunstnike k\u00e4te all harmooniliselt p\u00f5imuda.<\/p>\n<p>Tooteinfo<\/p>\n<ul>\n<li>L\u00e4bipaistev kristall<\/li>\n<li>M\u00f5\u00f5tmed: K 4 x P 6 x L 5,1 cm<\/li>\n<li>Kaal: 0,039 kg<\/li>\n<li>K\u00e4sitsi valmistatud Prantsusmaal<\/li>\n<\/ul>\n","protected":false},"excerpt":{"rendered":"<p>\u00d5rn lill ja puhtuse ning s\u00fc\u00fctuse s\u00fcmbol \u2014 anemoon inspireeris Ren\u00e9 Lalique\u2019i selle disaini loomisel 1931. aastal, algselt klaasis. Kristalli visioon, mis on \u00fchtaegu romantiline ja kaasaegne, n\u00e4idates, et loodus ja modernsus v\u00f5ivad kunstnike k\u00e4te all harmooniliselt p\u00f5imuda. Tooteinfo L\u00e4bipaistev kristall M\u00f5\u00f5tmed: K 4 x P 6 x L 5,1 cm Kaal: 0,039 kg K\u00e4sitsi&#8230;<\/p>\n","protected":false},"featured_media":20880,"template":"","meta":{"_acf_changed":false},"product_brand":[647],"product_cat":[243],"product_tag":[],"class_list":{"0":"post-20848","1":"product","2":"type-product","3":"status-publish","4":"has-post-thumbnail","6":"product_brand-lalique","7":"product_cat-kingitused","8":"nt-post-class","9":"","12":"excerpt-none","15":"first","16":"instock","17":"taxable","18":"shipping-taxable","19":"purchasable","20":"product-type-simple"},"acf":[],"_links":{"self":[{"href":"https:\/\/store.astieks.com\/et\/wp-json\/wp\/v2\/product\/20848","targetHints":{"allow":["GET"]}}],"collection":[{"href":"https:\/\/store.astieks.com\/et\/wp-json\/wp\/v2\/product"}],"about":[{"href":"https:\/\/store.astieks.com\/et\/wp-json\/wp\/v2\/types\/product"}],"version-history":[{"count":0,"href":"https:\/\/store.astieks.com\/et\/wp-json\/wp\/v2\/product\/20848\/revisions"}],"wp:featuredmedia":[{"embeddable":true,"href":"https:\/\/store.astieks.com\/et\/wp-json\/wp\/v2\/media\/20880"}],"wp:attachment":[{"href":"https:\/\/store.astieks.com\/et\/wp-json\/wp\/v2\/media?parent=20848"}],"wp:term":[{"taxonomy":"product_brand","embeddable":true,"href":"https:\/\/store.astieks.com\/et\/wp-json\/wp\/v2\/product_brand?post=20848"},{"taxonomy":"product_cat","embeddable":true,"href":"https:\/\/store.astieks.com\/et\/wp-json\/wp\/v2\/product_cat?post=20848"},{"taxonomy":"product_tag","embeddable":true,"href":"https:\/\/store.astieks.com\/et\/wp-json\/wp\/v2\/product_tag?post=20848"}],"curies":[{"name":"wp","href":"https:\/\/api.w.org\/{rel}","templated":true}]}}