{"id":20843,"date":"2026-04-11T14:20:48","date_gmt":"2026-04-11T12:20:48","guid":{"rendered":"https:\/\/store.astieks.com\/product\/lalique-butterfly-mini-figurine\/"},"modified":"2026-04-13T12:39:25","modified_gmt":"2026-04-13T10:39:25","slug":"lalique-butterfly-mini-figurine","status":"publish","type":"product","link":"https:\/\/store.astieks.com\/et\/product\/lalique-butterfly-mini-figurine\/","title":{"rendered":"LALIQUE Butterfly mini skulptuur"},"content":{"rendered":"<p>Graatsiline miniatuurne liblikafiguriin Lalique\u2019ilt on t\u00f5eline kerguse ja peene ilu kehastus. Valmistatud kaubam\u00e4rgile omasest satiinviimistlusega kristallist, toob see esile \u00f5rnad jooned ja loomuliku graatsia, samas kui pehme valgusem\u00e4ng r\u00f5hutab iga detaili. <\/p>\n<p>Omadused:<\/p>\n<ul>\n<li>Originaalne Lalique\u2019i disain<\/li>\n<li>Satiinviimistlusega kristall<\/li>\n<li>Loodusest inspireeritud peened detailid<\/li>\n<li>Elegantne ja minimalistlik vorm<\/li>\n<li>Ideaalne kingituseks v\u00f5i kollektsioneerimiseks<\/li>\n<\/ul>\n","protected":false},"excerpt":{"rendered":"<p>Graatsiline miniatuurne liblikafiguriin Lalique\u2019ilt on t\u00f5eline kerguse ja peene ilu kehastus. Valmistatud kaubam\u00e4rgile omasest satiinviimistlusega kristallist, toob see esile \u00f5rnad jooned ja loomuliku graatsia, samas kui pehme valgusem\u00e4ng r\u00f5hutab iga detaili. Omadused: Originaalne Lalique\u2019i disain Satiinviimistlusega kristall Loodusest inspireeritud peened detailid Elegantne ja minimalistlik vorm Ideaalne kingituseks v\u00f5i kollektsioneerimiseks<\/p>\n","protected":false},"featured_media":20870,"template":"","meta":{"_acf_changed":false},"product_brand":[647],"product_cat":[243],"product_tag":[],"class_list":{"0":"post-20843","1":"product","2":"type-product","3":"status-publish","4":"has-post-thumbnail","6":"product_brand-lalique","7":"product_cat-kingitused","8":"nt-post-class","9":"","12":"excerpt-none","15":"first","16":"instock","17":"taxable","18":"shipping-taxable","19":"purchasable","20":"product-type-simple"},"acf":[],"_links":{"self":[{"href":"https:\/\/store.astieks.com\/et\/wp-json\/wp\/v2\/product\/20843","targetHints":{"allow":["GET"]}}],"collection":[{"href":"https:\/\/store.astieks.com\/et\/wp-json\/wp\/v2\/product"}],"about":[{"href":"https:\/\/store.astieks.com\/et\/wp-json\/wp\/v2\/types\/product"}],"version-history":[{"count":1,"href":"https:\/\/store.astieks.com\/et\/wp-json\/wp\/v2\/product\/20843\/revisions"}],"predecessor-version":[{"id":20845,"href":"https:\/\/store.astieks.com\/et\/wp-json\/wp\/v2\/product\/20843\/revisions\/20845"}],"wp:featuredmedia":[{"embeddable":true,"href":"https:\/\/store.astieks.com\/et\/wp-json\/wp\/v2\/media\/20870"}],"wp:attachment":[{"href":"https:\/\/store.astieks.com\/et\/wp-json\/wp\/v2\/media?parent=20843"}],"wp:term":[{"taxonomy":"product_brand","embeddable":true,"href":"https:\/\/store.astieks.com\/et\/wp-json\/wp\/v2\/product_brand?post=20843"},{"taxonomy":"product_cat","embeddable":true,"href":"https:\/\/store.astieks.com\/et\/wp-json\/wp\/v2\/product_cat?post=20843"},{"taxonomy":"product_tag","embeddable":true,"href":"https:\/\/store.astieks.com\/et\/wp-json\/wp\/v2\/product_tag?post=20843"}],"curies":[{"name":"wp","href":"https:\/\/api.w.org\/{rel}","templated":true}]}}