{"id":20550,"date":"2026-03-27T17:09:00","date_gmt":"2026-03-27T15:09:00","guid":{"rendered":"https:\/\/store.astieks.com\/product\/trudon-scented-hand-soap-medie\/"},"modified":"2026-03-27T17:09:00","modified_gmt":"2026-03-27T15:09:00","slug":"trudon-scented-hand-soap-medie","status":"publish","type":"product","link":"https:\/\/store.astieks.com\/et\/product\/trudon-scented-hand-soap-medie\/","title":{"rendered":"TRUDON l\u00f5hnastatud vedelseep M\u00e9die"},"content":{"rendered":"<p>Tuginedes Trudoni k\u00f5rgparf\u00fcmeeria (Haute Parfumerie) meisterlikkusele, esitleb Maison oma esimest k\u00e4tehooldussarja: kahest l\u00f5hnastatud k\u00e4tepesuseebist koosnev komplekt, mille l\u00f5hnad p\u00f5hinevad M\u00e9die ja Vixi Eau de Parfum\u2019il.<\/p>\n<p>350 ml pudelid on luksuslikud dekoratiivesemed, mis on inspireeritud 18. sajandi Euroopa kuninglike tualett-tarvetest. Taast\u00e4idetavad ning loodud t\u00e4iustama iga vannitoa v\u00f5i pesuruumi kogemust. <\/p>\n<p>Yann Vasnieri loodud M\u00e9die avaneb nahal kui tsitruseliste (hesperiidide) s\u00fcmfoonia, millele annavad s\u00e4ra p\u00e4ikeselised rohelised noodid. N\u00fc\u00fcdsest on ka vannitoal oma isikup\u00e4rane l\u00f5hnasignatuur. <\/p>\n","protected":false},"excerpt":{"rendered":"<dl>\n \tMaht: 350 ml<br \/>\nL\u00f5hnap\u00fcramiid<\/p>\n<dt>\n<\/dt>\n<dl>\n \tTipunoodid: mandariin, greip<br \/>\nS\u00fcdamenoodid: prantsuse k\u00fcpress, sambaki jasmiin<br \/>\nP\u00f5hjanoodid: viiruk, vetiver\n<\/dl>\n<\/dl>\n","protected":false},"featured_media":20514,"template":"","meta":{"_acf_changed":false},"product_brand":[492],"product_cat":[234,632],"product_tag":[],"class_list":{"0":"post-20550","1":"product","2":"type-product","3":"status-publish","4":"has-post-thumbnail","6":"product_brand-trudon-et","7":"product_cat-kehahooldus","8":"product_cat-vedelseep","9":"nt-post-class","10":"","16":"first","17":"instock","18":"taxable","19":"shipping-taxable","20":"purchasable","21":"product-type-simple"},"acf":[],"_links":{"self":[{"href":"https:\/\/store.astieks.com\/et\/wp-json\/wp\/v2\/product\/20550","targetHints":{"allow":["GET"]}}],"collection":[{"href":"https:\/\/store.astieks.com\/et\/wp-json\/wp\/v2\/product"}],"about":[{"href":"https:\/\/store.astieks.com\/et\/wp-json\/wp\/v2\/types\/product"}],"version-history":[{"count":0,"href":"https:\/\/store.astieks.com\/et\/wp-json\/wp\/v2\/product\/20550\/revisions"}],"wp:featuredmedia":[{"embeddable":true,"href":"https:\/\/store.astieks.com\/et\/wp-json\/wp\/v2\/media\/20514"}],"wp:attachment":[{"href":"https:\/\/store.astieks.com\/et\/wp-json\/wp\/v2\/media?parent=20550"}],"wp:term":[{"taxonomy":"product_brand","embeddable":true,"href":"https:\/\/store.astieks.com\/et\/wp-json\/wp\/v2\/product_brand?post=20550"},{"taxonomy":"product_cat","embeddable":true,"href":"https:\/\/store.astieks.com\/et\/wp-json\/wp\/v2\/product_cat?post=20550"},{"taxonomy":"product_tag","embeddable":true,"href":"https:\/\/store.astieks.com\/et\/wp-json\/wp\/v2\/product_tag?post=20550"}],"curies":[{"name":"wp","href":"https:\/\/api.w.org\/{rel}","templated":true}]}}