{"id":20360,"date":"2026-03-25T18:35:23","date_gmt":"2026-03-25T16:35:23","guid":{"rendered":"https:\/\/store.astieks.com\/product\/lalique-ombelles-bowl\/"},"modified":"2026-03-26T16:12:31","modified_gmt":"2026-03-26T14:12:31","slug":"lalique-ombelles-bowl","status":"publish","type":"product","link":"https:\/\/store.astieks.com\/et\/product\/lalique-ombelles-bowl\/","title":{"rendered":"LALIQUE Ombelles Kauss"},"content":{"rendered":"<p>Ombelles kauss on kujundatud \u00f5rnade lillede motiiviga, mis painduvad justkui tuule k\u00e4es. Mattviimistlusega kristall ja kaasaegne vorm annavad suurep\u00e4raselt edasi pehme liikumise tunnet. <\/p>\n","protected":false},"excerpt":{"rendered":"<ul>\n<li>L\u00e4bipaistev kristall<\/li>\n<li>Suurused: H 12.1 x L 30.2 x W 30.2 cm<\/li>\n<li>Kaal: 3.3 kg<\/li>\n<li>K\u00e4sitsi valmistatud Prantsusmaal<\/li>\n<\/ul>\n","protected":false},"featured_media":20751,"template":"","meta":{"_acf_changed":false},"product_brand":[647],"product_cat":[479,243,238,268],"product_tag":[],"class_list":{"0":"post-20360","1":"product","2":"type-product","3":"status-publish","4":"has-post-thumbnail","6":"product_brand-lalique","7":"product_cat-kauss","8":"product_cat-kingitused","9":"product_cat-kodu-kaunistused","10":"product_cat-lauanoud","11":"nt-post-class","12":"","18":"first","19":"instock","20":"taxable","21":"shipping-taxable","22":"purchasable","23":"product-type-simple"},"acf":[],"_links":{"self":[{"href":"https:\/\/store.astieks.com\/et\/wp-json\/wp\/v2\/product\/20360","targetHints":{"allow":["GET"]}}],"collection":[{"href":"https:\/\/store.astieks.com\/et\/wp-json\/wp\/v2\/product"}],"about":[{"href":"https:\/\/store.astieks.com\/et\/wp-json\/wp\/v2\/types\/product"}],"version-history":[{"count":2,"href":"https:\/\/store.astieks.com\/et\/wp-json\/wp\/v2\/product\/20360\/revisions"}],"predecessor-version":[{"id":20365,"href":"https:\/\/store.astieks.com\/et\/wp-json\/wp\/v2\/product\/20360\/revisions\/20365"}],"wp:featuredmedia":[{"embeddable":true,"href":"https:\/\/store.astieks.com\/et\/wp-json\/wp\/v2\/media\/20751"}],"wp:attachment":[{"href":"https:\/\/store.astieks.com\/et\/wp-json\/wp\/v2\/media?parent=20360"}],"wp:term":[{"taxonomy":"product_brand","embeddable":true,"href":"https:\/\/store.astieks.com\/et\/wp-json\/wp\/v2\/product_brand?post=20360"},{"taxonomy":"product_cat","embeddable":true,"href":"https:\/\/store.astieks.com\/et\/wp-json\/wp\/v2\/product_cat?post=20360"},{"taxonomy":"product_tag","embeddable":true,"href":"https:\/\/store.astieks.com\/et\/wp-json\/wp\/v2\/product_tag?post=20360"}],"curies":[{"name":"wp","href":"https:\/\/api.w.org\/{rel}","templated":true}]}}