{"id":20322,"date":"2026-03-25T16:30:07","date_gmt":"2026-03-25T14:30:07","guid":{"rendered":"https:\/\/store.astieks.com\/product\/lalique-languedoc-small-vase-black\/"},"modified":"2026-03-25T16:47:29","modified_gmt":"2026-03-25T14:47:29","slug":"lalique-languedoc-small-vase-black","status":"publish","type":"product","link":"https:\/\/store.astieks.com\/et\/product\/lalique-languedoc-small-vase-black\/","title":{"rendered":"LALIQUE LANGUEDOC must v\u00e4ike vaas"},"content":{"rendered":"<p>Languedoci vaas viib meid Languedoci piirkonda. Mere ja m\u00e4gede vahel paiknev p\u00e4ikeseline L\u00f5una-Prantsusmaa ala pakub mitmekesiseid maastikke: avarad v\u00e4ljad, p\u00f5\u00f5sastikud, iidsed m\u00e4emassiivid ja kaunid kurud. Selle maa toore ilu on inspireerinud paljusid kunstnikke, sealhulgas Ren\u00e9 Lalique\u2019i, kes l\u00f5i selle vaasi 1929. aastal, r\u00f5hutatud reljeefi ja heldete proportsioonidega.  <\/p>\n","protected":false},"excerpt":{"rendered":"<p>Matt- ja l\u00e4ikivaks poleeritud kristallist valmistatud vaasil korduvad kaktuselehed, luues graafilise ja r\u00fctmilise mustri.<\/p>\n","protected":false},"featured_media":20320,"template":"","meta":{"_acf_changed":false},"product_brand":[647],"product_cat":[243,238,285,283],"product_tag":[],"class_list":{"0":"post-20322","1":"product","2":"type-product","3":"status-publish","4":"has-post-thumbnail","6":"product_brand-lalique","7":"product_cat-kingitused","8":"product_cat-kodu-kaunistused","9":"product_cat-kristall","10":"product_cat-vaasid","11":"nt-post-class","12":"","18":"first","19":"instock","20":"taxable","21":"shipping-taxable","22":"purchasable","23":"product-type-simple"},"acf":[],"_links":{"self":[{"href":"https:\/\/store.astieks.com\/et\/wp-json\/wp\/v2\/product\/20322","targetHints":{"allow":["GET"]}}],"collection":[{"href":"https:\/\/store.astieks.com\/et\/wp-json\/wp\/v2\/product"}],"about":[{"href":"https:\/\/store.astieks.com\/et\/wp-json\/wp\/v2\/types\/product"}],"version-history":[{"count":2,"href":"https:\/\/store.astieks.com\/et\/wp-json\/wp\/v2\/product\/20322\/revisions"}],"predecessor-version":[{"id":20327,"href":"https:\/\/store.astieks.com\/et\/wp-json\/wp\/v2\/product\/20322\/revisions\/20327"}],"wp:featuredmedia":[{"embeddable":true,"href":"https:\/\/store.astieks.com\/et\/wp-json\/wp\/v2\/media\/20320"}],"wp:attachment":[{"href":"https:\/\/store.astieks.com\/et\/wp-json\/wp\/v2\/media?parent=20322"}],"wp:term":[{"taxonomy":"product_brand","embeddable":true,"href":"https:\/\/store.astieks.com\/et\/wp-json\/wp\/v2\/product_brand?post=20322"},{"taxonomy":"product_cat","embeddable":true,"href":"https:\/\/store.astieks.com\/et\/wp-json\/wp\/v2\/product_cat?post=20322"},{"taxonomy":"product_tag","embeddable":true,"href":"https:\/\/store.astieks.com\/et\/wp-json\/wp\/v2\/product_tag?post=20322"}],"curies":[{"name":"wp","href":"https:\/\/api.w.org\/{rel}","templated":true}]}}