{"id":20314,"date":"2026-03-25T15:45:29","date_gmt":"2026-03-25T13:45:29","guid":{"rendered":"https:\/\/store.astieks.com\/product\/lalique-tourbillons-vase-black-platinum-enamelled-999ex\/"},"modified":"2026-03-25T16:56:18","modified_gmt":"2026-03-25T14:56:18","slug":"lalique-tourbillons-vase-black-platinum-enamelled-999ex","status":"publish","type":"product","link":"https:\/\/store.astieks.com\/et\/product\/lalique-tourbillons-vase-black-platinum-enamelled-999ex\/","title":{"rendered":"LALIQUE Tourbillons vaas, must kristall plaatinaemailiga (piiratud tiraa\u017e \u2013 999 eksemplari)"},"content":{"rendered":"<p>Lalique Tourbillons vaas, piiratud tiraa\u017e (nr 074\/999).<br \/>Must kristall plaatinaemailiga.<br \/>Kaasas autentsussertifikaat. <\/p>\n<p>Ikooniline ese \u2013 Tourbillons vaas, mille l\u00f5i 1926. aastal Suzanne Lalique Haviland, Ren\u00e9 Lalique\u2019i t\u00fctar.<br \/>\u00d5itsva s\u00f5najala \u00f5rnusest inspireerituna kujundas Suzanne vaasi voogavate, keerlevate vormidega. See looming on juba ligi sajandi s\u00fcmboliseerinud Lalique\u2019i maja loomingulist julgust ja klaasikunsti tipptaset. <\/p>\n","protected":false},"excerpt":{"rendered":"<p>Sada aastat tagasi kujundas Ren\u00e9 Lalique\u2019i t\u00fctar Suzanne vaasi voogavate, keerlevate joontega, inspireerituna \u00f5itsva s\u00f5najala graatsilisusest.<br \/>Tema isa t\u00f5i selle idee ellu Tourbillons vaasina.<\/p>\n","protected":false},"featured_media":20295,"template":"","meta":{"_acf_changed":false},"product_brand":[647],"product_cat":[243,238,285,283],"product_tag":[],"class_list":{"0":"post-20314","1":"product","2":"type-product","3":"status-publish","4":"has-post-thumbnail","6":"product_brand-lalique","7":"product_cat-kingitused","8":"product_cat-kodu-kaunistused","9":"product_cat-kristall","10":"product_cat-vaasid","11":"nt-post-class","12":"","18":"first","19":"instock","20":"taxable","21":"shipping-taxable","22":"purchasable","23":"product-type-simple"},"acf":[],"_links":{"self":[{"href":"https:\/\/store.astieks.com\/et\/wp-json\/wp\/v2\/product\/20314","targetHints":{"allow":["GET"]}}],"collection":[{"href":"https:\/\/store.astieks.com\/et\/wp-json\/wp\/v2\/product"}],"about":[{"href":"https:\/\/store.astieks.com\/et\/wp-json\/wp\/v2\/types\/product"}],"version-history":[{"count":2,"href":"https:\/\/store.astieks.com\/et\/wp-json\/wp\/v2\/product\/20314\/revisions"}],"predecessor-version":[{"id":20334,"href":"https:\/\/store.astieks.com\/et\/wp-json\/wp\/v2\/product\/20314\/revisions\/20334"}],"wp:featuredmedia":[{"embeddable":true,"href":"https:\/\/store.astieks.com\/et\/wp-json\/wp\/v2\/media\/20295"}],"wp:attachment":[{"href":"https:\/\/store.astieks.com\/et\/wp-json\/wp\/v2\/media?parent=20314"}],"wp:term":[{"taxonomy":"product_brand","embeddable":true,"href":"https:\/\/store.astieks.com\/et\/wp-json\/wp\/v2\/product_brand?post=20314"},{"taxonomy":"product_cat","embeddable":true,"href":"https:\/\/store.astieks.com\/et\/wp-json\/wp\/v2\/product_cat?post=20314"},{"taxonomy":"product_tag","embeddable":true,"href":"https:\/\/store.astieks.com\/et\/wp-json\/wp\/v2\/product_tag?post=20314"}],"curies":[{"name":"wp","href":"https:\/\/api.w.org\/{rel}","templated":true}]}}