{"id":20310,"date":"2026-03-25T13:50:26","date_gmt":"2026-03-25T11:50:26","guid":{"rendered":"https:\/\/store.astieks.com\/product\/lalique-languedoc-vase-amber\/"},"modified":"2026-03-25T16:58:39","modified_gmt":"2026-03-25T14:58:39","slug":"lalique-languedoc-vase-amber","status":"publish","type":"product","link":"https:\/\/store.astieks.com\/et\/product\/lalique-languedoc-vase-amber\/","title":{"rendered":"LALIQUE Languedoc vaas hele merevaigukollane"},"content":{"rendered":"<p>Algselt l\u00f5i Ren\u00e9 Lalique selle vaasi klaasist 1929. aastal. T\u00e4nu koost\u00f6\u00f6le organisatsiooniga \u201cR\u00e9union des Mus\u00e9es Nationaux\u201d on Lalique n\u00fc\u00fcd toonud Languedoci vaasi uuesti v\u00e4lja erksa rohelise kristallina.<br \/>L\u00f5una-Prantsusmaa lopsakast loodusest inspireeritud vaasil on selgelt esile toodud reljeef ning peenelt graveeritud kaktuselehed. See on t\u00f5eline kunstiteos \u2013 valguse skulptuur, mis toob esile Lalique\u2019i p\u00e4randi rikkuse.  <\/p>\n<p>Languedoc vaas viib meid Languedoci piirkonda. Mere ja m\u00e4gede vahel paiknev p\u00e4ikeseline L\u00f5una-Prantsusmaa ala pakub mitmekesiseid maastikke: avarad v\u00e4ljad, p\u00f5\u00f5sastikud, iidsed m\u00e4emassiivid ja kaunid kurud. Selle maa toore ilu on inspireerinud paljusid kunstnikke, sealhulgas Ren\u00e9 Lalique\u2019i, kes l\u00f5i selle vaasi 1929. aastal, r\u00f5hutatud reljeefi ja heldete proportsioonidega.<br \/>Matt- ja l\u00e4ikivaks poleeritud kristallist valmistatud vaasil korduvad kaktuselehed, luues graafilise ja r\u00fctmilise mustri.  <\/p>\n","protected":false},"excerpt":{"rendered":"<ul>\n<li>Vaas on alkirjastatud \u201eLalique France\u201c.<\/li>\n<li>Komplektis on karp, kinkekott ja autentsussertifikaat.<\/li>\n<li>K\u00e4sitsi valmistatud Prantsusmaal<\/li>\n<li>Disain: Ren\u00e9 Lalique, 1929.<\/li>\n<\/ul>\n","protected":false},"featured_media":20298,"template":"","meta":{"_acf_changed":false},"product_brand":[647],"product_cat":[243,238,285,283],"product_tag":[],"class_list":{"0":"post-20310","1":"product","2":"type-product","3":"status-publish","4":"has-post-thumbnail","6":"product_brand-lalique","7":"product_cat-kingitused","8":"product_cat-kodu-kaunistused","9":"product_cat-kristall","10":"product_cat-vaasid","11":"nt-post-class","12":"","18":"first","19":"instock","20":"taxable","21":"shipping-taxable","22":"purchasable","23":"product-type-simple"},"acf":[],"_links":{"self":[{"href":"https:\/\/store.astieks.com\/et\/wp-json\/wp\/v2\/product\/20310","targetHints":{"allow":["GET"]}}],"collection":[{"href":"https:\/\/store.astieks.com\/et\/wp-json\/wp\/v2\/product"}],"about":[{"href":"https:\/\/store.astieks.com\/et\/wp-json\/wp\/v2\/types\/product"}],"version-history":[{"count":2,"href":"https:\/\/store.astieks.com\/et\/wp-json\/wp\/v2\/product\/20310\/revisions"}],"predecessor-version":[{"id":20337,"href":"https:\/\/store.astieks.com\/et\/wp-json\/wp\/v2\/product\/20310\/revisions\/20337"}],"wp:featuredmedia":[{"embeddable":true,"href":"https:\/\/store.astieks.com\/et\/wp-json\/wp\/v2\/media\/20298"}],"wp:attachment":[{"href":"https:\/\/store.astieks.com\/et\/wp-json\/wp\/v2\/media?parent=20310"}],"wp:term":[{"taxonomy":"product_brand","embeddable":true,"href":"https:\/\/store.astieks.com\/et\/wp-json\/wp\/v2\/product_brand?post=20310"},{"taxonomy":"product_cat","embeddable":true,"href":"https:\/\/store.astieks.com\/et\/wp-json\/wp\/v2\/product_cat?post=20310"},{"taxonomy":"product_tag","embeddable":true,"href":"https:\/\/store.astieks.com\/et\/wp-json\/wp\/v2\/product_tag?post=20310"}],"curies":[{"name":"wp","href":"https:\/\/api.w.org\/{rel}","templated":true}]}}