{"id":20261,"date":"2025-07-31T11:01:46","date_gmt":"2025-07-31T09:01:46","guid":{"rendered":"https:\/\/store.astieks.com\/product\/haviland-swing-rocking-horse-nickel\/"},"modified":"2025-07-31T11:01:46","modified_gmt":"2025-07-31T09:01:46","slug":"haviland-swing-rocking-horse-nickel","status":"publish","type":"product","link":"https:\/\/store.astieks.com\/et\/product\/haviland-swing-rocking-horse-nickel\/","title":{"rendered":"Haviland Swing Rocking Horse Nickel"},"content":{"rendered":"<p>See dekoratiivne ese \u00fchendab klassikalise kiikhobuse vormi ja kaasaegse viimistluse, kus nikkeltooni detailid lisavad disainile elegantse ja luksusliku ilme. Tegu on kunstip\u00e4rase sisustuselemendiga, mis r\u00f5hutab k\u00e4sit\u00f6\u00f6oskust ja ajatut esteetikat, sobides nii kollektsion\u00e4\u00e4ridele kui ka sisekujunduse aktsendiks.<br \/>Dekoratiivne skulptuur, mis kuulub Havilandi kodukaunistuse ja j\u00f5uluteemaliste esemete kollektsiooni, \u00fchendades peene k\u00e4sit\u00f6\u00f6 ja piduliku esteetika.<\/p>\n","protected":false},"excerpt":{"rendered":"<p><strong>Hall matt kiikhobune Nickel<\/strong> on elegantne dekoratiivese, mis on valmistatud Limoges\u2019i portselanist. Selle minimalistlik matt valge viimistlus r\u00f5hutab sujuvaid jooni ja rafineeritud vormi, s\u00e4ilitades samal ajal kerge ja graatsilise \u00fcldmulje. <\/p>\n<p>&nbsp;<\/p>\n","protected":false},"featured_media":12607,"template":"","meta":{"_acf_changed":false},"product_brand":[665],"product_cat":[243,238],"product_tag":[],"class_list":{"0":"post-20261","1":"product","2":"type-product","3":"status-publish","4":"has-post-thumbnail","6":"product_brand-haviland","7":"product_cat-kingitused","8":"product_cat-kodu-kaunistused","9":"nt-post-class","10":"","16":"first","17":"instock","18":"taxable","19":"shipping-taxable","20":"purchasable","21":"product-type-simple"},"acf":[],"_links":{"self":[{"href":"https:\/\/store.astieks.com\/et\/wp-json\/wp\/v2\/product\/20261","targetHints":{"allow":["GET"]}}],"collection":[{"href":"https:\/\/store.astieks.com\/et\/wp-json\/wp\/v2\/product"}],"about":[{"href":"https:\/\/store.astieks.com\/et\/wp-json\/wp\/v2\/types\/product"}],"version-history":[{"count":0,"href":"https:\/\/store.astieks.com\/et\/wp-json\/wp\/v2\/product\/20261\/revisions"}],"wp:featuredmedia":[{"embeddable":true,"href":"https:\/\/store.astieks.com\/et\/wp-json\/wp\/v2\/media\/12607"}],"wp:attachment":[{"href":"https:\/\/store.astieks.com\/et\/wp-json\/wp\/v2\/media?parent=20261"}],"wp:term":[{"taxonomy":"product_brand","embeddable":true,"href":"https:\/\/store.astieks.com\/et\/wp-json\/wp\/v2\/product_brand?post=20261"},{"taxonomy":"product_cat","embeddable":true,"href":"https:\/\/store.astieks.com\/et\/wp-json\/wp\/v2\/product_cat?post=20261"},{"taxonomy":"product_tag","embeddable":true,"href":"https:\/\/store.astieks.com\/et\/wp-json\/wp\/v2\/product_tag?post=20261"}],"curies":[{"name":"wp","href":"https:\/\/api.w.org\/{rel}","templated":true}]}}