{"id":20259,"date":"2025-08-19T13:24:34","date_gmt":"2025-08-19T11:24:34","guid":{"rendered":"https:\/\/store.astieks.com\/product\/plumes-small-vase\/"},"modified":"2025-08-19T13:24:34","modified_gmt":"2025-08-19T11:24:34","slug":"plumes-small-vase","status":"publish","type":"product","link":"https:\/\/store.astieks.com\/et\/product\/plumes-small-vase\/","title":{"rendered":"LALIQUE Plumes v\u00e4ike vaas"},"content":{"rendered":"<p class=\" \"><em><strong>Inspiratsioon<\/strong><\/em><\/p>\n<div class=\"rte left\">\n<p>Amasoonase metsas, lopsaka rohelise lehestiku varjus vaikselt peidus, elab see iseloomuliku sulestikuga papagoi. Selle maskeering muudab ta vaevu n\u00e4htavaks. Nagu troopilise metsa v\u00f5rastiku vahelt langev valgus, peegeldab kristalli puhtus ja s\u00e4ra lummavalt. Mustri pehmus rahustab ning kutsub puudutama ja silitama.<\/p>\n<ul>\n<li>Roheline kristall<\/li>\n<li>K\u00e4sitsi valmistatud Prantsusmaal<\/li>\n<\/ul>\n<\/div>\n","protected":false},"excerpt":{"rendered":"<p>Roheline kristall<br \/>Plumes\u2019i vaasid \u00e4rkavad ellu Amasoonase papagoi iseloomulike joonte ja erksate v\u00e4rvide kaudu.<\/p>\n","protected":false},"featured_media":14645,"template":"","meta":{"_acf_changed":false},"product_brand":[647],"product_cat":[238,285,283],"product_tag":[],"class_list":{"0":"post-20259","1":"product","2":"type-product","3":"status-publish","4":"has-post-thumbnail","6":"product_brand-lalique","7":"product_cat-kodu-kaunistused","8":"product_cat-kristall","9":"product_cat-vaasid","10":"nt-post-class","11":"","17":"first","18":"instock","19":"taxable","20":"shipping-taxable","21":"purchasable","22":"product-type-simple"},"acf":[],"_links":{"self":[{"href":"https:\/\/store.astieks.com\/et\/wp-json\/wp\/v2\/product\/20259","targetHints":{"allow":["GET"]}}],"collection":[{"href":"https:\/\/store.astieks.com\/et\/wp-json\/wp\/v2\/product"}],"about":[{"href":"https:\/\/store.astieks.com\/et\/wp-json\/wp\/v2\/types\/product"}],"version-history":[{"count":0,"href":"https:\/\/store.astieks.com\/et\/wp-json\/wp\/v2\/product\/20259\/revisions"}],"wp:featuredmedia":[{"embeddable":true,"href":"https:\/\/store.astieks.com\/et\/wp-json\/wp\/v2\/media\/14645"}],"wp:attachment":[{"href":"https:\/\/store.astieks.com\/et\/wp-json\/wp\/v2\/media?parent=20259"}],"wp:term":[{"taxonomy":"product_brand","embeddable":true,"href":"https:\/\/store.astieks.com\/et\/wp-json\/wp\/v2\/product_brand?post=20259"},{"taxonomy":"product_cat","embeddable":true,"href":"https:\/\/store.astieks.com\/et\/wp-json\/wp\/v2\/product_cat?post=20259"},{"taxonomy":"product_tag","embeddable":true,"href":"https:\/\/store.astieks.com\/et\/wp-json\/wp\/v2\/product_tag?post=20259"}],"curies":[{"name":"wp","href":"https:\/\/api.w.org\/{rel}","templated":true}]}}