{"id":20258,"date":"2025-08-22T16:48:37","date_gmt":"2025-08-22T14:48:37","guid":{"rendered":"https:\/\/store.astieks.com\/product\/assouline-wine-travel-italy\/"},"modified":"2025-08-22T16:48:37","modified_gmt":"2025-08-22T14:48:37","slug":"assouline-wine-travel-italy","status":"publish","type":"product","link":"https:\/\/store.astieks.com\/et\/product\/assouline-wine-travel-italy\/","title":{"rendered":"ASSOULINE Wine &amp; Travel Italy"},"content":{"rendered":"<p class=\"quote-callout fadeup\"><em><strong>Itaalia iseloom on alati julge \u2013 nii oma linnade elegantsis kui ka maaelu lihtsuses.<\/strong><\/em><\/p>\n<p class=\"quote-author caption\"><em><strong>\u2014 Enrico Bernardo<\/strong><\/em><\/p>\n","protected":false},"excerpt":{"rendered":"<p>Itaalia veinid peegeldavad riigi ajalugu ja kultuuri. Selle veinivalmistamise traditsioonid on rikkalikult n\u00fcansirohked, koosnedes tuhandetest v\u00e4ikestest terroir\u2019dest ja viinamarjaistandustest, mille sordid, p\u00e4ritolunimetused ja mullastik muutuvad \u00fcha mitmekesisemaks, mida s\u00fcgavamalt neid tundma \u00f5ppida.<br \/>M\u00f5ned Itaalia veinid on lausa legendaarsed \u2013 olgu selleks 20 aasta vanune Trebbiano d\u2019Abruzzo oma suitsuse mineraalsusega v\u00f5i 50 aasta vanune Barolo v\u00f5i Brunello di Montalcino. Itaalia veiniteid m\u00f6\u00f6da reisimine ei muutu kunagi \u00fcksluiseks: igal veinikasvatuspiirkonnal on oma maitsed ja oma valgus.   <\/p>\n<p>Koos maailmakuulsa sommeljee Enrico Bernardo juhatusega sukeldu autori lapsep\u00f5lvekodusse ning asu lummavale teekonnale l\u00e4bi Itaalia mitmekesiste veinipiirkondade viinamarjaistanduste. Raamatu Wine &amp; Travel Italy lehek\u00fclgedel ootab sind iga peatuse juures meeldivate elamuste valik \u2013 alates ikoonilistest aastak\u00e4ikudest kuni varjatud p\u00e4rliteni.<br \/>Valmistu k\u00fclluslikuks r\u00e4nnakuks, kus peened maitsed, luksuslikud peatuspaigad ja p\u00fc\u00fcdlus leida t\u00e4iuslik klaas veini kulgevad k\u00e4sik\u00e4es Itaalia lummavate maastike taustal.  <\/p>\n<p>Osana Assouline uuest Wine &amp; Travel sarjast, mis avab ikoonilisi sihtkohti veiniturismi vaatenurgast, sisaldab see v\u00e4ljaanne p\u00f5hjalikku valikut parimatest Itaalia viinamarjaistandustest, mida avastada, ning kasulikku s\u00f5nastikku, pakkudes \u00fchtlasi s\u00fcvitsi \u00fclevaadet riigi parimatest ja hinnatuimatest veinitootjatest.<\/p>\n<p><em><strong>AUTORIST<\/strong><\/em><\/p>\n<div class=\"accordion__content js-accordion-content motion open\">\n<div class=\"product-accordion__content \">\n<p>Enrico Bernardo tegi endale nime Pariisis restoranis Le V, mis asub Four Seasons George V hotellis, ning p\u00e4lvis 2004. aastal maailma parima sommeljee tiitli. Restoranipidajana on ta loonud ja omanud mitmeid Michelini t\u00e4rniga p\u00e4rjatud restorane, keskendudes t\u00e4iuslike veini ja roogade sobitamisele.<br \/>Bernardo annab konsultatsioone toidu-, veini- ja art de vivre\u2019i ettev\u00f5tetele \u00fcle maailma ning on mitme raamatu autor, sealhulgas The Impossible Collection of Wine (2016), La Sagesse du Vin (2021) ja The Impossible Collection of Champagne (2022). 2018. aastal alustas ta \u00fclemaailmset veinireisi, laiendades oma teadmisi valdkonnast ning tuues esile seni tundmatuid andeid.   <\/p>\n<\/div>\n<\/div>\n","protected":false},"featured_media":15231,"template":"","meta":{"_acf_changed":false},"product_brand":[657],"product_cat":[243,238,236],"product_tag":[],"class_list":{"0":"post-20258","1":"product","2":"type-product","3":"status-publish","4":"has-post-thumbnail","6":"product_brand-assouline","7":"product_cat-kingitused","8":"product_cat-kodu-kaunistused","9":"product_cat-raamatud","10":"nt-post-class","11":"","17":"first","18":"instock","19":"taxable","20":"shipping-taxable","21":"purchasable","22":"product-type-simple"},"acf":[],"_links":{"self":[{"href":"https:\/\/store.astieks.com\/et\/wp-json\/wp\/v2\/product\/20258","targetHints":{"allow":["GET"]}}],"collection":[{"href":"https:\/\/store.astieks.com\/et\/wp-json\/wp\/v2\/product"}],"about":[{"href":"https:\/\/store.astieks.com\/et\/wp-json\/wp\/v2\/types\/product"}],"version-history":[{"count":0,"href":"https:\/\/store.astieks.com\/et\/wp-json\/wp\/v2\/product\/20258\/revisions"}],"wp:featuredmedia":[{"embeddable":true,"href":"https:\/\/store.astieks.com\/et\/wp-json\/wp\/v2\/media\/15231"}],"wp:attachment":[{"href":"https:\/\/store.astieks.com\/et\/wp-json\/wp\/v2\/media?parent=20258"}],"wp:term":[{"taxonomy":"product_brand","embeddable":true,"href":"https:\/\/store.astieks.com\/et\/wp-json\/wp\/v2\/product_brand?post=20258"},{"taxonomy":"product_cat","embeddable":true,"href":"https:\/\/store.astieks.com\/et\/wp-json\/wp\/v2\/product_cat?post=20258"},{"taxonomy":"product_tag","embeddable":true,"href":"https:\/\/store.astieks.com\/et\/wp-json\/wp\/v2\/product_tag?post=20258"}],"curies":[{"name":"wp","href":"https:\/\/api.w.org\/{rel}","templated":true}]}}