{"id":20257,"date":"2025-08-22T17:17:34","date_gmt":"2025-08-22T15:17:34","guid":{"rendered":"https:\/\/store.astieks.com\/product\/assouline-the-connoisseurs-guide-to-fine-timepieces-european-watch-company\/"},"modified":"2025-08-22T17:17:34","modified_gmt":"2025-08-22T15:17:34","slug":"assouline-the-connoisseurs-guide-to-fine-timepieces-european-watch-company","status":"publish","type":"product","link":"https:\/\/store.astieks.com\/et\/product\/assouline-the-connoisseurs-guide-to-fine-timepieces-european-watch-company\/","title":{"rendered":"ASSOULINE The Connoisseur&#8217;s Guide to Fine Timepieces: European Watch Company"},"content":{"rendered":"<p class=\"quote-callout fadeup\"><em><strong>Maailmas, mis on kiirusest lummatud, on kellade kogumine \u00f5rn meeldetuletus v\u00f5tta aega ja nautida iga hetke.<\/strong><\/em><\/p>\n<p class=\"quote-author caption\"><em><strong>\u2014 Joshua Ganjei, CEO, European Watch Co.<\/strong><\/em><\/p>\n","protected":false},"excerpt":{"rendered":"<p><em><strong>THE LEGENDS COLLECTION<\/strong><\/em><\/p>\n<p>European Watch Company, Bostoni-p\u00f5hine jaem\u00fc\u00fcja, mida juhivad isa ja poeg Albert ja Joshua Ganjei, on olnud kellahuvilistele usaldusv\u00e4\u00e4rne tugipunkt alates 1993. aastast, pakkudes erakordset teenindust ning luues p\u00fcsivaid suhteid oma lojaalse kliendibaasiga.<br \/>Nende raamat The Connoisseur\u2019s Guide to Fine Timepieces tabab ettev\u00f5tte p\u00e4randi ja meisterlikkuse vaimu, tutvustades enam kui 150 t\u00e4helepanuv\u00e4\u00e4rset ajan\u00e4itajat, mis kehastavad kellakunsti tipptaset. Alates keerukatest mehhanismidest kuni ikooniliste disainideni h\u00f5lmab kollektsioon erinevaid stiile \u2013 klassikalisi, avangardseid ja haruldasi vintage-kellasid nii suurtest kellamajadest kui ka s\u00f5ltumatutelt meistritelt.<br \/>Silmapaistva fotograafia ja detailsete kirjelduste kaudu uurib teos iga ajan\u00e4itaja ajalugu ja innovatsiooni, peegeldades peene kellakunsti ajatut v\u00f5lu ning European Watch Co. p\u00fcsivat p\u00e4randit usaldusv\u00e4\u00e4rse allikana kollektsion\u00e4\u00e4ridele ja entusiastidele.   <\/p>\n<p><em><strong>AUTORIST<\/strong><\/em><\/p>\n<p>Robin Swithinbank on kirjanik, ajakirjanik, toimetaja, saatejuht ja konsultant, kes tegutseb luksussektoris, keskendudes eelk\u00f5ige peentele kelladele. Ta alustas oma ajakirjanikukarj\u00e4\u00e4ri 2003. aastal ning asutas ja toimetas seej\u00e4rel meeste elustiiliajakirja The Jackal.<br \/>Ta on regulaarne kaast\u00f6\u00f6line v\u00e4ljaannetele nagu The New York Times, Financial Times, GQ, Esquire, Vanity Fair ja Robb Report, ning t\u00f6\u00f6tab Harrodsi kaast\u00f6\u00f6tava kellatoimetajana. T\u00e4nap\u00e4eval on ta \u00fcks juhtivaid rahvusvahelisi luksust\u00f6\u00f6stuse h\u00e4\u00e4li, esinedes paneelidel ja podcast\u2019ides ning tegutsedes \u00e4ri, kultuuri ja elustiili ristumiskohas.<br \/>2022. aastal oli ta Genfi Kellat\u00f6\u00f6stuse Suure Auhinna (Grand Prix d\u2019Horlogerie de Gen\u00e8ve) \u017e\u00fcrii liige. Ta elab \u00dchendkuningriigis koos abikaasa ja kahe lapsega.     <\/p>\n","protected":false},"featured_media":15239,"template":"","meta":{"_acf_changed":false},"product_brand":[657],"product_cat":[243,238,236],"product_tag":[],"class_list":{"0":"post-20257","1":"product","2":"type-product","3":"status-publish","4":"has-post-thumbnail","6":"product_brand-assouline","7":"product_cat-kingitused","8":"product_cat-kodu-kaunistused","9":"product_cat-raamatud","10":"nt-post-class","11":"","17":"first","18":"instock","19":"taxable","20":"shipping-taxable","21":"purchasable","22":"product-type-simple"},"acf":[],"_links":{"self":[{"href":"https:\/\/store.astieks.com\/et\/wp-json\/wp\/v2\/product\/20257","targetHints":{"allow":["GET"]}}],"collection":[{"href":"https:\/\/store.astieks.com\/et\/wp-json\/wp\/v2\/product"}],"about":[{"href":"https:\/\/store.astieks.com\/et\/wp-json\/wp\/v2\/types\/product"}],"version-history":[{"count":0,"href":"https:\/\/store.astieks.com\/et\/wp-json\/wp\/v2\/product\/20257\/revisions"}],"wp:featuredmedia":[{"embeddable":true,"href":"https:\/\/store.astieks.com\/et\/wp-json\/wp\/v2\/media\/15239"}],"wp:attachment":[{"href":"https:\/\/store.astieks.com\/et\/wp-json\/wp\/v2\/media?parent=20257"}],"wp:term":[{"taxonomy":"product_brand","embeddable":true,"href":"https:\/\/store.astieks.com\/et\/wp-json\/wp\/v2\/product_brand?post=20257"},{"taxonomy":"product_cat","embeddable":true,"href":"https:\/\/store.astieks.com\/et\/wp-json\/wp\/v2\/product_cat?post=20257"},{"taxonomy":"product_tag","embeddable":true,"href":"https:\/\/store.astieks.com\/et\/wp-json\/wp\/v2\/product_tag?post=20257"}],"curies":[{"name":"wp","href":"https:\/\/api.w.org\/{rel}","templated":true}]}}