{"id":20256,"date":"2025-08-22T17:32:25","date_gmt":"2025-08-22T15:32:25","guid":{"rendered":"https:\/\/store.astieks.com\/product\/assouline-chanel-3-book-slipcase-new-edition\/"},"modified":"2025-08-22T17:32:25","modified_gmt":"2025-08-22T15:32:25","slug":"assouline-chanel-3-book-slipcase-new-edition","status":"publish","type":"product","link":"https:\/\/store.astieks.com\/et\/product\/assouline-chanel-3-book-slipcase-new-edition\/","title":{"rendered":"ASSOULINE Chanel 3-Book Slipcase (New Edition)"},"content":{"rendered":"<p class=\"quote-callout fadeup\"><em><strong>Kaunistus \u2013 milline teadus! Ilu \u2013 milline relv! Tagasihoidlikkus \u2013 milline elegants!  <\/strong><\/em><\/p>\n<p class=\"quote-author caption\"><em><strong>\u2014 Gabrielle Chanel<\/strong><\/em><\/p>\n","protected":false},"excerpt":{"rendered":"<p>Assouline ja Chanel esitlevad uuendatud triloogiat, mis t\u00e4histab Chaneli ajatut vaimu, iseloomulikke tunnuseid ja p\u00e4randit. See \u00fcmbriskarbis komplekt sisaldab kolme M\u00e9moire sarja teost: Chanel Fashion, Chanel Jewelry And Watches ning Chanel Fragrance And Beauty.<\/p>\n<p><strong>Chanel Fashion by Anne Berest:<\/strong><\/p>\n<p>Vision\u00e4\u00e4rne eneselooja Gabrielle \u201eCoco\u201d Gabrielle Chanel kujundas ise oma saatuse, saades 20. sajandi m\u00f5jukaimaks moeloojaks. Ta l\u00fckkas tagasi ajastu piiravad stiilid ning t\u00f5i kasutusele uue silueti, mis oli \u00fchtaegu nii elegantne kui ka loomulik.<br \/>See modernse luksuse ja Pariisi savoir-faire\u2019i vaim, mida on aastak\u00fcmnete jooksul rikastanud Karl Lagerfeld arvukad uuendused, elab t\u00e4naseni edasi uue kunstilise juhi Virginie Viard k\u00e4e all.  <\/p>\n<p><strong>Chanel Jewelry And Watches by Fabienne Reybaud:<\/strong><br \/>Igavesti inspireeritud ja vision\u00e4\u00e4rne, nagu Mademoiselle Chaneli ainus \u201eBijoux de Diamants\u201d k\u00f5rgjuveelide kollektsioon, v\u00e4ljendab Chaneli juveeliloomingu stuudio ainulaadset vaimu, mis iseloomustab Chaneli k\u00f5rgjuveelikunsti alates 1932. aastast kuni t\u00e4nap\u00e4evani.<br \/>Samamoodi on Chaneli kellaloomingu stuudio oma enam kui kolmek\u00fcmneaastase kellamaailma teekonna jooksul puudutanud k\u00f5iki Haute Horlogerie kunsti juurde kuuluvaid k\u00e4sit\u00f6\u00f6valdkondi. Kellad on loodud kui naudinguobjektid, tegemata j\u00e4releandmisi tehnilisele ja k\u00e4sit\u00f6\u00f6alasele meisterlikkusele, mida n\u00f5uab v\u00e4\u00e4risesemete loomine. Kellad, mis on loodud ajaproovile vastu pidama.   <\/p>\n<p><strong>Chanel Fragrance And Beauty by Marion Vignal:<\/strong><br \/>\n1921. aastal loodud revolutsioonilise N\u00b05-ga ning sellele j\u00e4rgnenud esimese meigisarja (1924) ja nahahooldustoodete (1927) turule toomisega oli Gabrielle Gabrielle Chanel alati ajast ees.<br \/>Oma ainulaadsele p\u00e4randile truuks j\u00e4\u00e4des kehastavad Chanel l\u00f5hnad, nahahooldus- ja meigitooted pidevalt loovuse, uurimist\u00f6\u00f6 ja tehnika tipptaset. Lihtsad ja t\u00f5husad, samal ajal alati elegantsed \u2013 need ilutooted v\u00e4ljendavad terviklikult Chaneli maja visiooni.  <\/p>\n<p>Kirjanik Anne Berest on avaldanud mitmeid teoseid, sealhulgas Sagan Paris 1954 (Gallic Books, 2015); How to Be Parisian Wherever You Are koos Caroline de Maigret\u2019, Audrey Diwani ja Sophie Mas\u2019iga (Doubleday, 2014); Recherche femme parfaite (Grasset et Fasquelle, 2015) ning Gabri\u00eble, mille ta kirjutas koos oma \u00f5e, kirjaniku Claire Berest\u2019iga (Stock, 2017).<br \/>Lisaks kirjutab ta nii televisioonile kui ka teatrile. Viimati kirjutas ja lavastas ta n\u00e4idendi La Visite Th\u00e9\u00e2tre du Rond-Point\u2019 teatris ning 2019. aastal l\u00f5i ta telesarja Mythomaniac kanalile Arte, mis on saadaval ka Netflixis.  <\/p>\n<p>Alates 1989. aastast on Fabienne Reybaud spetsialiseerunud luksusvaldkonnale, eelk\u00f5ige peentele ehete ja kellade teemadele. Ta on kirjutanud Prantsuse ajakirjanduse mainekamatele v\u00e4ljaannetele ning on autor mitmele raamatule, sealhulgas 100 Montres de l\u00e9gende koos Fr\u00e9d\u00e9ric Ramade\u2019ga (Solar, 1999); Watches: The Ultimate Guide (Assouline, 2006, 2010); Casa Lopez: Un art de vivre koos Pierre Sauvage\u2019iga (Flammarion, 2018); ning Rolex: The Impossible Collection (Assouline, 2018). <\/p>\n<p>Marion Vignal on kirjanik, ajakirjanik ja n\u00e4ituste kuraator. Ta on asutanud Ida M. kunstilise ja toimetusliku konsultatsioonistuudio ning kirjutab regulaarselt ajakirjadele M Le Mag (ajalehe Le Monde n\u00e4dalal\u00f5puv\u00e4ljaanne) ja Vanity Fair.<br \/>Ta on ka mitme raamatu autor, sealhulgas Charles Zana: Int\u00e9rieurs (Rizzoli, 2018); Les 101 Mots du design \u00e0 l\u2019usage de tous koos C\u00e9dric Morisset\u2019ga (Archibooks, 2010); ning Femmes designers, un si\u00e8cle de cr\u00e9ations (Aubanel, 2009).  <\/p>\n","protected":false},"featured_media":15348,"template":"","meta":{"_acf_changed":false},"product_brand":[657],"product_cat":[243,238,236],"product_tag":[],"class_list":{"0":"post-20256","1":"product","2":"type-product","3":"status-publish","4":"has-post-thumbnail","6":"product_brand-assouline","7":"product_cat-kingitused","8":"product_cat-kodu-kaunistused","9":"product_cat-raamatud","10":"nt-post-class","11":"","17":"first","18":"instock","19":"taxable","20":"shipping-taxable","21":"purchasable","22":"product-type-simple"},"acf":[],"_links":{"self":[{"href":"https:\/\/store.astieks.com\/et\/wp-json\/wp\/v2\/product\/20256","targetHints":{"allow":["GET"]}}],"collection":[{"href":"https:\/\/store.astieks.com\/et\/wp-json\/wp\/v2\/product"}],"about":[{"href":"https:\/\/store.astieks.com\/et\/wp-json\/wp\/v2\/types\/product"}],"version-history":[{"count":0,"href":"https:\/\/store.astieks.com\/et\/wp-json\/wp\/v2\/product\/20256\/revisions"}],"wp:featuredmedia":[{"embeddable":true,"href":"https:\/\/store.astieks.com\/et\/wp-json\/wp\/v2\/media\/15348"}],"wp:attachment":[{"href":"https:\/\/store.astieks.com\/et\/wp-json\/wp\/v2\/media?parent=20256"}],"wp:term":[{"taxonomy":"product_brand","embeddable":true,"href":"https:\/\/store.astieks.com\/et\/wp-json\/wp\/v2\/product_brand?post=20256"},{"taxonomy":"product_cat","embeddable":true,"href":"https:\/\/store.astieks.com\/et\/wp-json\/wp\/v2\/product_cat?post=20256"},{"taxonomy":"product_tag","embeddable":true,"href":"https:\/\/store.astieks.com\/et\/wp-json\/wp\/v2\/product_tag?post=20256"}],"curies":[{"name":"wp","href":"https:\/\/api.w.org\/{rel}","templated":true}]}}