{"id":20255,"date":"2025-08-22T17:46:13","date_gmt":"2025-08-22T15:46:13","guid":{"rendered":"https:\/\/store.astieks.com\/product\/assouline-g-glenn-spiro-the-art-of-a-jewel\/"},"modified":"2025-08-22T17:46:13","modified_gmt":"2025-08-22T15:46:13","slug":"assouline-g-glenn-spiro-the-art-of-a-jewel","status":"publish","type":"product","link":"https:\/\/store.astieks.com\/et\/product\/assouline-g-glenn-spiro-the-art-of-a-jewel\/","title":{"rendered":"ASSOULINE G: Glenn Spiro \u2013 Juveelikunst"},"content":{"rendered":"<div class=\"accordion\">\n<div class=\"accordion__content js-accordion-content motion open\">\n<div class=\"product-accordion__content \">\n<p>AUTORIST<br \/>Raymond Sancroft-Baker liitus Christie\u2019s oksjonimajaga 1969. aastal ning t\u00f6\u00f6tas algselt numismaatikuna, enne kui liitus 1988. aastal ehteosakonnaga. J\u00e4rgneva kahek\u00fcmne aasta jooksul tegutses ta Euroopa ehteosakonna direktorina, baseerudes Londonis, kuid oma karj\u00e4\u00e4ri jooksul on ta t\u00f6\u00f6tanud ka Genfis, Hongkongis, Los Angeleses ja New Yorgis.<br \/>Ta vastutas Christie\u2019s esimese temaatilise oksjoni eest 1992. aastal \u2013 \u201eJewels and Works of Art by Cartier\u201c \u2013 ning korraldas 2006. aastal hilise printsess Margareti ehtekollektsiooni m\u00fc\u00fcgi. Alates 2008. aastast t\u00f6\u00f6tab ta konsultandina ning on Suurbritannia Gemmoloogide Assotsiatsiooni liige.   <\/p>\n<p>Jill Newman on juveelivaldkonna ekspert, toimetaja ja kirjanik. Ta on \u00fcle 25 aasta kajastanud rahvusvahelist luksusturgu, keskendudes eelk\u00f5ige peenele juveelikunstile, teemantidele ja v\u00e4\u00e4riskividele. Jill on ajakirja Town &amp; Country kaast\u00f6\u00f6tav ehete ja kellade toimetaja.<br \/>Viimase kahe aastak\u00fcmne jooksul on ta avaldanud ehteid, kellasid, stiili ja kultuuri k\u00e4sitlevaid artikleid juhtivates tarbijameedia v\u00e4ljaannetes, sealhulgas Robb Report, Departures, W Magazine ja Magazine. Oma karj\u00e4\u00e4ri jooksul on ta p\u00f5hjalikult k\u00e4sitlenud ka kaevandust\u00f6\u00f6stust, k\u00fclastades teemantikaevandusi Aafrikas ning kivil\u00f5ikuse t\u00f6\u00f6tubasid Indias ja v\u00e4\u00e4riskivikaevandusi Brasiilias.<br \/>Samuti on ta k\u00fclastanud maailma mainekamaid juveelit\u00f6\u00f6kodasid Pariisist ja Londonist kuni New Yorgi ja Jaapanini, et m\u00f5ista k\u00e4sit\u00f6\u00f6 ajalugu ja uurida uusi tehnikaid. Ta elab New Yorgis.     <\/p>\n<\/div>\n<\/div>\n<\/div>\n<div class=\"gift-wrapping\"><picture><source srcset=\"\/\/eu.assouline.com\/cdn\/shop\/files\/Gift-Wrapping-Corporate-Gifting_2_1.png?v=1730309618&amp;width=493 493w,\/\/eu.assouline.com\/cdn\/shop\/files\/Gift-Wrapping-Corporate-Gifting_2_1.png?v=1730309618&amp;width=600 600w,\/\/eu.assouline.com\/cdn\/shop\/files\/Gift-Wrapping-Corporate-Gifting_2_1.png?v=1730309618&amp;width=713 713w,\/\/eu.assouline.com\/cdn\/shop\/files\/Gift-Wrapping-Corporate-Gifting_2_1.png?v=1730309618&amp;width=823 823w,\/\/eu.assouline.com\/cdn\/shop\/files\/Gift-Wrapping-Corporate-Gifting_2_1.png?v=1730309618&amp;width=1100 1100w,\/\/eu.assouline.com\/cdn\/shop\/files\/Gift-Wrapping-Corporate-Gifting_2_1.png?v=1730309618&amp;width=1206 1206w,\/\/eu.assouline.com\/cdn\/shop\/files\/Gift-Wrapping-Corporate-Gifting_2_1.png?v=1730309618&amp;width=1346 1346w,\/\/eu.assouline.com\/cdn\/shop\/files\/Gift-Wrapping-Corporate-Gifting_2_1.png?v=1730309618&amp;width=1426 1426w,\/\/eu.assouline.com\/cdn\/shop\/files\/Gift-Wrapping-Corporate-Gifting_2_1.png?v=1730309618&amp;width=1646 1646w,\/\/eu.assouline.com\/cdn\/shop\/files\/Gift-Wrapping-Corporate-Gifting_2_1.png?v=1730309618&amp;width=1946 1946w,\/\/eu.assouline.com\/cdn\/shop\/files\/Gift-Wrapping-Corporate-Gifting_2_1.png?v=1730309618 1946w\" sizes=\"100vw\"><\/source><\/picture><\/div>\n","protected":false},"excerpt":{"rendered":"<p>Tuntud t\u00f5siste kollektsion\u00e4\u00e4ride ja asjatundjate seas on G \u00fcks maailma ihaldatuimaid privaatseid juveliire. Seda juhib tunnustatud Glenn Spiro, kes asutas oma maja 2014. aastal p\u00e4rast enam kui 25 aastat t\u00f6\u00f6tamist \u00fcksnes k\u00f5ige haruldasemate v\u00e4\u00e4riskividega. Tema Londoni ateljees, mis asub endises moelooja Sir Norman Hartnelli stuudios ning t\u00f6\u00f6tab ainult kutsetega, \u00fchendab Spiro erakordselt detailirohked seaded hoolikalt valitud ainulaadsete kividega.<br \/>G Ateljee couture-looming v\u00f5ib valmida aastaid ning tema tehniline meisterlikkus on loonud p\u00fchendunud kollektsion\u00e4\u00e4ride ringi. R\u00e4ppar Jay-Z kinkis oma abikaasale Beyonc\u00e9 Knowlesile kuulsa \u201ePapillon\u201c liblikakujulise s\u00f5rmuse, mis on valmistatud 326 tsavoriidist ja 342 briljantlihvis teemantist. 2018. aastal annetati see ikooniline s\u00f5rmus Londoni Victoria ja Alberti muuseumile, kus see on eksponeeritud p\u00fcsikollektsioonis.<br \/>Raamat, mis sisaldab originaalfotosid tema kollektsiooni k\u00f5ige ikoonilisematest teostest, toob luksuslikus ja v\u00e4rvik\u00fcllases vormis ellu \u00fche juveelimaailma julgeima ja loovama nime vaimu, olles p\u00fchendatud tema silmapaistvatele kunstiteostele.      <\/p>\n","protected":false},"featured_media":15396,"template":"","meta":{"_acf_changed":false},"product_brand":[657],"product_cat":[243,238,236],"product_tag":[],"class_list":{"0":"post-20255","1":"product","2":"type-product","3":"status-publish","4":"has-post-thumbnail","6":"product_brand-assouline","7":"product_cat-kingitused","8":"product_cat-kodu-kaunistused","9":"product_cat-raamatud","10":"nt-post-class","11":"","17":"first","18":"instock","19":"taxable","20":"shipping-taxable","21":"purchasable","22":"product-type-simple"},"acf":[],"_links":{"self":[{"href":"https:\/\/store.astieks.com\/et\/wp-json\/wp\/v2\/product\/20255","targetHints":{"allow":["GET"]}}],"collection":[{"href":"https:\/\/store.astieks.com\/et\/wp-json\/wp\/v2\/product"}],"about":[{"href":"https:\/\/store.astieks.com\/et\/wp-json\/wp\/v2\/types\/product"}],"version-history":[{"count":0,"href":"https:\/\/store.astieks.com\/et\/wp-json\/wp\/v2\/product\/20255\/revisions"}],"wp:featuredmedia":[{"embeddable":true,"href":"https:\/\/store.astieks.com\/et\/wp-json\/wp\/v2\/media\/15396"}],"wp:attachment":[{"href":"https:\/\/store.astieks.com\/et\/wp-json\/wp\/v2\/media?parent=20255"}],"wp:term":[{"taxonomy":"product_brand","embeddable":true,"href":"https:\/\/store.astieks.com\/et\/wp-json\/wp\/v2\/product_brand?post=20255"},{"taxonomy":"product_cat","embeddable":true,"href":"https:\/\/store.astieks.com\/et\/wp-json\/wp\/v2\/product_cat?post=20255"},{"taxonomy":"product_tag","embeddable":true,"href":"https:\/\/store.astieks.com\/et\/wp-json\/wp\/v2\/product_tag?post=20255"}],"curies":[{"name":"wp","href":"https:\/\/api.w.org\/{rel}","templated":true}]}}