{"id":20252,"date":"2025-09-02T17:13:53","date_gmt":"2025-09-02T15:13:53","guid":{"rendered":"https:\/\/store.astieks.com\/product\/patek-philippe-the-impossible-collection\/"},"modified":"2026-03-24T12:33:33","modified_gmt":"2026-03-24T10:33:33","slug":"patek-philippe-the-impossible-collection","status":"publish","type":"product","link":"https:\/\/store.astieks.com\/et\/product\/patek-philippe-the-impossible-collection\/","title":{"rendered":"ASSOULINE Patek Philippe: V\u00f5imatu kollektsioon"},"content":{"rendered":"<p>AUTORIST<\/p>\n<p>Alates 1989. aastast on Fabienne Reybaud tunnustatud toimetaja, kes on spetsialiseerunud luksusvaldkonnale. Ta juhtis 25 aasta jooksul Prantsuse p\u00e4evalehe Le Figaro ehete ja kellade osakonda ning t\u00f6\u00f6tab n\u00fc\u00fcd s\u00f5ltumatu ajakirjanikuna, kirjutades juhtivatele v\u00e4ljaannetele nagu Paris Match ja Num\u00e9ro.<br \/>Reybaud on mitme raamatu autor, sealhulgas Watches: The Ultimate Guide (Assouline, 2006, 2010), Chanel: Jewelry and Watches (Assouline, 2020), Jewelry Guide: The Ultimate Compendium (Assouline, 2022), Tambour by Louis Vuitton (Thames &amp; Hudson, 2022) ning Rolex: The Impossible Collection (Assouline, 2018, 2023).  <\/p>\n<p>&nbsp;<\/p>\n","protected":false},"excerpt":{"rendered":"<p><em>\u00dclim kollektsioon<\/em><\/p>\n<p class=\"quote-callout fadeup\"><strong>\u201eTe ei oma kunagi p\u00e4riselt Patek Philippe\u2019i. Te lihtsalt hoolitsete selle eest j\u00e4rgmise p\u00f5lvkonna nimel.\u201d <\/strong><\/p>\n<p class=\"quote-author caption\"><strong>\u2014 Patek Philippe ad, 1996<\/strong><\/p>\n<p>1839. aastal Genfis Poola p\u00e4ritolu pagulaste Antoine Norbert de Pateki ja Fran\u00e7ois Czapeki poolt asutatud Patek Philippe on \u0160veitsi peene kellatootmise tipp. Nende eesm\u00e4rk oli selge: luua maailma k\u00f5ige erakordsemad ajan\u00e4itajad. <\/p>\n<p>Patek Philippe paistab silma keerukate mehhanismidega kellade (grand complications) loomisel, tuues turule murrangulisi uuendusi nagu t\u00e4ppisregulaator (1881) ja igavese kalendri mehhanism (1889). Nende loodud ikooniliste kellade hulka kuuluvad 1926. aasta Grande Complication, 1933. aasta Henry Gravesile valmistatud Super Complication ning rekordiline 2019. aasta Grandmaster Chime. <\/p>\n<p>Alates 1839. aastast on Patek Philippe tootnud v\u00e4hem kui miljon k\u00e4ekella, mist\u00f5ttu on nende looming kollektsion\u00e4\u00e4ride seas \u00fcle kogu maailma k\u00f5rgelt hinnatud.<\/p>\n<p>Avastage neid haruldasi ajan\u00e4itajaid teoses Patek Philippe: The Impossible Collection, mis sisaldab eksklusiivseid fotosid tuntud kollektsion\u00e4\u00e4ridelt. Liituge kellakunsti tipptaseme maailmaga juba t\u00e4na. <\/p>\n<p>Tasuta valged kindad ja signatuuriga l\u00f5uendist kandekott kuuluvad iga Assouline Ultimate Collectioni ostuga kaasa.<\/p>\n","protected":false},"featured_media":15550,"template":"","meta":{"_acf_changed":false},"product_brand":[657],"product_cat":[243,238,236],"product_tag":[],"class_list":{"0":"post-20252","1":"product","2":"type-product","3":"status-publish","4":"has-post-thumbnail","6":"product_brand-assouline","7":"product_cat-kingitused","8":"product_cat-kodu-kaunistused","9":"product_cat-raamatud","10":"nt-post-class","11":"","17":"first","18":"instock","19":"taxable","20":"shipping-taxable","21":"purchasable","22":"product-type-simple"},"acf":[],"_links":{"self":[{"href":"https:\/\/store.astieks.com\/et\/wp-json\/wp\/v2\/product\/20252","targetHints":{"allow":["GET"]}}],"collection":[{"href":"https:\/\/store.astieks.com\/et\/wp-json\/wp\/v2\/product"}],"about":[{"href":"https:\/\/store.astieks.com\/et\/wp-json\/wp\/v2\/types\/product"}],"version-history":[{"count":1,"href":"https:\/\/store.astieks.com\/et\/wp-json\/wp\/v2\/product\/20252\/revisions"}],"predecessor-version":[{"id":20254,"href":"https:\/\/store.astieks.com\/et\/wp-json\/wp\/v2\/product\/20252\/revisions\/20254"}],"wp:featuredmedia":[{"embeddable":true,"href":"https:\/\/store.astieks.com\/et\/wp-json\/wp\/v2\/media\/15550"}],"wp:attachment":[{"href":"https:\/\/store.astieks.com\/et\/wp-json\/wp\/v2\/media?parent=20252"}],"wp:term":[{"taxonomy":"product_brand","embeddable":true,"href":"https:\/\/store.astieks.com\/et\/wp-json\/wp\/v2\/product_brand?post=20252"},{"taxonomy":"product_cat","embeddable":true,"href":"https:\/\/store.astieks.com\/et\/wp-json\/wp\/v2\/product_cat?post=20252"},{"taxonomy":"product_tag","embeddable":true,"href":"https:\/\/store.astieks.com\/et\/wp-json\/wp\/v2\/product_tag?post=20252"}],"curies":[{"name":"wp","href":"https:\/\/api.w.org\/{rel}","templated":true}]}}