{"id":20251,"date":"2025-09-02T17:27:49","date_gmt":"2025-09-02T15:27:49","guid":{"rendered":"https:\/\/store.astieks.com\/product\/yachts-the-impossible-collection\/"},"modified":"2025-09-02T17:27:49","modified_gmt":"2025-09-02T15:27:49","slug":"yachts-the-impossible-collection","status":"publish","type":"product","link":"https:\/\/store.astieks.com\/et\/product\/yachts-the-impossible-collection\/","title":{"rendered":"ASSOULINE Yachts: V\u00f5imatu kollektsioon"},"content":{"rendered":"<p>AUTORIST<\/p>\n<p>Miriam Cain on \u00dchendkuningriigis tegutsev luksusajakirjanik ja toimetaja, kes on spetsialiseerunud superjahtide valdkonnale juba kaks aastak\u00fcmmet. Ta on t\u00f6\u00f6tanud mitmetes toimetuse ja suhtekorralduse rollides, sealhulgas ajakirjade Elite Traveler Superyachts ja SEA+I Magazine toimetajana. Praegu on Cain jahi- ja elustiiliv\u00e4ljaande Navigator toimetaja ning teeb kaast\u00f6\u00f6d mitmetele rahvusvahelistele jahtimisvaldkonna v\u00e4ljaannetele vabakutselise ajakirjanikuna. <\/p>\n","protected":false},"excerpt":{"rendered":"<p><em><strong>\u00dclim kollektsioon<\/strong><\/em><\/p>\n<p>Juba aegade algusest on monarhid, aadlikud ja aristokraadid ihaldanud veeta oma vaba aega vee peal. Alates Cleopatra legendaarsest luksuspargast kuni Tema Majesteedi kuningliku jahini Britannia, alates elegantsetest d\u017e\u00e4ssiajastu alustest nagu Nahlin, mida kunagi rentisid kuningas Edward VIII ja Wallis Simpson, kuni 1960. aastate s\u00e4rava Hollywoodi eliidini, kes oli kutsutud Aristoteles Onassise jahile Christina O \u2013 jahimaailm on alati k\u00f6itnud kuulsusi, k\u00f5rgseltskonda ja maailma j\u00f5ukaimat 0,1%.<br \/>Kuid kuna t\u00e4nap\u00e4eval kuulub maailma laevastikku \u00fcle kolme tuhande suure jahi, r\u00e4\u00e4kimata neist legendaarsetest alustest, mida enam ei eksisteeri, tekib k\u00fcsimus: kuidas eristada selle eksklusiivse maailma t\u00f5elist paremikku?  <\/p>\n<p>Yachts: The Impossible Collection on mitmekesine ja hoolikalt kureeritud valik silmapaistvaid laevu \u2013 alates 1851. aasta jahist, mille j\u00e4rgi sai nime America\u2019s Cup, kuni 20. sajandi alguse J-klassi v\u00f5istlusjahtideni ja t\u00e4nap\u00e4evaste k\u00f5rgtehnoloogiliste megajahtideni. Siia kuuluvad nii ajatud klassikud kui ka pilkup\u00fc\u00fcdvad alused, mis julge disainiga murdsid norme ja kujundasid \u00fcmber oma ajastu.<br \/>T\u00e4nap\u00e4eval p\u00f6\u00f6ratakse \u00fcha enam t\u00e4helepanu keskkonnale ja ookeanide heaolule, mist\u00f5ttu muutub ka jahindusmaailm kiiresti, liikudes j\u00e4rjest j\u00e4tkusuutlikumate lahenduste suunas. Olgu tegu muljetavaldava suuruse, kiiruse, luksuse v\u00f5i arenenud rohetehnoloogiaga \u2013 k\u00f5ik selles \u201eunistuste jahisadamas\u201c esindatud alused on muutnud jahinduse maailma n\u00e4gu.  <\/p>\n<p>Nii kaua, kui leidub j\u00f5ukaid inimesi ja siniseid meresid avastamiseks, p\u00fcsib n\u00f5udlus nende kaunite ja peaaegu uskumatute \u201eolendite\u201c j\u00e4rele, mis nihutavad tehnoloogia, luksuse ja k\u00fclluse piire \u2014 ning uusi jahte, mis v\u00e4\u00e4rivad kohta The Impossible Collection sarjas, ehitatakse alles tulevikus.<\/p>\n<p><strong>Iga Assouline\u2019i Ultimate Collectioni ostuga kaasnevad kingitusena valged kindad ja signatuuriga l\u00f5uendist kandekott.<\/strong><\/p>\n","protected":false},"featured_media":15621,"template":"","meta":{"_acf_changed":false},"product_brand":[657],"product_cat":[243,238,236],"product_tag":[],"class_list":{"0":"post-20251","1":"product","2":"type-product","3":"status-publish","4":"has-post-thumbnail","6":"product_brand-assouline","7":"product_cat-kingitused","8":"product_cat-kodu-kaunistused","9":"product_cat-raamatud","10":"nt-post-class","11":"","17":"first","18":"instock","19":"taxable","20":"shipping-taxable","21":"purchasable","22":"product-type-simple"},"acf":[],"_links":{"self":[{"href":"https:\/\/store.astieks.com\/et\/wp-json\/wp\/v2\/product\/20251","targetHints":{"allow":["GET"]}}],"collection":[{"href":"https:\/\/store.astieks.com\/et\/wp-json\/wp\/v2\/product"}],"about":[{"href":"https:\/\/store.astieks.com\/et\/wp-json\/wp\/v2\/types\/product"}],"version-history":[{"count":0,"href":"https:\/\/store.astieks.com\/et\/wp-json\/wp\/v2\/product\/20251\/revisions"}],"wp:featuredmedia":[{"embeddable":true,"href":"https:\/\/store.astieks.com\/et\/wp-json\/wp\/v2\/media\/15621"}],"wp:attachment":[{"href":"https:\/\/store.astieks.com\/et\/wp-json\/wp\/v2\/media?parent=20251"}],"wp:term":[{"taxonomy":"product_brand","embeddable":true,"href":"https:\/\/store.astieks.com\/et\/wp-json\/wp\/v2\/product_brand?post=20251"},{"taxonomy":"product_cat","embeddable":true,"href":"https:\/\/store.astieks.com\/et\/wp-json\/wp\/v2\/product_cat?post=20251"},{"taxonomy":"product_tag","embeddable":true,"href":"https:\/\/store.astieks.com\/et\/wp-json\/wp\/v2\/product_tag?post=20251"}],"curies":[{"name":"wp","href":"https:\/\/api.w.org\/{rel}","templated":true}]}}