{"id":20250,"date":"2025-08-19T13:37:46","date_gmt":"2025-08-19T11:37:46","guid":{"rendered":"https:\/\/store.astieks.com\/product\/tianlong-dragon-sculpture\/"},"modified":"2025-08-19T13:37:46","modified_gmt":"2025-08-19T11:37:46","slug":"tianlong-dragon-sculpture","status":"publish","type":"product","link":"https:\/\/store.astieks.com\/et\/product\/tianlong-dragon-sculpture\/","title":{"rendered":"LALIQUE Tianlong draakoni skulptuur"},"content":{"rendered":"<h3 class=\" \">Inspireerituna<\/h3>\n<div class=\"rte left\">\n<p>2024. aasta, Hiina astroloogias draakoniaasta, t\u00e4histamiseks on Lalique loonud erilise eseme.<\/p>\n<\/div>\n<ul>\n<li>l\u00e4bipaistev kristall, kuldse l\u00e4ikega<\/li>\n<li>K\u00e4sitsi valmistatud Prantsusmaal<\/li>\n<\/ul>\n","protected":false},"excerpt":{"rendered":"<p><strong><em>l\u00e4bipaistev kristall, kuldse l\u00e4ikega<\/em><\/strong><\/p>\n<p>Aadli, v\u00f5imu ja au s\u00fcmbolina on draakon Hiina astroloogias k\u00f5ige v\u00f5imsam m\u00e4rk. Selle m\u00e4rgi all s\u00fcndinud on julged, ambitsioonikad ja optimistlikud. Neid saadavad \u00f5nn ja edu.  <\/p>\n","protected":false},"featured_media":14659,"template":"","meta":{"_acf_changed":false},"product_brand":[647],"product_cat":[243,238],"product_tag":[],"class_list":{"0":"post-20250","1":"product","2":"type-product","3":"status-publish","4":"has-post-thumbnail","6":"product_brand-lalique","7":"product_cat-kingitused","8":"product_cat-kodu-kaunistused","9":"nt-post-class","10":"","16":"first","17":"instock","18":"taxable","19":"shipping-taxable","20":"purchasable","21":"product-type-simple"},"acf":[],"_links":{"self":[{"href":"https:\/\/store.astieks.com\/et\/wp-json\/wp\/v2\/product\/20250","targetHints":{"allow":["GET"]}}],"collection":[{"href":"https:\/\/store.astieks.com\/et\/wp-json\/wp\/v2\/product"}],"about":[{"href":"https:\/\/store.astieks.com\/et\/wp-json\/wp\/v2\/types\/product"}],"version-history":[{"count":0,"href":"https:\/\/store.astieks.com\/et\/wp-json\/wp\/v2\/product\/20250\/revisions"}],"wp:featuredmedia":[{"embeddable":true,"href":"https:\/\/store.astieks.com\/et\/wp-json\/wp\/v2\/media\/14659"}],"wp:attachment":[{"href":"https:\/\/store.astieks.com\/et\/wp-json\/wp\/v2\/media?parent=20250"}],"wp:term":[{"taxonomy":"product_brand","embeddable":true,"href":"https:\/\/store.astieks.com\/et\/wp-json\/wp\/v2\/product_brand?post=20250"},{"taxonomy":"product_cat","embeddable":true,"href":"https:\/\/store.astieks.com\/et\/wp-json\/wp\/v2\/product_cat?post=20250"},{"taxonomy":"product_tag","embeddable":true,"href":"https:\/\/store.astieks.com\/et\/wp-json\/wp\/v2\/product_tag?post=20250"}],"curies":[{"name":"wp","href":"https:\/\/api.w.org\/{rel}","templated":true}]}}