{"id":20249,"date":"2025-08-19T17:24:40","date_gmt":"2025-08-19T15:24:40","guid":{"rendered":"https:\/\/store.astieks.com\/product\/bacchantes-vase\/"},"modified":"2025-08-19T17:24:40","modified_gmt":"2025-08-19T15:24:40","slug":"bacchantes-vase","status":"publish","type":"product","link":"https:\/\/store.astieks.com\/et\/product\/bacchantes-vase\/","title":{"rendered":"LALIQUE Bacchantes vaas"},"content":{"rendered":"<ul>\n<li>pronksitooni kristall<\/li>\n<li>Suurused: H 24 x D 18.9 cm<\/li>\n<li>Kaal: 5.9 kg<\/li>\n<li>K\u00e4sitsi valmistatud Prantsusmaal<\/li>\n<\/ul>\n","protected":false},"excerpt":{"rendered":"<p><em><strong>pronksitooni kristall<\/strong><\/em><\/p>\n<p>1927 aastal viis Ren\u00e9 Lalique\u2019i piiritu kujutlusv\u00f5ime ja loominguline geenius Bacchantesi vaasi loomiseni.Selle ikoonilise disaini kujunduses on kujutatud Bacchuse noori preestrinnasid, kellele on omane lopsakas ilu ja graatsilised kehakumerused. Tegemist on erakordselt kauni teosega, mille hiilgus ja sensuaalsus lummavad imetlejaid t\u00e4naseni. <\/p>\n<p>Alates selle esimesest v\u00e4ljaandest on see olnud Lalique kollektsiooni p\u00f5hiline ese ning saanud p\u00fcsivaks s\u00fcmboliks Lalique\u2019i tunnustatud stiilist.<\/p>\n","protected":false},"featured_media":14809,"template":"","meta":{"_acf_changed":false},"product_brand":[647],"product_cat":[238,285,283],"product_tag":[],"class_list":{"0":"post-20249","1":"product","2":"type-product","3":"status-publish","4":"has-post-thumbnail","6":"product_brand-lalique","7":"product_cat-kodu-kaunistused","8":"product_cat-kristall","9":"product_cat-vaasid","10":"nt-post-class","11":"","17":"first","18":"instock","19":"taxable","20":"shipping-taxable","21":"purchasable","22":"product-type-simple"},"acf":[],"_links":{"self":[{"href":"https:\/\/store.astieks.com\/et\/wp-json\/wp\/v2\/product\/20249","targetHints":{"allow":["GET"]}}],"collection":[{"href":"https:\/\/store.astieks.com\/et\/wp-json\/wp\/v2\/product"}],"about":[{"href":"https:\/\/store.astieks.com\/et\/wp-json\/wp\/v2\/types\/product"}],"version-history":[{"count":0,"href":"https:\/\/store.astieks.com\/et\/wp-json\/wp\/v2\/product\/20249\/revisions"}],"wp:featuredmedia":[{"embeddable":true,"href":"https:\/\/store.astieks.com\/et\/wp-json\/wp\/v2\/media\/14809"}],"wp:attachment":[{"href":"https:\/\/store.astieks.com\/et\/wp-json\/wp\/v2\/media?parent=20249"}],"wp:term":[{"taxonomy":"product_brand","embeddable":true,"href":"https:\/\/store.astieks.com\/et\/wp-json\/wp\/v2\/product_brand?post=20249"},{"taxonomy":"product_cat","embeddable":true,"href":"https:\/\/store.astieks.com\/et\/wp-json\/wp\/v2\/product_cat?post=20249"},{"taxonomy":"product_tag","embeddable":true,"href":"https:\/\/store.astieks.com\/et\/wp-json\/wp\/v2\/product_tag?post=20249"}],"curies":[{"name":"wp","href":"https:\/\/api.w.org\/{rel}","templated":true}]}}