{"id":20246,"date":"2025-08-19T17:30:19","date_gmt":"2025-08-19T15:30:19","guid":{"rendered":"https:\/\/store.astieks.com\/product\/bacchantes-small-vase-2\/"},"modified":"2025-08-19T17:30:19","modified_gmt":"2025-08-19T15:30:19","slug":"bacchantes-small-vase-2","status":"publish","type":"product","link":"https:\/\/store.astieks.com\/et\/product\/bacchantes-small-vase-2\/","title":{"rendered":"LALIQUE Bacchantes v\u00e4ike vaas"},"content":{"rendered":"<ul>\n<li>Must kristall<\/li>\n<li>Suurused: H 14.6 x D 12.3 cm<\/li>\n<li>Kaal: 1.4 kg<\/li>\n<li>K\u00e4sitsi valmistatud Prantsusmaal<\/li>\n<\/ul>\n","protected":false},"excerpt":{"rendered":"<p><em>Must kristall<\/em><\/p>\n<p>1927. aastal viis Ren\u00e9 Lalique piiritu kujutlusv\u00f5ime ja loov geenius Bacchantes\u2019i vaasi loomiseni.<\/p>\n<p>Oma julgelt v\u00f5rgutava ja veidi provokatiivse sensuaalsusega pakuvad Bacchuse noored preestrinnad oma ilu ja kauneid vorme.<\/p>\n<p>T\u00e4na on see majesteetlik ood naiselikkusele \u00fcmber t\u00f5lgendatud v\u00e4iksemas vaasisuuruses; skulpturaalsete aktide ring on Lalique\u2019ile iseloomulik stiilielement. Satiinviimistlusega kristall meenutab naha pehmust, samas kui valguse m\u00e4ng annab kunstniku k\u00e4e all vormitud esemele elu ja liikumise. <\/p>\n","protected":false},"featured_media":14818,"template":"","meta":{"_acf_changed":false},"product_brand":[647],"product_cat":[238,285,283],"product_tag":[],"class_list":{"0":"post-20246","1":"product","2":"type-product","3":"status-publish","4":"has-post-thumbnail","6":"product_brand-lalique","7":"product_cat-kodu-kaunistused","8":"product_cat-kristall","9":"product_cat-vaasid","10":"nt-post-class","11":"","17":"first","18":"instock","19":"taxable","20":"shipping-taxable","21":"purchasable","22":"product-type-simple"},"acf":[],"_links":{"self":[{"href":"https:\/\/store.astieks.com\/et\/wp-json\/wp\/v2\/product\/20246","targetHints":{"allow":["GET"]}}],"collection":[{"href":"https:\/\/store.astieks.com\/et\/wp-json\/wp\/v2\/product"}],"about":[{"href":"https:\/\/store.astieks.com\/et\/wp-json\/wp\/v2\/types\/product"}],"version-history":[{"count":0,"href":"https:\/\/store.astieks.com\/et\/wp-json\/wp\/v2\/product\/20246\/revisions"}],"wp:featuredmedia":[{"embeddable":true,"href":"https:\/\/store.astieks.com\/et\/wp-json\/wp\/v2\/media\/14818"}],"wp:attachment":[{"href":"https:\/\/store.astieks.com\/et\/wp-json\/wp\/v2\/media?parent=20246"}],"wp:term":[{"taxonomy":"product_brand","embeddable":true,"href":"https:\/\/store.astieks.com\/et\/wp-json\/wp\/v2\/product_brand?post=20246"},{"taxonomy":"product_cat","embeddable":true,"href":"https:\/\/store.astieks.com\/et\/wp-json\/wp\/v2\/product_cat?post=20246"},{"taxonomy":"product_tag","embeddable":true,"href":"https:\/\/store.astieks.com\/et\/wp-json\/wp\/v2\/product_tag?post=20246"}],"curies":[{"name":"wp","href":"https:\/\/api.w.org\/{rel}","templated":true}]}}