{"id":20208,"date":"2025-09-05T11:53:53","date_gmt":"2025-09-05T09:53:53","guid":{"rendered":"https:\/\/store.astieks.com\/product\/louis-vuitton-manufactures\/"},"modified":"2025-09-05T11:53:53","modified_gmt":"2025-09-05T09:53:53","slug":"louis-vuitton-manufactures","status":"publish","type":"product","link":"https:\/\/store.astieks.com\/et\/product\/louis-vuitton-manufactures\/","title":{"rendered":"ASSOULINE Louis Vuitton Manufactures \u2013 raamat"},"content":{"rendered":"<p>Nicholas Foulkes on ajakirjanik ja ajaloolane, kes on kaast\u00f6\u00f6taja v\u00e4ljaannetele nagu Vanity Fair, Financial Timesi How to Spend It ja The Rake Magazine ning Briti GQ luksusvaldkonna toimetaja. Ta on tuntud oma 19. sajandi Briti ajaloo triloogia poolest (\u201eLast of the Dandies\u201c, \u201eDancing into Battle\u201c, \u201eGentlemen and Blackguards\u201c) ning on avaldanud ligikaudu kolmk\u00fcmmend raamatut ajaloost, kunstist ja stiilist.<br \/>Tema viimaste t\u00f6\u00f6de hulka kuuluvad kunstnik Bernard Buffet elulugu (Random House) ning \u201eTime Tamed\u201c, mis k\u00e4sitleb inimkonna ajam\u00f5\u00f5tmise arengut paleoliitikumist kuni kuumaandumiseni (Simon &amp; Schuster).<br \/>Tema teosed Assouline jaoks h\u00f5lmavad muu hulgas \u201eBals: Legendary Costume Balls of the Twentieth Century\u201c (2011), \u201eSwans: Legends of the Jet Society\u201c (2013), \u201eThe Impossible Collection of Watches\u201c (2014) ja \u201eJaeger-LeCoultre Reverso\u201c (2020).   <\/p>\n<p>Louis Vuittonist<br \/>\nAlates 1854. aastast on Louis Vuitton toonud maailma ainulaadseid disaine, \u00fchendades innovatsiooni ja stiili ning p\u00fc\u00fceldes alati k\u00f5rgeima kvaliteedi poole. T\u00e4nap\u00e4eval j\u00e4\u00e4b br\u00e4nd truuks oma asutaja Louis Vuittoni vaimule, kes l\u00f5i ehtsa \u201ereisikunsti\u201c pagasi, kottide ja aksessuaaride kaudu, mis olid samaaegselt loovad, elegantsed ja praktilised.<br \/>Sellest ajast alates on julge l\u00e4henemine kujundanud Louis Vuitton ajalugu. Oma p\u00e4randile truuks j\u00e4\u00e4des on br\u00e4nd aastate jooksul teinud koost\u00f6\u00f6d arhitektide, kunstnike ja disaineritega ning arendanud edasi valdkondi nagu valmisr\u00f5ivad, jalatsid, aksessuaarid, kellad, ehted ja parf\u00fc\u00fcmid. Need hoolikalt loodud tooted peegeldavad Louis Vuitton p\u00fchendumust meisterlikule k\u00e4sit\u00f6\u00f6le.    <\/p>\n","protected":false},"excerpt":{"rendered":"<p><em><strong>The Classic Collection &#8211; Klassikute kollektsioon<\/strong><\/em><\/p>\n<p class=\"p1\">Louis Vuitton edendab ideed, et ateljee v\u00f5ib olla eneseteostuse ja individuaalsuse paik. See on keskkond, kus oskusteavet (savoir-faire) saab \u00f5ppida, austada ja edasi anda ning kus innovatsiooni arendavad k\u00e4sit\u00f6\u00f6lised, kes pidevalt seavad kahtluse alla traditsioonilise t\u00f6\u00f6koja kuvandi.<br \/>Piirkondliku oskusteabe ja k\u00e4sit\u00f6\u00f6meisterlikkuse otsinguil paiknevad Louis Vuitton ateljeed \u00fcle kogu Prantsusmaa ja ka v\u00e4ljaspool seda \u2014 n\u00e4iteks Genfis (\u0160veits), Fiesso d\u2019Articos (Itaalia) ja isegi Texases (USA). Sageli asuvad t\u00f6\u00f6kojad ajaloolise t\u00e4htsusega v\u00f5i looduskaunites paikades: Normandias asuv Ducey ateljee paikneb nii, et sealt avaneb vaade Mont-Saint-Michelile, ning Beaulieu-sur-Layon\u2019 ateljee on valgusk\u00fcllane ja loodud v\u00e4ikese keskkonnam\u00f5juga.   <\/p>\n<h3 class=\"quote-callout fadeup\">P\u00f5him\u00f5tteliselt ei ole see pagasist, vaid innovatsioonist.<\/h3>\n<h4 class=\"quote-author caption\">\u2014 Michael Burke, Louis Vuitton juhatuse esimees ja tegevjuht<\/h4>\n<p class=\"p1\">Raamat sisaldab spetsiaalselt selle v\u00e4ljaande jaoks tellitud fotosid ning tutvustab Louis Vuitton ateljeede erakordseid asukohti ja hooneid, samuti samu erakordseid k\u00e4sit\u00f6\u00f6lisi, kes v\u00e4ljendavad oma annet br\u00e4ndi loomingus (kohvrid, kotid, parf\u00fc\u00fcmid, kellad, jalatsid, k\u00f5rgjuveelid ja valmisr\u00f5ivad), kandes asutaja tehnikad ja oskusteabe \u00fcle 21. sajandisse. See raamat on p\u00fchendatud just neile ateljeedele ja seal t\u00f6\u00f6tavatele inspireerivatele inimestele. <\/p>\n","protected":false},"featured_media":15690,"template":"","meta":{"_acf_changed":false},"product_brand":[657],"product_cat":[243,238,236],"product_tag":[],"class_list":{"0":"post-20208","1":"product","2":"type-product","3":"status-publish","4":"has-post-thumbnail","6":"product_brand-assouline","7":"product_cat-kingitused","8":"product_cat-kodu-kaunistused","9":"product_cat-raamatud","10":"nt-post-class","11":"","17":"first","18":"instock","19":"taxable","20":"shipping-taxable","21":"purchasable","22":"product-type-simple"},"acf":[],"_links":{"self":[{"href":"https:\/\/store.astieks.com\/et\/wp-json\/wp\/v2\/product\/20208","targetHints":{"allow":["GET"]}}],"collection":[{"href":"https:\/\/store.astieks.com\/et\/wp-json\/wp\/v2\/product"}],"about":[{"href":"https:\/\/store.astieks.com\/et\/wp-json\/wp\/v2\/types\/product"}],"version-history":[{"count":0,"href":"https:\/\/store.astieks.com\/et\/wp-json\/wp\/v2\/product\/20208\/revisions"}],"wp:featuredmedia":[{"embeddable":true,"href":"https:\/\/store.astieks.com\/et\/wp-json\/wp\/v2\/media\/15690"}],"wp:attachment":[{"href":"https:\/\/store.astieks.com\/et\/wp-json\/wp\/v2\/media?parent=20208"}],"wp:term":[{"taxonomy":"product_brand","embeddable":true,"href":"https:\/\/store.astieks.com\/et\/wp-json\/wp\/v2\/product_brand?post=20208"},{"taxonomy":"product_cat","embeddable":true,"href":"https:\/\/store.astieks.com\/et\/wp-json\/wp\/v2\/product_cat?post=20208"},{"taxonomy":"product_tag","embeddable":true,"href":"https:\/\/store.astieks.com\/et\/wp-json\/wp\/v2\/product_tag?post=20208"}],"curies":[{"name":"wp","href":"https:\/\/api.w.org\/{rel}","templated":true}]}}