{"id":20207,"date":"2025-09-05T12:09:49","date_gmt":"2025-09-05T10:09:49","guid":{"rendered":"https:\/\/store.astieks.com\/product\/james-bond-destinations\/"},"modified":"2025-09-05T12:09:49","modified_gmt":"2025-09-05T10:09:49","slug":"james-bond-destinations","status":"publish","type":"product","link":"https:\/\/store.astieks.com\/et\/product\/james-bond-destinations\/","title":{"rendered":"ASSOULINE James Bond Destinations \u2013 raamat"},"content":{"rendered":"<p>Daniel Pembrey on Henk van der Poli detektiivromaanide autor, mis on kriminaalromaanide sari, mille tegevus toimub Amsterdamis. Ajakirjanikuna on Pembrey teinud kaast\u00f6\u00f6d v\u00e4ljaannetele nagu Architectural Digest, The Telegraph, Cond\u00e9 Nast Traveller, The Independent ja Financial Times. P\u00fchendunud 007 f\u00e4nn ning sagedane toimetuslik koost\u00f6\u00f6partner EON Productions-iga, elab ta otse \u00fcle King\u2019s Roadi Bondi v\u00e4ljam\u00f5eldud korteri vastas Chelsea\u2019s Londonis.  <\/p>\n","protected":false},"excerpt":{"rendered":"<p><strong>The Classics Collection &#8211; Klassikute kollektsioon <\/strong><\/p>\n<p>1962. aastal tegi James Bond oma kinodeb\u00fc\u00fcdi filmis Dr. No, kehtestades uue kinostandardi r\u00e4ndava salaagendina 007. Londonist Jamaicale ja kaugemalegi on Bondi seiklused ulatunud \u00fcle kogu maailma, viies vaatajad viimase kuue aastak\u00fcmne jooksul enam kui sajakonda p\u00e4ris asukohta. <\/p>\n<p>Raamatus James Bond Destinations saab avastada ikoonilisi paiku, mis on m\u00e4nginud olulist rolli James Bond maailmar\u00e4nduri seiklustes. Iga peat\u00fckk pakub siseringi vaateid ja unustamatuid stseene, nagu Ursula Andressi ilmumine Jamaica vetest, Daniel Craigi kiire autode tagaajamine Roomas ning Roger Moorei epiline vastasseis Rio Sugarloafi k\u00f6israudteel. <\/p>\n<p>1960. aastate alguses ja keskel, kui rahvusvaheline reisimine oli haruldane, k\u00f6itsid James Bond film series filmid publikut, s\u00fctitades unistusi glamuursetest puhkusereisidest ning kinnistades frantsiisi kui usaldusv\u00e4\u00e4rse teejuhi seiklusteni. Barbara Broccoli, algse Bondi produtsendi t\u00fctar, meenutab, kuidas tema isa eesm\u00e4rk oli viia inimesed maagilistele seiklustele. <\/p>\n<p>Kui reisimine muutus k\u00e4ttesaadavamaks, arenes ka James Bond film series kogemus, et ajaga kaasas k\u00e4ia. Produtsendid nagu Michael G. Wilson leidsid uusi ja seni avastamata asukohti v\u00f5i muutsid tuntud paigad muljetavaldavateks v\u00f5ttekohtadeks, tagades, et iga Bondi film pakub endiselt avastamisr\u00f5\u00f5mu ja p\u00f5nevust. N\u00e4iteks n\u00f5udis Rooma t\u00e4navate kasutamine filmis Spectre hoolikat lavastamist ning Veneetsia Suur kanal suleti esmakordselt sajandite jooksul filmi Casino Royale jaoks, v\u00f5imaldades Daniel Craigi kehastatud Bondil takistamatult m\u00f6\u00f6da kanalit s\u00f5ita.  <\/p>\n<h3 class=\"quote-callout fadeup\">Need sihtkohad ei ole pelgalt taustad ega isegi mitte lihtsalt tegelasi kujundavad keskkonnad. Meie filmides on need ise tegelased. <\/h3>\n<h4 class=\"quote-author caption\">\u2014 Michael G. Wilson ja Barbara Broccoli, 007 producers<\/h4>\n","protected":false},"featured_media":15707,"template":"","meta":{"_acf_changed":false},"product_brand":[657],"product_cat":[243,238,236],"product_tag":[],"class_list":{"0":"post-20207","1":"product","2":"type-product","3":"status-publish","4":"has-post-thumbnail","6":"product_brand-assouline","7":"product_cat-kingitused","8":"product_cat-kodu-kaunistused","9":"product_cat-raamatud","10":"nt-post-class","11":"","17":"first","18":"outofstock","19":"taxable","20":"shipping-taxable","21":"purchasable","22":"product-type-simple"},"acf":[],"_links":{"self":[{"href":"https:\/\/store.astieks.com\/et\/wp-json\/wp\/v2\/product\/20207","targetHints":{"allow":["GET"]}}],"collection":[{"href":"https:\/\/store.astieks.com\/et\/wp-json\/wp\/v2\/product"}],"about":[{"href":"https:\/\/store.astieks.com\/et\/wp-json\/wp\/v2\/types\/product"}],"version-history":[{"count":0,"href":"https:\/\/store.astieks.com\/et\/wp-json\/wp\/v2\/product\/20207\/revisions"}],"wp:featuredmedia":[{"embeddable":true,"href":"https:\/\/store.astieks.com\/et\/wp-json\/wp\/v2\/media\/15707"}],"wp:attachment":[{"href":"https:\/\/store.astieks.com\/et\/wp-json\/wp\/v2\/media?parent=20207"}],"wp:term":[{"taxonomy":"product_brand","embeddable":true,"href":"https:\/\/store.astieks.com\/et\/wp-json\/wp\/v2\/product_brand?post=20207"},{"taxonomy":"product_cat","embeddable":true,"href":"https:\/\/store.astieks.com\/et\/wp-json\/wp\/v2\/product_cat?post=20207"},{"taxonomy":"product_tag","embeddable":true,"href":"https:\/\/store.astieks.com\/et\/wp-json\/wp\/v2\/product_tag?post=20207"}],"curies":[{"name":"wp","href":"https:\/\/api.w.org\/{rel}","templated":true}]}}